{"id":729,"date":"2025-04-10T17:39:32","date_gmt":"2025-04-10T17:39:32","guid":{"rendered":"https:\/\/blauwfashion.com\/?post_type=product&#038;p=729"},"modified":"2025-05-01T19:16:39","modified_gmt":"2025-05-01T17:16:39","slug":"bluzka-hiszpanka-z-marszczonymi-rekawami","status":"publish","type":"product","link":"https:\/\/blauwfashion.com\/pl\/bluzka-hiszpanka-z-marszczonymi-rekawami\/","title":{"rendered":"Bluzka Hiszpanka z marszczonymi r\u0119kawami"},"content":{"rendered":"<p class=\"\" data-start=\"0\" data-end=\"455\">Bluzka hiszpanka to stylowy wyb\u00f3r, kt\u00f3ry \u0142\u0105czy w sobie elegancj\u0119 z wygod\u0105. Z lu\u017anym krojem i elastycznym \u015bci\u0105gaczem w okolicach dekoltu, mo\u017cna j\u0105 nosi\u0107 zar\u00f3wno na ramionach, jak i ods\u0142oni\u0107 je, tworz\u0105c efektowny look. D\u0142ugie, szerokie r\u0119kawy zako\u0144czone elastycznym mankietem nadaj\u0105 jej lekko\u015b\u0107 i zwiewno\u015b\u0107, podkre\u015blaj\u0105c romantyczny charakter stylizacji. Bluzka \u015bwietnie komponuje si\u0119 z jeansami, sp\u00f3dnic\u0105 czy szortami, dzi\u0119ki czemu jest bardzo uniwersalna.<\/p>\n<p class=\"\" data-start=\"457\" data-end=\"791\">Jej prosty, ale elegancki design sprawia, \u017ce jest doskona\u0142a na wiele okazji \u2013 od codziennych wyj\u015b\u0107, po wieczorne spotkania czy wakacyjne dni. Idealna na wiosn\u0119 i lato, kiedy szukamy czego\u015b lekkiego, ale wci\u0105\u017c stylowego. Dzi\u0119ki uniwersalnemu rozmiarowi, bluzka dopasowuje si\u0119 do sylwetki, zapewniaj\u0105c wygod\u0119 i komfort przez ca\u0142y dzie\u0144.<\/p>\n","protected":false},"excerpt":{"rendered":"<p>Stylowa bluzka hiszpanka z elastycznym \u015bci\u0105gaczem i szerokimi r\u0119kawami. Idealna na lato, pasuje do szort\u00f3w, sp\u00f3dnic i jeans\u00f3w.<\/p>\n","protected":false},"featured_media":730,"comment_status":"open","ping_status":"closed","template":"","meta":{"ocean_post_layout":"","ocean_both_sidebars_style":"","ocean_both_sidebars_content_width":0,"ocean_both_sidebars_sidebars_width":0,"ocean_sidebar":"0","ocean_second_sidebar":"0","ocean_disable_margins":"enable","ocean_add_body_class":"","ocean_shortcode_before_top_bar":"","ocean_shortcode_after_top_bar":"","ocean_shortcode_before_header":"","ocean_shortcode_after_header":"","ocean_has_shortcode":"","ocean_shortcode_after_title":"","ocean_shortcode_before_footer_widgets":"","ocean_shortcode_after_footer_widgets":"","ocean_shortcode_before_footer_bottom":"","ocean_shortcode_after_footer_bottom":"","ocean_display_top_bar":"default","ocean_display_header":"default","ocean_header_style":"","ocean_center_header_left_menu":"0","ocean_custom_header_template":"0","ocean_custom_logo":0,"ocean_custom_retina_logo":0,"ocean_custom_logo_max_width":0,"ocean_custom_logo_tablet_max_width":0,"ocean_custom_logo_mobile_max_width":0,"ocean_custom_logo_max_height":0,"ocean_custom_logo_tablet_max_height":0,"ocean_custom_logo_mobile_max_height":0,"ocean_header_custom_menu":"0","ocean_menu_typo_font_family":"0","ocean_menu_typo_font_subset":"","ocean_menu_typo_font_size":0,"ocean_menu_typo_font_size_tablet":0,"ocean_menu_typo_font_size_mobile":0,"ocean_menu_typo_font_size_unit":"px","ocean_menu_typo_font_weight":"","ocean_menu_typo_font_weight_tablet":"","ocean_menu_typo_font_weight_mobile":"","ocean_menu_typo_transform":"","ocean_menu_typo_transform_tablet":"","ocean_menu_typo_transform_mobile":"","ocean_menu_typo_line_height":0,"ocean_menu_typo_line_height_tablet":0,"ocean_menu_typo_line_height_mobile":0,"ocean_menu_typo_line_height_unit":"","ocean_menu_typo_spacing":0,"ocean_menu_typo_spacing_tablet":0,"ocean_menu_typo_spacing_mobile":0,"ocean_menu_typo_spacing_unit":"","ocean_menu_link_color":"","ocean_menu_link_color_hover":"","ocean_menu_link_color_active":"","ocean_menu_link_background":"","ocean_menu_link_hover_background":"","ocean_menu_link_active_background":"","ocean_menu_social_links_bg":"","ocean_menu_social_hover_links_bg":"","ocean_menu_social_links_color":"","ocean_menu_social_hover_links_color":"","ocean_disable_title":"default","ocean_disable_heading":"default","ocean_post_title":"","ocean_post_subheading":"","ocean_post_title_style":"","ocean_post_title_background_color":"","ocean_post_title_background":0,"ocean_post_title_bg_image_position":"","ocean_post_title_bg_image_attachment":"","ocean_post_title_bg_image_repeat":"","ocean_post_title_bg_image_size":"","ocean_post_title_height":0,"ocean_post_title_bg_overlay":0.5,"ocean_post_title_bg_overlay_color":"","ocean_disable_breadcrumbs":"default","ocean_breadcrumbs_color":"","ocean_breadcrumbs_separator_color":"","ocean_breadcrumbs_links_color":"","ocean_breadcrumbs_links_hover_color":"","ocean_display_footer_widgets":"default","ocean_display_footer_bottom":"default","ocean_custom_footer_template":"0"},"product_brand":[309],"product_cat":[54,33],"product_tag":[635,423,305,299,637,636,638,580,590],"class_list":{"0":"post-729","1":"product","2":"type-product","3":"status-publish","4":"has-post-thumbnail","6":"product_brand-italy","7":"product_cat-bluzki","8":"product_cat-kolekcja-damska","9":"product_tag-bluzka-z-dlugim-rekawem","10":"product_tag-bluzka-z-odkrytymi-ramionami","11":"product_tag-elegancka-bluzka","12":"product_tag-hiszpanka","13":"product_tag-kobiece-ubrania","14":"product_tag-letnia-bluzka","15":"product_tag-odziez-na-lato","16":"product_tag-styl-casualowy","17":"product_tag-wiosenna-moda","19":"entry","20":"has-media","22":"first","23":"instock","24":"shipping-taxable","25":"purchasable","26":"product-type-variable","27":"has-product-nav","28":"col","29":"span_1_of_3","30":"owp-content-center","31":"owp-thumbs-layout-horizontal","32":"owp-btn-normal","33":"owp-tabs-layout-vertical"},"_links":{"self":[{"href":"https:\/\/blauwfashion.com\/pl\/wp-json\/wp\/v2\/product\/729","targetHints":{"allow":["GET"]}}],"collection":[{"href":"https:\/\/blauwfashion.com\/pl\/wp-json\/wp\/v2\/product"}],"about":[{"href":"https:\/\/blauwfashion.com\/pl\/wp-json\/wp\/v2\/types\/product"}],"replies":[{"embeddable":true,"href":"https:\/\/blauwfashion.com\/pl\/wp-json\/wp\/v2\/comments?post=729"}],"wp:featuredmedia":[{"embeddable":true,"href":"https:\/\/blauwfashion.com\/pl\/wp-json\/wp\/v2\/media\/730"}],"wp:attachment":[{"href":"https:\/\/blauwfashion.com\/pl\/wp-json\/wp\/v2\/media?parent=729"}],"wp:term":[{"taxonomy":"product_brand","embeddable":true,"href":"https:\/\/blauwfashion.com\/pl\/wp-json\/wp\/v2\/product_brand?post=729"},{"taxonomy":"product_cat","embeddable":true,"href":"https:\/\/blauwfashion.com\/pl\/wp-json\/wp\/v2\/product_cat?post=729"},{"taxonomy":"product_tag","embeddable":true,"href":"https:\/\/blauwfashion.com\/pl\/wp-json\/wp\/v2\/product_tag?post=729"}],"curies":[{"name":"wp","href":"https:\/\/api.w.org\/{rel}","templated":true}]}}