{"id":726,"date":"2025-04-10T17:01:51","date_gmt":"2025-04-10T17:01:51","guid":{"rendered":"https:\/\/blauwfashion.com\/?post_type=product&#038;p=726"},"modified":"2025-05-01T19:18:35","modified_gmt":"2025-05-01T17:18:35","slug":"spodnico-spodenki","status":"publish","type":"product","link":"https:\/\/blauwfashion.com\/pl\/spodnico-spodenki\/","title":{"rendered":"Sp\u00f3dnico &#8211; Spodenki"},"content":{"rendered":"<p class=\"\" data-start=\"0\" data-end=\"344\">Sp\u00f3dnico-spodenki to doskona\u0142y wyb\u00f3r na ciep\u0142e dni, \u0142\u0105cz\u0105ce wygod\u0119 szort\u00f3w z eleganckim wygl\u0105dem sp\u00f3dnicy. Wykonane z wysokiej jako\u015bci denimu, oferuj\u0105 zar\u00f3wno styl, jak i komfort. Klasyczny fason z guzikami z przodu oraz subtelnym wyko\u0144czeniem w postaci fr\u0119dzli na dole nadaje im modny, lekko lu\u017any wygl\u0105d, idealny do codziennych stylizacji.<\/p>\n<p class=\"\" data-start=\"346\" data-end=\"738\">Elastyczny pas gwarantuje wygodne dopasowanie do cia\u0142a, sprawiaj\u0105c, \u017ce sp\u00f3dnico-spodenki pasuj\u0105 do r\u00f3\u017cnych sylwetek. Dzi\u0119ki swojej uniwersalno\u015bci, mog\u0105 by\u0107 noszone zar\u00f3wno na co dzie\u0144, jak i na specjalne okazje, np. spotkania ze znajomymi, wyj\u015bcia na zakupy czy letnie spacery. W po\u0142\u0105czeniu z lu\u017an\u0105 koszul\u0105 lub topem stanowi\u0105 idealn\u0105 baz\u0119 do stworzenia stylizacji w casualowym lub boho stylu.<\/p>\n<p class=\"\" data-start=\"740\" data-end=\"908\">Rozmiary: dost\u0119pne w rozmiarach S, M, L, XL, co sprawia, \u017ce mo\u017cna je dopasowa\u0107 do r\u00f3\u017cnych typ\u00f3w sylwetki, zapewniaj\u0105c komfort noszenia bez rezygnacji z modnego wygl\u0105du.<\/p>\n","protected":false},"excerpt":{"rendered":"<p>Sp\u00f3dnico-spodenki z denimu z guzikami i fr\u0119dzlami. Wygodne i stylowe \u2013 idealne na lato do codziennych i wakacyjnych stylizacji.<\/p>\n","protected":false},"featured_media":727,"comment_status":"open","ping_status":"closed","template":"","meta":{"ocean_post_layout":"","ocean_both_sidebars_style":"","ocean_both_sidebars_content_width":0,"ocean_both_sidebars_sidebars_width":0,"ocean_sidebar":"0","ocean_second_sidebar":"0","ocean_disable_margins":"enable","ocean_add_body_class":"","ocean_shortcode_before_top_bar":"","ocean_shortcode_after_top_bar":"","ocean_shortcode_before_header":"","ocean_shortcode_after_header":"","ocean_has_shortcode":"","ocean_shortcode_after_title":"","ocean_shortcode_before_footer_widgets":"","ocean_shortcode_after_footer_widgets":"","ocean_shortcode_before_footer_bottom":"","ocean_shortcode_after_footer_bottom":"","ocean_display_top_bar":"default","ocean_display_header":"default","ocean_header_style":"","ocean_center_header_left_menu":"0","ocean_custom_header_template":"0","ocean_custom_logo":0,"ocean_custom_retina_logo":0,"ocean_custom_logo_max_width":0,"ocean_custom_logo_tablet_max_width":0,"ocean_custom_logo_mobile_max_width":0,"ocean_custom_logo_max_height":0,"ocean_custom_logo_tablet_max_height":0,"ocean_custom_logo_mobile_max_height":0,"ocean_header_custom_menu":"0","ocean_menu_typo_font_family":"0","ocean_menu_typo_font_subset":"","ocean_menu_typo_font_size":0,"ocean_menu_typo_font_size_tablet":0,"ocean_menu_typo_font_size_mobile":0,"ocean_menu_typo_font_size_unit":"px","ocean_menu_typo_font_weight":"","ocean_menu_typo_font_weight_tablet":"","ocean_menu_typo_font_weight_mobile":"","ocean_menu_typo_transform":"","ocean_menu_typo_transform_tablet":"","ocean_menu_typo_transform_mobile":"","ocean_menu_typo_line_height":0,"ocean_menu_typo_line_height_tablet":0,"ocean_menu_typo_line_height_mobile":0,"ocean_menu_typo_line_height_unit":"","ocean_menu_typo_spacing":0,"ocean_menu_typo_spacing_tablet":0,"ocean_menu_typo_spacing_mobile":0,"ocean_menu_typo_spacing_unit":"","ocean_menu_link_color":"","ocean_menu_link_color_hover":"","ocean_menu_link_color_active":"","ocean_menu_link_background":"","ocean_menu_link_hover_background":"","ocean_menu_link_active_background":"","ocean_menu_social_links_bg":"","ocean_menu_social_hover_links_bg":"","ocean_menu_social_links_color":"","ocean_menu_social_hover_links_color":"","ocean_disable_title":"default","ocean_disable_heading":"default","ocean_post_title":"","ocean_post_subheading":"","ocean_post_title_style":"","ocean_post_title_background_color":"","ocean_post_title_background":0,"ocean_post_title_bg_image_position":"","ocean_post_title_bg_image_attachment":"","ocean_post_title_bg_image_repeat":"","ocean_post_title_bg_image_size":"","ocean_post_title_height":0,"ocean_post_title_bg_overlay":0.5,"ocean_post_title_bg_overlay_color":"","ocean_disable_breadcrumbs":"default","ocean_breadcrumbs_color":"","ocean_breadcrumbs_separator_color":"","ocean_breadcrumbs_links_color":"","ocean_breadcrumbs_links_hover_color":"","ocean_display_footer_widgets":"default","ocean_display_footer_bottom":"default","ocean_custom_footer_template":"0"},"product_brand":[629],"product_cat":[39,33],"product_tag":[467,365,632,633,630,634,631],"class_list":{"0":"post-726","1":"product","2":"type-product","3":"status-publish","4":"has-post-thumbnail","6":"product_brand-trang-jeans","7":"product_cat-jeans","8":"product_cat-kolekcja-damska","9":"product_tag-casualowy-styl","10":"product_tag-denim","11":"product_tag-letnia-odziez","12":"product_tag-spodnica-na-lato","13":"product_tag-spodnico-spodenki","14":"product_tag-spodnico-spodenki-damskie","15":"product_tag-szorty-z-guzikami","17":"entry","18":"has-media","20":"first","21":"instock","22":"shipping-taxable","23":"purchasable","24":"product-type-variable","25":"has-product-nav","26":"col","27":"span_1_of_3","28":"owp-content-center","29":"owp-thumbs-layout-horizontal","30":"owp-btn-normal","31":"owp-tabs-layout-vertical","32":"has-no-thumbnails"},"_links":{"self":[{"href":"https:\/\/blauwfashion.com\/pl\/wp-json\/wp\/v2\/product\/726","targetHints":{"allow":["GET"]}}],"collection":[{"href":"https:\/\/blauwfashion.com\/pl\/wp-json\/wp\/v2\/product"}],"about":[{"href":"https:\/\/blauwfashion.com\/pl\/wp-json\/wp\/v2\/types\/product"}],"replies":[{"embeddable":true,"href":"https:\/\/blauwfashion.com\/pl\/wp-json\/wp\/v2\/comments?post=726"}],"wp:featuredmedia":[{"embeddable":true,"href":"https:\/\/blauwfashion.com\/pl\/wp-json\/wp\/v2\/media\/727"}],"wp:attachment":[{"href":"https:\/\/blauwfashion.com\/pl\/wp-json\/wp\/v2\/media?parent=726"}],"wp:term":[{"taxonomy":"product_brand","embeddable":true,"href":"https:\/\/blauwfashion.com\/pl\/wp-json\/wp\/v2\/product_brand?post=726"},{"taxonomy":"product_cat","embeddable":true,"href":"https:\/\/blauwfashion.com\/pl\/wp-json\/wp\/v2\/product_cat?post=726"},{"taxonomy":"product_tag","embeddable":true,"href":"https:\/\/blauwfashion.com\/pl\/wp-json\/wp\/v2\/product_tag?post=726"}],"curies":[{"name":"wp","href":"https:\/\/api.w.org\/{rel}","templated":true}]}}