{"id":712,"date":"2025-04-10T16:31:32","date_gmt":"2025-04-10T16:31:32","guid":{"rendered":"https:\/\/blauwfashion.com\/?post_type=product&#038;p=712"},"modified":"2025-05-01T19:22:41","modified_gmt":"2025-05-01T17:22:41","slug":"spodnica-eko","status":"publish","type":"product","link":"https:\/\/blauwfashion.com\/pl\/spodnica-eko\/","title":{"rendered":"Sp\u00f3dnica eko"},"content":{"rendered":"<p class=\"\" data-start=\"0\" data-end=\"393\">Elegancka sp\u00f3dnica z eko sk\u00f3ry to must-have w ka\u017cdej kobiecej szafie, kt\u00f3ry \u0142\u0105czy w sobie wygod\u0119 i styl. Dzi\u0119ki zastosowaniu wysokiej jako\u015bci materia\u0142u, sp\u00f3dnica ma g\u0142adk\u0105, lekko b\u0142yszcz\u0105c\u0105 powierzchni\u0119, kt\u00f3ra nadaje jej nowoczesny i elegancki wygl\u0105d. Wysoki stan podkre\u015bla tali\u0119, a paskiem z ozdobn\u0105 klamr\u0105 mo\u017cna dopasowa\u0107 j\u0105 do sylwetki, dodaj\u0105c ca\u0142o\u015bci subtelnej, ale wyrazistej stylizacji.<\/p>\n<p class=\"\" data-start=\"395\" data-end=\"782\">Sp\u00f3dnica ma klasyczny kr\u00f3j, si\u0119gaj\u0105cy do po\u0142owy \u0142ydki, co czyni j\u0105 idealnym wyborem na r\u00f3\u017cne okazje \u2014 od codziennych, casualowych stylizacji po eleganckie wyj\u015bcia. Doskonale komponuje si\u0119 zar\u00f3wno z prostymi topami, jak i bardziej eleganckimi bluzkami czy koszulami. Jej uniwersalny rozmiar (do 90 cm w pasie) zapewnia komfort i dopasowanie, sprawiaj\u0105c, \u017ce pasuje do wielu typ\u00f3w sylwetek.<\/p>\n<p class=\"\" data-start=\"784\" data-end=\"1106\">Dzi\u0119ki prostej, ale efektownej konstrukcji, sp\u00f3dnica z eko sk\u00f3ry jest doskona\u0142ym elementem garderoby na ka\u017cd\u0105 por\u0119 roku. Mo\u017cna j\u0105 nosi\u0107 zar\u00f3wno latem, jak i zim\u0105, dopasowuj\u0105c do niej r\u00f3\u017cnorodne dodatki, takie jak botki czy eleganckie szpilki. To doskona\u0142y wyb\u00f3r dla kobiet, kt\u00f3re ceni\u0105 sobie modny, ale tak\u017ce wygodny look.<\/p>\n<p class=\"\" data-start=\"467\" data-end=\"616\">\n","protected":false},"excerpt":{"rendered":"<p class=\"\" data-start=\"0\" data-end=\"158\">Sp\u00f3dnica z eko sk\u00f3ry z paskiem, o klasycznym kroju, idealna do codziennych oraz eleganckich stylizacji. Rozmiar uniwersalny, pasuje na osoby do 90 cm w pasie.<\/p>\n<p class=\"\" data-start=\"160\" data-end=\"277\">\n","protected":false},"featured_media":713,"comment_status":"open","ping_status":"closed","template":"","meta":{"ocean_post_layout":"","ocean_both_sidebars_style":"","ocean_both_sidebars_content_width":0,"ocean_both_sidebars_sidebars_width":0,"ocean_sidebar":"0","ocean_second_sidebar":"0","ocean_disable_margins":"enable","ocean_add_body_class":"","ocean_shortcode_before_top_bar":"","ocean_shortcode_after_top_bar":"","ocean_shortcode_before_header":"","ocean_shortcode_after_header":"","ocean_has_shortcode":"","ocean_shortcode_after_title":"","ocean_shortcode_before_footer_widgets":"","ocean_shortcode_after_footer_widgets":"","ocean_shortcode_before_footer_bottom":"","ocean_shortcode_after_footer_bottom":"","ocean_display_top_bar":"default","ocean_display_header":"default","ocean_header_style":"","ocean_center_header_left_menu":"0","ocean_custom_header_template":"0","ocean_custom_logo":0,"ocean_custom_retina_logo":0,"ocean_custom_logo_max_width":0,"ocean_custom_logo_tablet_max_width":0,"ocean_custom_logo_mobile_max_width":0,"ocean_custom_logo_max_height":0,"ocean_custom_logo_tablet_max_height":0,"ocean_custom_logo_mobile_max_height":0,"ocean_header_custom_menu":"0","ocean_menu_typo_font_family":"0","ocean_menu_typo_font_subset":"","ocean_menu_typo_font_size":0,"ocean_menu_typo_font_size_tablet":0,"ocean_menu_typo_font_size_mobile":0,"ocean_menu_typo_font_size_unit":"px","ocean_menu_typo_font_weight":"","ocean_menu_typo_font_weight_tablet":"","ocean_menu_typo_font_weight_mobile":"","ocean_menu_typo_transform":"","ocean_menu_typo_transform_tablet":"","ocean_menu_typo_transform_mobile":"","ocean_menu_typo_line_height":0,"ocean_menu_typo_line_height_tablet":0,"ocean_menu_typo_line_height_mobile":0,"ocean_menu_typo_line_height_unit":"","ocean_menu_typo_spacing":0,"ocean_menu_typo_spacing_tablet":0,"ocean_menu_typo_spacing_mobile":0,"ocean_menu_typo_spacing_unit":"","ocean_menu_link_color":"","ocean_menu_link_color_hover":"","ocean_menu_link_color_active":"","ocean_menu_link_background":"","ocean_menu_link_hover_background":"","ocean_menu_link_active_background":"","ocean_menu_social_links_bg":"","ocean_menu_social_hover_links_bg":"","ocean_menu_social_links_color":"","ocean_menu_social_hover_links_color":"","ocean_disable_title":"default","ocean_disable_heading":"default","ocean_post_title":"","ocean_post_subheading":"","ocean_post_title_style":"","ocean_post_title_background_color":"","ocean_post_title_background":0,"ocean_post_title_bg_image_position":"","ocean_post_title_bg_image_attachment":"","ocean_post_title_bg_image_repeat":"","ocean_post_title_bg_image_size":"","ocean_post_title_height":0,"ocean_post_title_bg_overlay":0.5,"ocean_post_title_bg_overlay_color":"","ocean_disable_breadcrumbs":"default","ocean_breadcrumbs_color":"","ocean_breadcrumbs_separator_color":"","ocean_breadcrumbs_links_color":"","ocean_breadcrumbs_links_hover_color":"","ocean_display_footer_widgets":"default","ocean_display_footer_bottom":"default","ocean_custom_footer_template":"0"},"product_brand":[607],"product_cat":[33,38],"product_tag":[611,612,613,610,608,615,609,614],"class_list":{"0":"post-712","1":"product","2":"type-product","3":"status-publish","4":"has-post-thumbnail","6":"product_brand-moonlight","7":"product_cat-kolekcja-damska","8":"product_cat-spodnice","9":"product_tag-elegancka-spodnica","10":"product_tag-modna-spodnica","11":"product_tag-na-wieczor","12":"product_tag-skorzana-spodnica","13":"product_tag-spodnica-eko-skora","14":"product_tag-spodnica-na-co-dzien","15":"product_tag-spodnica-z-paskiem","16":"product_tag-stylowy-wyglad","18":"entry","19":"has-media","21":"first","22":"instock","23":"shipping-taxable","24":"purchasable","25":"product-type-simple","26":"has-product-nav","27":"col","28":"span_1_of_3","29":"owp-content-center","30":"owp-thumbs-layout-horizontal","31":"owp-btn-normal","32":"owp-tabs-layout-vertical","33":"has-no-thumbnails"},"_links":{"self":[{"href":"https:\/\/blauwfashion.com\/pl\/wp-json\/wp\/v2\/product\/712","targetHints":{"allow":["GET"]}}],"collection":[{"href":"https:\/\/blauwfashion.com\/pl\/wp-json\/wp\/v2\/product"}],"about":[{"href":"https:\/\/blauwfashion.com\/pl\/wp-json\/wp\/v2\/types\/product"}],"replies":[{"embeddable":true,"href":"https:\/\/blauwfashion.com\/pl\/wp-json\/wp\/v2\/comments?post=712"}],"wp:featuredmedia":[{"embeddable":true,"href":"https:\/\/blauwfashion.com\/pl\/wp-json\/wp\/v2\/media\/713"}],"wp:attachment":[{"href":"https:\/\/blauwfashion.com\/pl\/wp-json\/wp\/v2\/media?parent=712"}],"wp:term":[{"taxonomy":"product_brand","embeddable":true,"href":"https:\/\/blauwfashion.com\/pl\/wp-json\/wp\/v2\/product_brand?post=712"},{"taxonomy":"product_cat","embeddable":true,"href":"https:\/\/blauwfashion.com\/pl\/wp-json\/wp\/v2\/product_cat?post=712"},{"taxonomy":"product_tag","embeddable":true,"href":"https:\/\/blauwfashion.com\/pl\/wp-json\/wp\/v2\/product_tag?post=712"}],"curies":[{"name":"wp","href":"https:\/\/api.w.org\/{rel}","templated":true}]}}