{"id":705,"date":"2025-04-10T16:20:22","date_gmt":"2025-04-10T16:20:22","guid":{"rendered":"https:\/\/blauwfashion.com\/?post_type=product&#038;p=705"},"modified":"2025-05-01T19:25:09","modified_gmt":"2025-05-01T17:25:09","slug":"koszula-z-paseczkiem","status":"publish","type":"product","link":"https:\/\/blauwfashion.com\/pl\/koszula-z-paseczkiem\/","title":{"rendered":"Koszula z Paseczkiem"},"content":{"rendered":"<p class=\"\" data-start=\"0\" data-end=\"563\">Koszula o swobodnym kroju z d\u0142ugimi r\u0119kawami, zapinana na guziki, doskona\u0142a zar\u00f3wno na co dzie\u0144, jak i na bardziej eleganckie wyj\u015bcia. Wykonana z lekkiego materia\u0142u, kt\u00f3ry zapewnia komfort przez ca\u0142y dzie\u0144. Posiada szerokie r\u0119kawy zako\u0144czone subtelnym \u015bci\u0105gaczem, co nadaje jej lu\u017aniejszy, modny wygl\u0105d. Koszula zosta\u0142a wyposa\u017cona w pasek, kt\u00f3ry mo\u017cna dopasowa\u0107 do sylwetki, podkre\u015blaj\u0105c tali\u0119 i nadaj\u0105c ca\u0142o\u015bci kobiecego charakteru. Idealna do noszenia z ulubionymi spodniami lub legginsami. Rozmiar uniwersalny, pasuj\u0105cy na osoby o obwodzie w biu\u015bcie do 120 cm.<\/p>\n<p class=\"\" data-start=\"565\" data-end=\"811\">To ubranie jest \u015bwietnym wyborem, gdy zale\u017cy Ci na wygodzie po\u0142\u0105czonej z elegancj\u0105, niezale\u017cnie od okazji. Dzi\u0119ki prostemu, ale eleganckiemu krojowi koszula jest \u0142atwa do stylizacji, tworz\u0105c zar\u00f3wno codzienne, jak i bardziej wyrafinowane zestawy.<\/p>\n","protected":false},"excerpt":{"rendered":"<p>Koszula z paskiem w talii i d\u0142ugimi r\u0119kawami. Lekka i wygodna \u2013 idealna na co dzie\u0144. Pasuje na osoby do 120 cm w biu\u015bcie.<\/p>\n","protected":false},"featured_media":706,"comment_status":"open","ping_status":"closed","template":"","meta":{"ocean_post_layout":"","ocean_both_sidebars_style":"","ocean_both_sidebars_content_width":0,"ocean_both_sidebars_sidebars_width":0,"ocean_sidebar":"0","ocean_second_sidebar":"0","ocean_disable_margins":"enable","ocean_add_body_class":"","ocean_shortcode_before_top_bar":"","ocean_shortcode_after_top_bar":"","ocean_shortcode_before_header":"","ocean_shortcode_after_header":"","ocean_has_shortcode":"","ocean_shortcode_after_title":"","ocean_shortcode_before_footer_widgets":"","ocean_shortcode_after_footer_widgets":"","ocean_shortcode_before_footer_bottom":"","ocean_shortcode_after_footer_bottom":"","ocean_display_top_bar":"default","ocean_display_header":"default","ocean_header_style":"","ocean_center_header_left_menu":"0","ocean_custom_header_template":"0","ocean_custom_logo":0,"ocean_custom_retina_logo":0,"ocean_custom_logo_max_width":0,"ocean_custom_logo_tablet_max_width":0,"ocean_custom_logo_mobile_max_width":0,"ocean_custom_logo_max_height":0,"ocean_custom_logo_tablet_max_height":0,"ocean_custom_logo_mobile_max_height":0,"ocean_header_custom_menu":"0","ocean_menu_typo_font_family":"0","ocean_menu_typo_font_subset":"","ocean_menu_typo_font_size":0,"ocean_menu_typo_font_size_tablet":0,"ocean_menu_typo_font_size_mobile":0,"ocean_menu_typo_font_size_unit":"px","ocean_menu_typo_font_weight":"","ocean_menu_typo_font_weight_tablet":"","ocean_menu_typo_font_weight_mobile":"","ocean_menu_typo_transform":"","ocean_menu_typo_transform_tablet":"","ocean_menu_typo_transform_mobile":"","ocean_menu_typo_line_height":0,"ocean_menu_typo_line_height_tablet":0,"ocean_menu_typo_line_height_mobile":0,"ocean_menu_typo_line_height_unit":"","ocean_menu_typo_spacing":0,"ocean_menu_typo_spacing_tablet":0,"ocean_menu_typo_spacing_mobile":0,"ocean_menu_typo_spacing_unit":"","ocean_menu_link_color":"","ocean_menu_link_color_hover":"","ocean_menu_link_color_active":"","ocean_menu_link_background":"","ocean_menu_link_hover_background":"","ocean_menu_link_active_background":"","ocean_menu_social_links_bg":"","ocean_menu_social_hover_links_bg":"","ocean_menu_social_links_color":"","ocean_menu_social_hover_links_color":"","ocean_disable_title":"default","ocean_disable_heading":"default","ocean_post_title":"","ocean_post_subheading":"","ocean_post_title_style":"","ocean_post_title_background_color":"","ocean_post_title_background":0,"ocean_post_title_bg_image_position":"","ocean_post_title_bg_image_attachment":"","ocean_post_title_bg_image_repeat":"","ocean_post_title_bg_image_size":"","ocean_post_title_height":0,"ocean_post_title_bg_overlay":0.5,"ocean_post_title_bg_overlay_color":"","ocean_disable_breadcrumbs":"default","ocean_breadcrumbs_color":"","ocean_breadcrumbs_separator_color":"","ocean_breadcrumbs_links_color":"","ocean_breadcrumbs_links_hover_color":"","ocean_display_footer_widgets":"default","ocean_display_footer_bottom":"default","ocean_custom_footer_template":"0"},"product_brand":[309],"product_cat":[483],"product_tag":[593,591,594,424,596,592,597,595,304,598],"class_list":{"0":"post-705","1":"product","2":"type-product","3":"status-publish","4":"has-post-thumbnail","6":"product_brand-italy","7":"product_cat-wyprzedaz","8":"product_tag-bezowa-koszula","9":"product_tag-elegancka-koszula","10":"product_tag-granatowa-koszula","11":"product_tag-koszula","12":"product_tag-koszula-na-co-dzien","13":"product_tag-koszula-z-paskiem","14":"product_tag-moda-na-wiosne","15":"product_tag-modna-koszula","16":"product_tag-odziez-damska","17":"product_tag-stylizacja-z-paskiem","19":"entry","20":"has-media","22":"first","23":"instock","24":"shipping-taxable","25":"purchasable","26":"product-type-variable","27":"has-product-nav","28":"col","29":"span_1_of_3","30":"owp-content-center","31":"owp-thumbs-layout-horizontal","32":"owp-btn-normal","33":"owp-tabs-layout-vertical"},"_links":{"self":[{"href":"https:\/\/blauwfashion.com\/pl\/wp-json\/wp\/v2\/product\/705","targetHints":{"allow":["GET"]}}],"collection":[{"href":"https:\/\/blauwfashion.com\/pl\/wp-json\/wp\/v2\/product"}],"about":[{"href":"https:\/\/blauwfashion.com\/pl\/wp-json\/wp\/v2\/types\/product"}],"replies":[{"embeddable":true,"href":"https:\/\/blauwfashion.com\/pl\/wp-json\/wp\/v2\/comments?post=705"}],"wp:featuredmedia":[{"embeddable":true,"href":"https:\/\/blauwfashion.com\/pl\/wp-json\/wp\/v2\/media\/706"}],"wp:attachment":[{"href":"https:\/\/blauwfashion.com\/pl\/wp-json\/wp\/v2\/media?parent=705"}],"wp:term":[{"taxonomy":"product_brand","embeddable":true,"href":"https:\/\/blauwfashion.com\/pl\/wp-json\/wp\/v2\/product_brand?post=705"},{"taxonomy":"product_cat","embeddable":true,"href":"https:\/\/blauwfashion.com\/pl\/wp-json\/wp\/v2\/product_cat?post=705"},{"taxonomy":"product_tag","embeddable":true,"href":"https:\/\/blauwfashion.com\/pl\/wp-json\/wp\/v2\/product_tag?post=705"}],"curies":[{"name":"wp","href":"https:\/\/api.w.org\/{rel}","templated":true}]}}