{"id":701,"date":"2025-04-10T16:15:37","date_gmt":"2025-04-10T16:15:37","guid":{"rendered":"https:\/\/blauwfashion.com\/?post_type=product&#038;p=701"},"modified":"2025-05-01T19:26:26","modified_gmt":"2025-05-01T17:26:26","slug":"koszula-z-falbanka","status":"publish","type":"product","link":"https:\/\/blauwfashion.com\/pl\/koszula-z-falbanka\/","title":{"rendered":"Koszula z Falbank\u0105"},"content":{"rendered":"<p class=\"\" data-start=\"0\" data-end=\"345\">Koszula o lu\u017anym kroju z subtelnymi detalami, kt\u00f3re przyci\u0105gaj\u0105 uwag\u0119. Posiada klasyczny ko\u0142nierzyk i zapi\u0119cie na guziki, co nadaje jej elegancki, ale jednocze\u015bnie casualowy charakter. R\u0119kawy zako\u0144czone s\u0105 delikatnymi wi\u0105zaniami, co dodaje lekko\u015bci i zwiewno\u015bci. D\u00f3\u0142 koszuli ozdobiony jest falban\u0105, co nadaje jej wyj\u0105tkowego stylu i kobieco\u015bci.<\/p>\n<p class=\"\" data-start=\"347\" data-end=\"615\">Jest to \u015bwietna opcja na ka\u017cd\u0105 okazj\u0119 \u2013 od codziennych stylizacji po bardziej eleganckie wyj\u015bcia. Idealna do zestawienia z jeansami, legginsami lub sp\u00f3dnic\u0105. Koszula ma uniwersalny rozmiar, pasuj\u0105cy na osoby o biu\u015bcie do 120 cm, zapewniaj\u0105c komfort i swobod\u0119 noszenia.<\/p>\n<p class=\"\" data-start=\"617\" data-end=\"882\">Wykonana z materia\u0142u, kt\u00f3ry jest przyjemny w dotyku, co sprawia, \u017ce jest wygodna do noszenia przez ca\u0142y dzie\u0144. \u015awietnie sprawdzi si\u0119 w cieplejsze dni, ale r\u00f3wnie\u017c doskonale nadaje si\u0119 do stylizacji na wiosn\u0119 i jesie\u0144, gdy po\u0142\u0105czymy j\u0105 z kardiganem lub lekk\u0105 kurtk\u0105.<\/p>\n","protected":false},"excerpt":{"rendered":"<p>Koszula z falbank\u0105, guzikami i wi\u0105zanymi r\u0119kawami. Lekka, kobieca i idealna na co dzie\u0144 oraz do eleganckich stylizacji.<\/p>\n","protected":false},"featured_media":702,"comment_status":"open","ping_status":"closed","template":"","meta":{"ocean_post_layout":"","ocean_both_sidebars_style":"","ocean_both_sidebars_content_width":0,"ocean_both_sidebars_sidebars_width":0,"ocean_sidebar":"0","ocean_second_sidebar":"0","ocean_disable_margins":"enable","ocean_add_body_class":"","ocean_shortcode_before_top_bar":"","ocean_shortcode_after_top_bar":"","ocean_shortcode_before_header":"","ocean_shortcode_after_header":"","ocean_has_shortcode":"","ocean_shortcode_after_title":"","ocean_shortcode_before_footer_widgets":"","ocean_shortcode_after_footer_widgets":"","ocean_shortcode_before_footer_bottom":"","ocean_shortcode_after_footer_bottom":"","ocean_display_top_bar":"default","ocean_display_header":"default","ocean_header_style":"","ocean_center_header_left_menu":"0","ocean_custom_header_template":"0","ocean_custom_logo":0,"ocean_custom_retina_logo":0,"ocean_custom_logo_max_width":0,"ocean_custom_logo_tablet_max_width":0,"ocean_custom_logo_mobile_max_width":0,"ocean_custom_logo_max_height":0,"ocean_custom_logo_tablet_max_height":0,"ocean_custom_logo_mobile_max_height":0,"ocean_header_custom_menu":"0","ocean_menu_typo_font_family":"0","ocean_menu_typo_font_subset":"","ocean_menu_typo_font_size":0,"ocean_menu_typo_font_size_tablet":0,"ocean_menu_typo_font_size_mobile":0,"ocean_menu_typo_font_size_unit":"px","ocean_menu_typo_font_weight":"","ocean_menu_typo_font_weight_tablet":"","ocean_menu_typo_font_weight_mobile":"","ocean_menu_typo_transform":"","ocean_menu_typo_transform_tablet":"","ocean_menu_typo_transform_mobile":"","ocean_menu_typo_line_height":0,"ocean_menu_typo_line_height_tablet":0,"ocean_menu_typo_line_height_mobile":0,"ocean_menu_typo_line_height_unit":"","ocean_menu_typo_spacing":0,"ocean_menu_typo_spacing_tablet":0,"ocean_menu_typo_spacing_mobile":0,"ocean_menu_typo_spacing_unit":"","ocean_menu_link_color":"","ocean_menu_link_color_hover":"","ocean_menu_link_color_active":"","ocean_menu_link_background":"","ocean_menu_link_hover_background":"","ocean_menu_link_active_background":"","ocean_menu_social_links_bg":"","ocean_menu_social_hover_links_bg":"","ocean_menu_social_links_color":"","ocean_menu_social_hover_links_color":"","ocean_disable_title":"default","ocean_disable_heading":"default","ocean_post_title":"","ocean_post_subheading":"","ocean_post_title_style":"","ocean_post_title_background_color":"","ocean_post_title_background":0,"ocean_post_title_bg_image_position":"","ocean_post_title_bg_image_attachment":"","ocean_post_title_bg_image_repeat":"","ocean_post_title_bg_image_size":"","ocean_post_title_height":0,"ocean_post_title_bg_overlay":0.5,"ocean_post_title_bg_overlay_color":"","ocean_disable_breadcrumbs":"default","ocean_breadcrumbs_color":"","ocean_breadcrumbs_separator_color":"","ocean_breadcrumbs_links_color":"","ocean_breadcrumbs_links_hover_color":"","ocean_display_footer_widgets":"default","ocean_display_footer_bottom":"default","ocean_custom_footer_template":"0"},"product_brand":[309],"product_cat":[483],"product_tag":[279,589,587,460,424,586,388,588,590],"class_list":{"0":"post-701","1":"product","2":"type-product","3":"status-publish","4":"has-post-thumbnail","6":"product_brand-italy","7":"product_cat-wyprzedaz","8":"product_tag-casual","9":"product_tag-elegancka","10":"product_tag-falbana","11":"product_tag-kobieca-odziez","12":"product_tag-koszula","13":"product_tag-luzny-kroj","14":"product_tag-uniwersalny-rozmiar","15":"product_tag-wiazane-rekawy","16":"product_tag-wiosenna-moda","18":"entry","19":"has-media","21":"first","22":"instock","23":"shipping-taxable","24":"purchasable","25":"product-type-variable","26":"has-product-nav","27":"col","28":"span_1_of_3","29":"owp-content-center","30":"owp-thumbs-layout-horizontal","31":"owp-btn-normal","32":"owp-tabs-layout-vertical"},"_links":{"self":[{"href":"https:\/\/blauwfashion.com\/pl\/wp-json\/wp\/v2\/product\/701","targetHints":{"allow":["GET"]}}],"collection":[{"href":"https:\/\/blauwfashion.com\/pl\/wp-json\/wp\/v2\/product"}],"about":[{"href":"https:\/\/blauwfashion.com\/pl\/wp-json\/wp\/v2\/types\/product"}],"replies":[{"embeddable":true,"href":"https:\/\/blauwfashion.com\/pl\/wp-json\/wp\/v2\/comments?post=701"}],"wp:featuredmedia":[{"embeddable":true,"href":"https:\/\/blauwfashion.com\/pl\/wp-json\/wp\/v2\/media\/702"}],"wp:attachment":[{"href":"https:\/\/blauwfashion.com\/pl\/wp-json\/wp\/v2\/media?parent=701"}],"wp:term":[{"taxonomy":"product_brand","embeddable":true,"href":"https:\/\/blauwfashion.com\/pl\/wp-json\/wp\/v2\/product_brand?post=701"},{"taxonomy":"product_cat","embeddable":true,"href":"https:\/\/blauwfashion.com\/pl\/wp-json\/wp\/v2\/product_cat?post=701"},{"taxonomy":"product_tag","embeddable":true,"href":"https:\/\/blauwfashion.com\/pl\/wp-json\/wp\/v2\/product_tag?post=701"}],"curies":[{"name":"wp","href":"https:\/\/api.w.org\/{rel}","templated":true}]}}