{"id":674,"date":"2025-04-09T18:54:16","date_gmt":"2025-04-09T18:54:16","guid":{"rendered":"https:\/\/blauwfashion.com\/?post_type=product&#038;p=674"},"modified":"2025-05-01T19:39:49","modified_gmt":"2025-05-01T17:39:49","slug":"spodnie-szwedy-z-wysokim-stanem","status":"publish","type":"product","link":"https:\/\/blauwfashion.com\/pl\/spodnie-szwedy-z-wysokim-stanem\/","title":{"rendered":"Spodnie Szwedy z wysokim stanem"},"content":{"rendered":"<p>Eleganckie, czarne spodnie z elastycznym pasem, wykonane z wygodnego materia\u0142u, kt\u00f3ry zapewnia pe\u0142n\u0105 swobod\u0119 ruch\u00f3w. Idealne na co dzie\u0144, do aktywno\u015bci fizycznych lub na casualowe wyj\u015bcia. Dzi\u0119ki szerokim nogawkom i dopasowanemu fasonowi, spodnie s\u0105 nie tylko komfortowe, ale tak\u017ce stylowe. Z subtelnym logo marki na pasie, kt\u00f3ry dodaje elegancji. Spodnie dost\u0119pne w rozmiarach S\/M, M\/L, L\/XL, oraz XL\/2XL. Doskona\u0142e po\u0142\u0105czenie sportowego stylu z elegancj\u0105.<\/p>\n","protected":false},"excerpt":{"rendered":"<p>Stylowe spodnie szwedy z wysokim stanem, szerokimi nogawkami i elastycznym pasem. Wygodne, idealne na co dzie\u0144 i do aktywno\u015bci.<\/p>\n","protected":false},"featured_media":675,"comment_status":"open","ping_status":"closed","template":"","meta":{"ocean_post_layout":"","ocean_both_sidebars_style":"","ocean_both_sidebars_content_width":0,"ocean_both_sidebars_sidebars_width":0,"ocean_sidebar":"0","ocean_second_sidebar":"0","ocean_disable_margins":"enable","ocean_add_body_class":"","ocean_shortcode_before_top_bar":"","ocean_shortcode_after_top_bar":"","ocean_shortcode_before_header":"","ocean_shortcode_after_header":"","ocean_has_shortcode":"","ocean_shortcode_after_title":"","ocean_shortcode_before_footer_widgets":"","ocean_shortcode_after_footer_widgets":"","ocean_shortcode_before_footer_bottom":"","ocean_shortcode_after_footer_bottom":"","ocean_display_top_bar":"default","ocean_display_header":"default","ocean_header_style":"","ocean_center_header_left_menu":"0","ocean_custom_header_template":"0","ocean_custom_logo":0,"ocean_custom_retina_logo":0,"ocean_custom_logo_max_width":0,"ocean_custom_logo_tablet_max_width":0,"ocean_custom_logo_mobile_max_width":0,"ocean_custom_logo_max_height":0,"ocean_custom_logo_tablet_max_height":0,"ocean_custom_logo_mobile_max_height":0,"ocean_header_custom_menu":"0","ocean_menu_typo_font_family":"0","ocean_menu_typo_font_subset":"","ocean_menu_typo_font_size":0,"ocean_menu_typo_font_size_tablet":0,"ocean_menu_typo_font_size_mobile":0,"ocean_menu_typo_font_size_unit":"px","ocean_menu_typo_font_weight":"","ocean_menu_typo_font_weight_tablet":"","ocean_menu_typo_font_weight_mobile":"","ocean_menu_typo_transform":"","ocean_menu_typo_transform_tablet":"","ocean_menu_typo_transform_mobile":"","ocean_menu_typo_line_height":0,"ocean_menu_typo_line_height_tablet":0,"ocean_menu_typo_line_height_mobile":0,"ocean_menu_typo_line_height_unit":"","ocean_menu_typo_spacing":0,"ocean_menu_typo_spacing_tablet":0,"ocean_menu_typo_spacing_mobile":0,"ocean_menu_typo_spacing_unit":"","ocean_menu_link_color":"","ocean_menu_link_color_hover":"","ocean_menu_link_color_active":"","ocean_menu_link_background":"","ocean_menu_link_hover_background":"","ocean_menu_link_active_background":"","ocean_menu_social_links_bg":"","ocean_menu_social_hover_links_bg":"","ocean_menu_social_links_color":"","ocean_menu_social_hover_links_color":"","ocean_disable_title":"default","ocean_disable_heading":"default","ocean_post_title":"","ocean_post_subheading":"","ocean_post_title_style":"","ocean_post_title_background_color":"","ocean_post_title_background":0,"ocean_post_title_bg_image_position":"","ocean_post_title_bg_image_attachment":"","ocean_post_title_bg_image_repeat":"","ocean_post_title_bg_image_size":"","ocean_post_title_height":0,"ocean_post_title_bg_overlay":0.5,"ocean_post_title_bg_overlay_color":"","ocean_disable_breadcrumbs":"default","ocean_breadcrumbs_color":"","ocean_breadcrumbs_separator_color":"","ocean_breadcrumbs_links_color":"","ocean_breadcrumbs_links_hover_color":"","ocean_display_footer_widgets":"default","ocean_display_footer_bottom":"default","ocean_custom_footer_template":"0"},"product_brand":[557],"product_cat":[33,45],"product_tag":[558,559,291,313,518,519,560,561,444,514,297,562],"class_list":{"0":"post-674","1":"product","2":"type-product","3":"status-publish","4":"has-post-thumbnail","6":"product_brand-alina","7":"product_cat-kolekcja-damska","8":"product_cat-spodnie-i-spodenki","9":"product_tag-czarne-spodnie","10":"product_tag-elastyczny-pas","11":"product_tag-modne-spodnie","12":"product_tag-spodnie","13":"product_tag-spodnie-na-co-dzien","14":"product_tag-spodnie-na-lato","15":"product_tag-spodnie-sportowe","16":"product_tag-spodnie-z-logo","17":"product_tag-sportowy-styl","18":"product_tag-szerokie-nogawki","19":"product_tag-wygodne-spodnie","20":"product_tag-wygodne-ubrania","22":"entry","23":"has-media","25":"first","26":"instock","27":"shipping-taxable","28":"purchasable","29":"product-type-variable","30":"has-product-nav","31":"col","32":"span_1_of_3","33":"owp-content-center","34":"owp-thumbs-layout-horizontal","35":"owp-btn-normal","36":"owp-tabs-layout-vertical","37":"has-no-thumbnails"},"_links":{"self":[{"href":"https:\/\/blauwfashion.com\/pl\/wp-json\/wp\/v2\/product\/674","targetHints":{"allow":["GET"]}}],"collection":[{"href":"https:\/\/blauwfashion.com\/pl\/wp-json\/wp\/v2\/product"}],"about":[{"href":"https:\/\/blauwfashion.com\/pl\/wp-json\/wp\/v2\/types\/product"}],"replies":[{"embeddable":true,"href":"https:\/\/blauwfashion.com\/pl\/wp-json\/wp\/v2\/comments?post=674"}],"wp:featuredmedia":[{"embeddable":true,"href":"https:\/\/blauwfashion.com\/pl\/wp-json\/wp\/v2\/media\/675"}],"wp:attachment":[{"href":"https:\/\/blauwfashion.com\/pl\/wp-json\/wp\/v2\/media?parent=674"}],"wp:term":[{"taxonomy":"product_brand","embeddable":true,"href":"https:\/\/blauwfashion.com\/pl\/wp-json\/wp\/v2\/product_brand?post=674"},{"taxonomy":"product_cat","embeddable":true,"href":"https:\/\/blauwfashion.com\/pl\/wp-json\/wp\/v2\/product_cat?post=674"},{"taxonomy":"product_tag","embeddable":true,"href":"https:\/\/blauwfashion.com\/pl\/wp-json\/wp\/v2\/product_tag?post=674"}],"curies":[{"name":"wp","href":"https:\/\/api.w.org\/{rel}","templated":true}]}}