{"id":539,"date":"2025-04-08T16:38:16","date_gmt":"2025-04-08T16:38:16","guid":{"rendered":"https:\/\/blauwfashion.com\/?post_type=product&#038;p=539"},"modified":"2025-05-04T13:50:29","modified_gmt":"2025-05-04T11:50:29","slug":"szwedy-czarne","status":"publish","type":"product","link":"https:\/\/blauwfashion.com\/pl\/szwedy-czarne\/","title":{"rendered":"Szwedy czarne"},"content":{"rendered":"<p class=\"\" data-start=\"0\" data-end=\"448\">Te wyj\u0105tkowe spodnie o szerokim kroju to doskona\u0142y wyb\u00f3r dla os\u00f3b ceni\u0105cych sobie komfort i elegancj\u0119. Lu\u017any fason z szerokimi nogawkami zapewnia pe\u0142n\u0105 swobod\u0119 ruch\u00f3w, a jednocze\u015bnie nadaje stylowy, lekko formalny wygl\u0105d. Spodnie maj\u0105 wysok\u0105 tali\u0119, co dodatkowo wysmukla sylwetk\u0119 i podkre\u015bla jej proporcje. Dodatkowo ozdobione s\u0105 eleganckim paskiem , kt\u00f3ry dodaje im charakteru i sprawia, \u017ce ca\u0142o\u015b\u0107 prezentuje si\u0119 modnie i nowocze\u015bnie.<\/p>\n<p class=\"\" data-start=\"450\" data-end=\"864\">Idealne na wiele okazji \u2013 od codziennych wyj\u015b\u0107, po spotkania towarzyskie czy casualowe stylizacje do pracy. Ich uniwersalny rozmiar sprawia, \u017ce pasuj\u0105 na osoby z obwodem w pasie do 90 cm, zapewniaj\u0105c wygod\u0119 bez kompromis\u00f3w na stylu. Wykonane z lekkiego, przewiewnego materia\u0142u, \u015bwietnie sprawdz\u0105 si\u0119 w cieplejsze dni, ale r\u00f3wnie\u017c w po\u0142\u0105czeniu z odzie\u017c\u0105 wierzchni\u0105 stworz\u0105 komfortowy look na ch\u0142odniejsze wieczory.<\/p>\n<p class=\"\" data-start=\"866\" data-end=\"950\">Te spodnie to must-have w szafie ka\u017cdej osoby, kt\u00f3ra lubi \u0142\u0105czy\u0107 wygod\u0119 z elegancj\u0105!<\/p>\n","protected":false},"excerpt":{"rendered":"<p>Czarne szwedy damskie z szerokimi nogawkami i eleganckim paskiem . Uniwersalny rozmiar, wygodne i stylowe na co dzie\u0144.<\/p>\n","protected":false},"featured_media":540,"comment_status":"open","ping_status":"closed","template":"","meta":{"ocean_post_layout":"","ocean_both_sidebars_style":"","ocean_both_sidebars_content_width":0,"ocean_both_sidebars_sidebars_width":0,"ocean_sidebar":"0","ocean_second_sidebar":"0","ocean_disable_margins":"enable","ocean_add_body_class":"","ocean_shortcode_before_top_bar":"","ocean_shortcode_after_top_bar":"","ocean_shortcode_before_header":"","ocean_shortcode_after_header":"","ocean_has_shortcode":"","ocean_shortcode_after_title":"","ocean_shortcode_before_footer_widgets":"","ocean_shortcode_after_footer_widgets":"","ocean_shortcode_before_footer_bottom":"","ocean_shortcode_after_footer_bottom":"","ocean_display_top_bar":"default","ocean_display_header":"default","ocean_header_style":"","ocean_center_header_left_menu":"0","ocean_custom_header_template":"0","ocean_custom_logo":0,"ocean_custom_retina_logo":0,"ocean_custom_logo_max_width":0,"ocean_custom_logo_tablet_max_width":0,"ocean_custom_logo_mobile_max_width":0,"ocean_custom_logo_max_height":0,"ocean_custom_logo_tablet_max_height":0,"ocean_custom_logo_mobile_max_height":0,"ocean_header_custom_menu":"0","ocean_menu_typo_font_family":"0","ocean_menu_typo_font_subset":"","ocean_menu_typo_font_size":0,"ocean_menu_typo_font_size_tablet":0,"ocean_menu_typo_font_size_mobile":0,"ocean_menu_typo_font_size_unit":"px","ocean_menu_typo_font_weight":"","ocean_menu_typo_font_weight_tablet":"","ocean_menu_typo_font_weight_mobile":"","ocean_menu_typo_transform":"","ocean_menu_typo_transform_tablet":"","ocean_menu_typo_transform_mobile":"","ocean_menu_typo_line_height":0,"ocean_menu_typo_line_height_tablet":0,"ocean_menu_typo_line_height_mobile":0,"ocean_menu_typo_line_height_unit":"","ocean_menu_typo_spacing":0,"ocean_menu_typo_spacing_tablet":0,"ocean_menu_typo_spacing_mobile":0,"ocean_menu_typo_spacing_unit":"","ocean_menu_link_color":"","ocean_menu_link_color_hover":"","ocean_menu_link_color_active":"","ocean_menu_link_background":"","ocean_menu_link_hover_background":"","ocean_menu_link_active_background":"","ocean_menu_social_links_bg":"","ocean_menu_social_hover_links_bg":"","ocean_menu_social_links_color":"","ocean_menu_social_hover_links_color":"","ocean_disable_title":"default","ocean_disable_heading":"default","ocean_post_title":"","ocean_post_subheading":"","ocean_post_title_style":"","ocean_post_title_background_color":"","ocean_post_title_background":0,"ocean_post_title_bg_image_position":"","ocean_post_title_bg_image_attachment":"","ocean_post_title_bg_image_repeat":"","ocean_post_title_bg_image_size":"","ocean_post_title_height":0,"ocean_post_title_bg_overlay":0.5,"ocean_post_title_bg_overlay_color":"","ocean_disable_breadcrumbs":"default","ocean_breadcrumbs_color":"","ocean_breadcrumbs_separator_color":"","ocean_breadcrumbs_links_color":"","ocean_breadcrumbs_links_hover_color":"","ocean_display_footer_widgets":"default","ocean_display_footer_bottom":"default","ocean_custom_footer_template":"0"},"product_brand":[309],"product_cat":[33,45],"product_tag":[279,377,426,291,517,304,313,518,519,516,514,513,520,388,515],"class_list":{"0":"post-539","1":"product","2":"type-product","3":"status-publish","4":"has-post-thumbnail","6":"product_brand-italy","7":"product_cat-kolekcja-damska","8":"product_cat-spodnie-i-spodenki","9":"product_tag-casual","10":"product_tag-elegancka-odziez","11":"product_tag-komfortowa-odziez","12":"product_tag-modne-spodnie","13":"product_tag-modny-pasek","14":"product_tag-odziez-damska","15":"product_tag-spodnie","16":"product_tag-spodnie-na-co-dzien","17":"product_tag-spodnie-na-lato","18":"product_tag-stylowe-spodnie","19":"product_tag-szerokie-nogawki","20":"product_tag-szerokie-spodnie","21":"product_tag-szerokie-spodnie-damskie","22":"product_tag-uniwersalny-rozmiar","23":"product_tag-wysokiej-talii","25":"entry","26":"has-media","28":"first","29":"instock","30":"shipping-taxable","31":"purchasable","32":"product-type-simple","33":"has-product-nav","34":"col","35":"span_1_of_3","36":"owp-content-center","37":"owp-thumbs-layout-horizontal","38":"owp-btn-normal","39":"owp-tabs-layout-vertical","40":"has-no-thumbnails"},"_links":{"self":[{"href":"https:\/\/blauwfashion.com\/pl\/wp-json\/wp\/v2\/product\/539","targetHints":{"allow":["GET"]}}],"collection":[{"href":"https:\/\/blauwfashion.com\/pl\/wp-json\/wp\/v2\/product"}],"about":[{"href":"https:\/\/blauwfashion.com\/pl\/wp-json\/wp\/v2\/types\/product"}],"replies":[{"embeddable":true,"href":"https:\/\/blauwfashion.com\/pl\/wp-json\/wp\/v2\/comments?post=539"}],"wp:featuredmedia":[{"embeddable":true,"href":"https:\/\/blauwfashion.com\/pl\/wp-json\/wp\/v2\/media\/540"}],"wp:attachment":[{"href":"https:\/\/blauwfashion.com\/pl\/wp-json\/wp\/v2\/media?parent=539"}],"wp:term":[{"taxonomy":"product_brand","embeddable":true,"href":"https:\/\/blauwfashion.com\/pl\/wp-json\/wp\/v2\/product_brand?post=539"},{"taxonomy":"product_cat","embeddable":true,"href":"https:\/\/blauwfashion.com\/pl\/wp-json\/wp\/v2\/product_cat?post=539"},{"taxonomy":"product_tag","embeddable":true,"href":"https:\/\/blauwfashion.com\/pl\/wp-json\/wp\/v2\/product_tag?post=539"}],"curies":[{"name":"wp","href":"https:\/\/api.w.org\/{rel}","templated":true}]}}