{"id":532,"date":"2025-04-08T16:24:14","date_gmt":"2025-04-08T16:24:14","guid":{"rendered":"https:\/\/blauwfashion.com\/?post_type=product&#038;p=532"},"modified":"2026-03-26T13:39:10","modified_gmt":"2026-03-26T11:39:10","slug":"sukienka-asymetryczna-hiszpanka","status":"publish","type":"product","link":"https:\/\/blauwfashion.com\/pl\/sukienka-asymetryczna-hiszpanka\/","title":{"rendered":"Sukienka Asymetryczna Hiszpanka"},"content":{"rendered":"<p class=\"\" data-start=\"0\" data-end=\"479\">Sukienka w stylu hiszpa\u0144skim, charakteryzuj\u0105ca si\u0119 wyj\u0105tkowym dekoltem, kt\u00f3ry efektownie ods\u0142ania ramiona. Posiada kr\u00f3tkie, delikatnie rozkloszowane r\u0119kawy zako\u0144czone elastyczn\u0105 gumk\u0105, co nadaje jej subtelnego, romantycznego wygl\u0105du. W dolnej cz\u0119\u015bci sukienka ozdobiona jest falbank\u0105, kt\u00f3ra dodaje lekko\u015bci i zwiewno\u015bci ca\u0142ej stylizacji. Dodatkowo, sukienka wyposa\u017cona jest w pasek z efektown\u0105, b\u0142yszcz\u0105c\u0105 klamr\u0105, kt\u00f3ry pi\u0119knie podkre\u015bla tali\u0119, tworz\u0105c kobiecy i elegancki efekt.<\/p>\n<p class=\"\" data-start=\"481\" data-end=\"909\">Sukienka jest w rozmiarze uniwersalnym, pasuj\u0105cym na osoby o biu\u015bcie do 110 cm. Jest idealnym wyborem na wiosenne i letnie dni, doskona\u0142a na spotkania towarzyskie, randki czy casualowe wyj\u015bcia. Dzi\u0119ki prostemu, a jednocze\u015bnie eleganckiemu krojowi, mo\u017cna j\u0105 zestawi\u0107 zar\u00f3wno z sanda\u0142kami, jak i bardziej eleganckimi butami, tworz\u0105c modn\u0105 i komfortow\u0105 stylizacj\u0119. Wysoka jako\u015b\u0107 materia\u0142u zapewnia wygod\u0119 noszenia przez ca\u0142y dzie\u0144.<\/p>\n","protected":false},"excerpt":{"rendered":"<p>Kr\u00f3tka sukienka hiszpa\u0144ska z dekoltem na ramiona, kr\u00f3tkimi r\u0119kawami oraz falbank\u0105 w dolnej cz\u0119\u015bci. W komplecie pasek z ozdobn\u0105 klamr\u0105, kt\u00f3ry podkre\u015bla tali\u0119.<\/p>\n","protected":false},"featured_media":533,"comment_status":"open","ping_status":"closed","template":"","meta":{"ocean_post_layout":"","ocean_both_sidebars_style":"","ocean_both_sidebars_content_width":0,"ocean_both_sidebars_sidebars_width":0,"ocean_sidebar":"0","ocean_second_sidebar":"0","ocean_disable_margins":"enable","ocean_add_body_class":"","ocean_shortcode_before_top_bar":"","ocean_shortcode_after_top_bar":"","ocean_shortcode_before_header":"","ocean_shortcode_after_header":"","ocean_has_shortcode":"","ocean_shortcode_after_title":"","ocean_shortcode_before_footer_widgets":"","ocean_shortcode_after_footer_widgets":"","ocean_shortcode_before_footer_bottom":"","ocean_shortcode_after_footer_bottom":"","ocean_display_top_bar":"default","ocean_display_header":"default","ocean_header_style":"","ocean_center_header_left_menu":"0","ocean_custom_header_template":"0","ocean_custom_logo":0,"ocean_custom_retina_logo":0,"ocean_custom_logo_max_width":0,"ocean_custom_logo_tablet_max_width":0,"ocean_custom_logo_mobile_max_width":0,"ocean_custom_logo_max_height":0,"ocean_custom_logo_tablet_max_height":0,"ocean_custom_logo_mobile_max_height":0,"ocean_header_custom_menu":"0","ocean_menu_typo_font_family":"0","ocean_menu_typo_font_subset":"","ocean_menu_typo_font_size":0,"ocean_menu_typo_font_size_tablet":0,"ocean_menu_typo_font_size_mobile":0,"ocean_menu_typo_font_size_unit":"px","ocean_menu_typo_font_weight":"","ocean_menu_typo_font_weight_tablet":"","ocean_menu_typo_font_weight_mobile":"","ocean_menu_typo_transform":"","ocean_menu_typo_transform_tablet":"","ocean_menu_typo_transform_mobile":"","ocean_menu_typo_line_height":0,"ocean_menu_typo_line_height_tablet":0,"ocean_menu_typo_line_height_mobile":0,"ocean_menu_typo_line_height_unit":"","ocean_menu_typo_spacing":0,"ocean_menu_typo_spacing_tablet":0,"ocean_menu_typo_spacing_mobile":0,"ocean_menu_typo_spacing_unit":"","ocean_menu_link_color":"","ocean_menu_link_color_hover":"","ocean_menu_link_color_active":"","ocean_menu_link_background":"","ocean_menu_link_hover_background":"","ocean_menu_link_active_background":"","ocean_menu_social_links_bg":"","ocean_menu_social_hover_links_bg":"","ocean_menu_social_links_color":"","ocean_menu_social_hover_links_color":"","ocean_disable_title":"default","ocean_disable_heading":"default","ocean_post_title":"","ocean_post_subheading":"","ocean_post_title_style":"","ocean_post_title_background_color":"","ocean_post_title_background":0,"ocean_post_title_bg_image_position":"","ocean_post_title_bg_image_attachment":"","ocean_post_title_bg_image_repeat":"","ocean_post_title_bg_image_size":"","ocean_post_title_height":0,"ocean_post_title_bg_overlay":0.5,"ocean_post_title_bg_overlay_color":"","ocean_disable_breadcrumbs":"default","ocean_breadcrumbs_color":"","ocean_breadcrumbs_separator_color":"","ocean_breadcrumbs_links_color":"","ocean_breadcrumbs_links_hover_color":"","ocean_display_footer_widgets":"default","ocean_display_footer_bottom":"default","ocean_custom_footer_template":"0"},"product_brand":[309],"product_cat":[33,32],"product_tag":[253,405,257,500,502,252,501,249],"class_list":{"0":"post-532","1":"product","2":"type-product","3":"status-publish","4":"has-post-thumbnail","6":"product_brand-italy","7":"product_cat-kolekcja-damska","8":"product_cat-sukienki-vrouwelijke-kleding","9":"product_tag-elegancka-sukienka","10":"product_tag-letnia-sukienka","11":"product_tag-modna-sukienka","12":"product_tag-sukienka-hiszpanska","13":"product_tag-sukienka-na-cieple-dni","14":"product_tag-sukienka-na-lato","15":"product_tag-sukienka-z-falbanka","16":"product_tag-sukienka-z-paskiem","18":"entry","19":"has-media","21":"first","22":"instock","23":"shipping-taxable","24":"purchasable","25":"product-type-variable","26":"has-product-nav","27":"col","28":"span_1_of_3","29":"owp-content-center","30":"owp-thumbs-layout-horizontal","31":"owp-btn-normal","32":"owp-tabs-layout-vertical"},"_links":{"self":[{"href":"https:\/\/blauwfashion.com\/pl\/wp-json\/wp\/v2\/product\/532","targetHints":{"allow":["GET"]}}],"collection":[{"href":"https:\/\/blauwfashion.com\/pl\/wp-json\/wp\/v2\/product"}],"about":[{"href":"https:\/\/blauwfashion.com\/pl\/wp-json\/wp\/v2\/types\/product"}],"replies":[{"embeddable":true,"href":"https:\/\/blauwfashion.com\/pl\/wp-json\/wp\/v2\/comments?post=532"}],"wp:featuredmedia":[{"embeddable":true,"href":"https:\/\/blauwfashion.com\/pl\/wp-json\/wp\/v2\/media\/533"}],"wp:attachment":[{"href":"https:\/\/blauwfashion.com\/pl\/wp-json\/wp\/v2\/media?parent=532"}],"wp:term":[{"taxonomy":"product_brand","embeddable":true,"href":"https:\/\/blauwfashion.com\/pl\/wp-json\/wp\/v2\/product_brand?post=532"},{"taxonomy":"product_cat","embeddable":true,"href":"https:\/\/blauwfashion.com\/pl\/wp-json\/wp\/v2\/product_cat?post=532"},{"taxonomy":"product_tag","embeddable":true,"href":"https:\/\/blauwfashion.com\/pl\/wp-json\/wp\/v2\/product_tag?post=532"}],"curies":[{"name":"wp","href":"https:\/\/api.w.org\/{rel}","templated":true}]}}