{"id":436,"date":"2025-04-06T12:59:57","date_gmt":"2025-04-06T12:59:57","guid":{"rendered":"https:\/\/blauwfashion.com\/?post_type=product&#038;p=436"},"modified":"2026-03-26T13:23:57","modified_gmt":"2026-03-26T11:23:57","slug":"sukienka-aaa","status":"publish","type":"product","link":"https:\/\/blauwfashion.com\/pl\/sukienka-aaa\/","title":{"rendered":"Sukienka AAA"},"content":{"rendered":"<p class=\"\" data-start=\"0\" data-end=\"578\">Elegancka sukienka w odcieniu jasnego be\u017cu to doskona\u0142y wyb\u00f3r na r\u00f3\u017cnorodne okazje. Posiada pi\u0119kne falbany, kt\u00f3re nadaj\u0105 jej lekko\u015bci i zwiewno\u015bci. Wyj\u0105tkowym detalem jest szeroka guma w talii, kt\u00f3ra \u015bwietnie podkre\u015bla sylwetk\u0119. Dzi\u0119ki elastycznemu dekoltowi, sukienka mo\u017ce by\u0107 noszona zar\u00f3wno na ramionach, jak i w stylu off-shoulder. Jest to sukienka uniwersalna w rozmiarze, pasuj\u0105ca na osoby do 110 cm w biu\u015bcie. Idealna na wiosenne i letnie dni, w po\u0142\u0105czeniu z eleganckimi dodatkami b\u0119dzie \u015bwietnie wygl\u0105da\u0107 zar\u00f3wno na co dzie\u0144, jak i na bardziej formalnych wydarzeniach.<\/p>\n<p class=\"\" data-start=\"580\" data-end=\"670\"><strong data-start=\"580\" data-end=\"592\">Materia\u0142<\/strong>: Mi\u0119kka i przyjemna w dotyku tkanina, komfortowa w noszeniu przez ca\u0142y dzie\u0144.<\/p>\n<p class=\"\" data-start=\"672\" data-end=\"732\"><strong data-start=\"672\" data-end=\"683\">D\u0142ugo\u015b\u0107<\/strong>: Kr\u00f3tk\u0105, do po\u0142owy uda, doskona\u0142a na gor\u0105ce dni.<\/p>\n<p class=\"\" data-start=\"734\" data-end=\"781\"><strong data-start=\"734\" data-end=\"745\">Rozmiar<\/strong>: Uniwersalny (do 110 cm w biu\u015bcie).<\/p>\n","protected":false},"excerpt":{"rendered":"<p>Elegancka sukienka w jasnym be\u017cowym kolorze z falbanami i elastycznym dekoltem. Mo\u017cna nosi\u0107 na ramionach lub w stylu off-shoulder. Rozmiar uniwersalny.<\/p>\n","protected":false},"featured_media":125,"comment_status":"open","ping_status":"closed","template":"","meta":{"ocean_post_layout":"","ocean_both_sidebars_style":"","ocean_both_sidebars_content_width":0,"ocean_both_sidebars_sidebars_width":0,"ocean_sidebar":"0","ocean_second_sidebar":"0","ocean_disable_margins":"enable","ocean_add_body_class":"","ocean_shortcode_before_top_bar":"","ocean_shortcode_after_top_bar":"","ocean_shortcode_before_header":"","ocean_shortcode_after_header":"","ocean_has_shortcode":"","ocean_shortcode_after_title":"","ocean_shortcode_before_footer_widgets":"","ocean_shortcode_after_footer_widgets":"","ocean_shortcode_before_footer_bottom":"","ocean_shortcode_after_footer_bottom":"","ocean_display_top_bar":"default","ocean_display_header":"default","ocean_header_style":"","ocean_center_header_left_menu":"0","ocean_custom_header_template":"0","ocean_custom_logo":0,"ocean_custom_retina_logo":0,"ocean_custom_logo_max_width":0,"ocean_custom_logo_tablet_max_width":0,"ocean_custom_logo_mobile_max_width":0,"ocean_custom_logo_max_height":0,"ocean_custom_logo_tablet_max_height":0,"ocean_custom_logo_mobile_max_height":0,"ocean_header_custom_menu":"0","ocean_menu_typo_font_family":"0","ocean_menu_typo_font_subset":"","ocean_menu_typo_font_size":0,"ocean_menu_typo_font_size_tablet":0,"ocean_menu_typo_font_size_mobile":0,"ocean_menu_typo_font_size_unit":"px","ocean_menu_typo_font_weight":"","ocean_menu_typo_font_weight_tablet":"","ocean_menu_typo_font_weight_mobile":"","ocean_menu_typo_transform":"","ocean_menu_typo_transform_tablet":"","ocean_menu_typo_transform_mobile":"","ocean_menu_typo_line_height":0,"ocean_menu_typo_line_height_tablet":0,"ocean_menu_typo_line_height_mobile":0,"ocean_menu_typo_line_height_unit":"","ocean_menu_typo_spacing":0,"ocean_menu_typo_spacing_tablet":0,"ocean_menu_typo_spacing_mobile":0,"ocean_menu_typo_spacing_unit":"","ocean_menu_link_color":"","ocean_menu_link_color_hover":"","ocean_menu_link_color_active":"","ocean_menu_link_background":"","ocean_menu_link_hover_background":"","ocean_menu_link_active_background":"","ocean_menu_social_links_bg":"","ocean_menu_social_hover_links_bg":"","ocean_menu_social_links_color":"","ocean_menu_social_hover_links_color":"","ocean_disable_title":"default","ocean_disable_heading":"default","ocean_post_title":"","ocean_post_subheading":"","ocean_post_title_style":"","ocean_post_title_background_color":"","ocean_post_title_background":0,"ocean_post_title_bg_image_position":"","ocean_post_title_bg_image_attachment":"","ocean_post_title_bg_image_repeat":"","ocean_post_title_bg_image_size":"","ocean_post_title_height":0,"ocean_post_title_bg_overlay":0.5,"ocean_post_title_bg_overlay_color":"","ocean_disable_breadcrumbs":"default","ocean_breadcrumbs_color":"","ocean_breadcrumbs_separator_color":"","ocean_breadcrumbs_links_color":"","ocean_breadcrumbs_links_hover_color":"","ocean_display_footer_widgets":"default","ocean_display_footer_bottom":"default","ocean_custom_footer_template":"0"},"product_brand":[259],"product_cat":[32],"product_tag":[253,257,254,252,258,256,255],"class_list":{"0":"post-436","1":"product","2":"type-product","3":"status-publish","4":"has-post-thumbnail","6":"product_brand-new-collection","7":"product_cat-sukienki-vrouwelijke-kleding","8":"product_tag-elegancka-sukienka","9":"product_tag-modna-sukienka","10":"product_tag-sukienka-bezowa","11":"product_tag-sukienka-na-lato","12":"product_tag-sukienka-off-shoulde","13":"product_tag-sukienka-uniwersalna","14":"product_tag-sukienka-z-falbanami","16":"entry","17":"has-media","19":"first","20":"instock","21":"shipping-taxable","22":"purchasable","23":"product-type-simple","24":"has-product-nav","25":"col","26":"span_1_of_3","27":"owp-content-center","28":"owp-thumbs-layout-horizontal","29":"owp-btn-normal","30":"owp-tabs-layout-vertical","31":"has-no-thumbnails"},"_links":{"self":[{"href":"https:\/\/blauwfashion.com\/pl\/wp-json\/wp\/v2\/product\/436","targetHints":{"allow":["GET"]}}],"collection":[{"href":"https:\/\/blauwfashion.com\/pl\/wp-json\/wp\/v2\/product"}],"about":[{"href":"https:\/\/blauwfashion.com\/pl\/wp-json\/wp\/v2\/types\/product"}],"replies":[{"embeddable":true,"href":"https:\/\/blauwfashion.com\/pl\/wp-json\/wp\/v2\/comments?post=436"}],"wp:featuredmedia":[{"embeddable":true,"href":"https:\/\/blauwfashion.com\/pl\/wp-json\/wp\/v2\/media\/125"}],"wp:attachment":[{"href":"https:\/\/blauwfashion.com\/pl\/wp-json\/wp\/v2\/media?parent=436"}],"wp:term":[{"taxonomy":"product_brand","embeddable":true,"href":"https:\/\/blauwfashion.com\/pl\/wp-json\/wp\/v2\/product_brand?post=436"},{"taxonomy":"product_cat","embeddable":true,"href":"https:\/\/blauwfashion.com\/pl\/wp-json\/wp\/v2\/product_cat?post=436"},{"taxonomy":"product_tag","embeddable":true,"href":"https:\/\/blauwfashion.com\/pl\/wp-json\/wp\/v2\/product_tag?post=436"}],"curies":[{"name":"wp","href":"https:\/\/api.w.org\/{rel}","templated":true}]}}