{"id":2451,"date":"2026-02-20T16:02:11","date_gmt":"2026-02-20T14:02:11","guid":{"rendered":"https:\/\/blauwfashion.com\/?post_type=product&#038;p=2451"},"modified":"2026-02-20T16:02:12","modified_gmt":"2026-02-20T14:02:12","slug":"jasne-jeansy-push-up-z-wysokim-stanem","status":"publish","type":"product","link":"https:\/\/blauwfashion.com\/pl\/jasne-jeansy-push-up-z-wysokim-stanem\/","title":{"rendered":"Jasne jeansy push up z wysokim stanem"},"content":{"rendered":"<p data-start=\"364\" data-end=\"444\">Jasne jeansy push up, kt\u00f3re idealnie podkre\u015blaj\u0105 sylwetk\u0119 i modeluj\u0105 figur\u0119 \ud83d\udd25<\/p>\n<p data-start=\"446\" data-end=\"661\">Dzi\u0119ki wysokiemu stanowi oraz dopasowanemu krojowi spodnie \u015bwietnie uk\u0142adaj\u0105 si\u0119 na ciele, zapewniaj\u0105c komfort noszenia przez ca\u0142y dzie\u0144. Model push up optycznie podnosi i modeluje po\u015bladki, nadaj\u0105c kobiecy kszta\u0142t.<\/p>\n<p data-start=\"663\" data-end=\"781\">To idealny wyb\u00f3r zar\u00f3wno na co dzie\u0144, jak i na wyj\u015bcie \u2013 \u015bwietnie komponuj\u0105 si\u0119 z bluzk\u0105, koszul\u0105 czy sportowym topem.<\/p>\n<p data-start=\"783\" data-end=\"874\"><strong data-start=\"783\" data-end=\"800\">\u2714 Wysoki stan<\/strong><br data-start=\"800\" data-end=\"803\" \/><strong data-start=\"803\" data-end=\"822\">\u2714 Efekt push up<\/strong><br data-start=\"822\" data-end=\"825\" \/><strong data-start=\"825\" data-end=\"846\">\u2714 Dopasowany kr\u00f3j<\/strong><br data-start=\"846\" data-end=\"849\" \/><strong data-start=\"849\" data-end=\"874\">\u2714 Komfortowy materia\u0142<\/strong><\/p>\n<p data-start=\"876\" data-end=\"941\">\ud83d\udc49 Rozmiary: 34\u201342<br data-start=\"894\" data-end=\"897\" \/>\ud83d\udc49 Elastyczne \u2013 dopasowuj\u0105 si\u0119 do sylwetki<\/p>\n","protected":false},"excerpt":{"rendered":"<p>Jasne jeansy push up z wysokim stanem\u00a0<br data-start=\"143\" data-end=\"146\" \/>Podkre\u015blaj\u0105 sylwetk\u0119 i modeluj\u0105 figur\u0119, zapewniaj\u0105c wygod\u0119 przez ca\u0142y dzie\u0144.<\/p>\n","protected":false},"featured_media":2453,"comment_status":"open","ping_status":"closed","template":"","meta":{"ocean_post_layout":"","ocean_both_sidebars_style":"","ocean_both_sidebars_content_width":0,"ocean_both_sidebars_sidebars_width":0,"ocean_sidebar":"0","ocean_second_sidebar":"0","ocean_disable_margins":"enable","ocean_add_body_class":"","ocean_shortcode_before_top_bar":"","ocean_shortcode_after_top_bar":"","ocean_shortcode_before_header":"","ocean_shortcode_after_header":"","ocean_has_shortcode":"","ocean_shortcode_after_title":"","ocean_shortcode_before_footer_widgets":"","ocean_shortcode_after_footer_widgets":"","ocean_shortcode_before_footer_bottom":"","ocean_shortcode_after_footer_bottom":"","ocean_display_top_bar":"default","ocean_display_header":"default","ocean_header_style":"","ocean_center_header_left_menu":"0","ocean_custom_header_template":"0","ocean_custom_logo":0,"ocean_custom_retina_logo":0,"ocean_custom_logo_max_width":0,"ocean_custom_logo_tablet_max_width":0,"ocean_custom_logo_mobile_max_width":0,"ocean_custom_logo_max_height":0,"ocean_custom_logo_tablet_max_height":0,"ocean_custom_logo_mobile_max_height":0,"ocean_header_custom_menu":"0","ocean_menu_typo_font_family":"0","ocean_menu_typo_font_subset":"","ocean_menu_typo_font_size":0,"ocean_menu_typo_font_size_tablet":0,"ocean_menu_typo_font_size_mobile":0,"ocean_menu_typo_font_size_unit":"px","ocean_menu_typo_font_weight":"","ocean_menu_typo_font_weight_tablet":"","ocean_menu_typo_font_weight_mobile":"","ocean_menu_typo_transform":"","ocean_menu_typo_transform_tablet":"","ocean_menu_typo_transform_mobile":"","ocean_menu_typo_line_height":0,"ocean_menu_typo_line_height_tablet":0,"ocean_menu_typo_line_height_mobile":0,"ocean_menu_typo_line_height_unit":"","ocean_menu_typo_spacing":0,"ocean_menu_typo_spacing_tablet":0,"ocean_menu_typo_spacing_mobile":0,"ocean_menu_typo_spacing_unit":"","ocean_menu_link_color":"","ocean_menu_link_color_hover":"","ocean_menu_link_color_active":"","ocean_menu_link_background":"","ocean_menu_link_hover_background":"","ocean_menu_link_active_background":"","ocean_menu_social_links_bg":"","ocean_menu_social_hover_links_bg":"","ocean_menu_social_links_color":"","ocean_menu_social_hover_links_color":"","ocean_disable_title":"default","ocean_disable_heading":"default","ocean_post_title":"","ocean_post_subheading":"","ocean_post_title_style":"","ocean_post_title_background_color":"","ocean_post_title_background":0,"ocean_post_title_bg_image_position":"","ocean_post_title_bg_image_attachment":"","ocean_post_title_bg_image_repeat":"","ocean_post_title_bg_image_size":"","ocean_post_title_height":0,"ocean_post_title_bg_overlay":0.5,"ocean_post_title_bg_overlay_color":"","ocean_disable_breadcrumbs":"default","ocean_breadcrumbs_color":"","ocean_breadcrumbs_separator_color":"","ocean_breadcrumbs_links_color":"","ocean_breadcrumbs_links_hover_color":"","ocean_display_footer_widgets":"default","ocean_display_footer_bottom":"default","ocean_custom_footer_template":"0"},"product_brand":[629],"product_cat":[33,39],"product_tag":[1389,674,1387,1393,1390,1386,1392,803,820,1388,1391],"class_list":{"0":"post-2451","1":"product","2":"type-product","3":"status-publish","4":"has-post-thumbnail","6":"product_brand-trang-jeans","7":"product_cat-kolekcja-damska","8":"product_cat-jeans","9":"product_tag-dopasowane-jeansy-damskie","10":"product_tag-elastyczne-jeansy","11":"product_tag-jasne-jeansy-damskie","12":"product_tag-jeansy-codzienne-damskie","13":"product_tag-jeansy-modelujace-sylwetke","14":"product_tag-jeansy-push-up-damskie","15":"product_tag-jeansy-slim-fit-damskie","16":"product_tag-jeansy-z-wysokim-stanem","17":"product_tag-modne-jeansy-damskie","18":"product_tag-spodnie-jeansowe-push-up","19":"product_tag-spodnie-podkreslajace-figure","21":"entry","22":"has-media","24":"first","25":"instock","26":"shipping-taxable","27":"purchasable","28":"product-type-variable","29":"has-product-nav","30":"col","31":"span_1_of_3","32":"owp-content-center","33":"owp-thumbs-layout-horizontal","34":"owp-btn-normal","35":"owp-tabs-layout-vertical","36":"has-no-thumbnails"},"_links":{"self":[{"href":"https:\/\/blauwfashion.com\/pl\/wp-json\/wp\/v2\/product\/2451","targetHints":{"allow":["GET"]}}],"collection":[{"href":"https:\/\/blauwfashion.com\/pl\/wp-json\/wp\/v2\/product"}],"about":[{"href":"https:\/\/blauwfashion.com\/pl\/wp-json\/wp\/v2\/types\/product"}],"replies":[{"embeddable":true,"href":"https:\/\/blauwfashion.com\/pl\/wp-json\/wp\/v2\/comments?post=2451"}],"wp:featuredmedia":[{"embeddable":true,"href":"https:\/\/blauwfashion.com\/pl\/wp-json\/wp\/v2\/media\/2453"}],"wp:attachment":[{"href":"https:\/\/blauwfashion.com\/pl\/wp-json\/wp\/v2\/media?parent=2451"}],"wp:term":[{"taxonomy":"product_brand","embeddable":true,"href":"https:\/\/blauwfashion.com\/pl\/wp-json\/wp\/v2\/product_brand?post=2451"},{"taxonomy":"product_cat","embeddable":true,"href":"https:\/\/blauwfashion.com\/pl\/wp-json\/wp\/v2\/product_cat?post=2451"},{"taxonomy":"product_tag","embeddable":true,"href":"https:\/\/blauwfashion.com\/pl\/wp-json\/wp\/v2\/product_tag?post=2451"}],"curies":[{"name":"wp","href":"https:\/\/api.w.org\/{rel}","templated":true}]}}