{"id":2443,"date":"2026-02-14T17:46:42","date_gmt":"2026-02-14T15:46:42","guid":{"rendered":"https:\/\/blauwfashion.com\/?post_type=product&#038;p=2443"},"modified":"2026-02-14T17:46:43","modified_gmt":"2026-02-14T15:46:43","slug":"spodnie-wide-leg-z-koronkowa-talia-jasny-denim","status":"publish","type":"product","link":"https:\/\/blauwfashion.com\/pl\/spodnie-wide-leg-z-koronkowa-talia-jasny-denim\/","title":{"rendered":"Spodnie wide leg z koronkow\u0105 tali\u0105 \u2013 jasny denim"},"content":{"rendered":"<p data-start=\"291\" data-end=\"332\">Styl, wygoda i kobiecy detal w jednym \u2728<\/p>\n<p data-start=\"334\" data-end=\"632\">Te jasne spodnie wide leg z koronkow\u0105 tali\u0105 to idealne po\u0142\u0105czenie komfortu i romantycznego stylu. Wysoki, elastyczny pas zosta\u0142 ozdobiony efektown\u0105 koronk\u0105, kt\u00f3ra nadaje ca\u0142o\u015bci wyj\u0105tkowego, butikowego charakteru. Dodatkowe wi\u0105zanie w talii podkre\u015bla sylwetk\u0119 i pozwala dopasowa\u0107 spodnie do figury.<\/p>\n<p data-start=\"634\" data-end=\"897\">Model posiada szerok\u0105 nogawk\u0119 typu wide leg, kt\u00f3ra pi\u0119knie uk\u0142ada si\u0119 podczas chodzenia i optycznie wyd\u0142u\u017ca nogi. Jasny denim sprawia, \u017ce spodnie s\u0105 idealne na sezon wiosna\u2013lato \u2013 \u015bwietnie wygl\u0105daj\u0105 w po\u0142\u0105czeniu z topem, koszul\u0105, marynark\u0105 lub kr\u00f3tkim sweterkiem.<\/p>\n<p data-start=\"899\" data-end=\"1023\">To model, kt\u00f3ry \u0142\u0105czy wygod\u0119 z modowym akcentem \u2013 sprawdzi si\u0119 zar\u00f3wno na co dzie\u0144, jak i w bardziej kobiecych stylizacjach.<\/p>\n<h3 data-start=\"1025\" data-end=\"1054\">\ud83d\udc99 Dlaczego je pokochasz?<\/h3>\n<p data-start=\"1055\" data-end=\"1185\">\u2714 Szeroka nogawka wide leg<br data-start=\"1081\" data-end=\"1084\" \/>\u2714 Elastyczna talia<br data-start=\"1102\" data-end=\"1105\" \/>\u2714 Koronkowy, kobiecy detal<br data-start=\"1131\" data-end=\"1134\" \/>\u2714 Jasny, modny odcie\u0144 denimu<br data-start=\"1162\" data-end=\"1165\" \/>\u2714 Komfortowy fason<\/p>\n<hr data-start=\"1187\" data-end=\"1190\" \/>\n<h2 data-start=\"1192\" data-end=\"1216\">\ud83d\udccf Dost\u0119pne rozmiary:<\/h2>\n<p data-start=\"1217\" data-end=\"1233\">XS \u2013 S \u2013 M \u2013 L<\/p>\n","protected":false},"excerpt":{"rendered":"<p>Stylowe spodnie wide leg z elastyczn\u0105, koronkow\u0105 tali\u0105 i jasnym denimowym wyko\u0144czeniem. Kobiecy detal w pasie i lu\u017ana nogawka tworz\u0105 wygodny, a jednocze\u015bnie modny fason idealny na wiosn\u0119 i lato.<\/p>\n","protected":false},"featured_media":2445,"comment_status":"open","ping_status":"closed","template":"","meta":{"ocean_post_layout":"","ocean_both_sidebars_style":"","ocean_both_sidebars_content_width":0,"ocean_both_sidebars_sidebars_width":0,"ocean_sidebar":"0","ocean_second_sidebar":"0","ocean_disable_margins":"enable","ocean_add_body_class":"","ocean_shortcode_before_top_bar":"","ocean_shortcode_after_top_bar":"","ocean_shortcode_before_header":"","ocean_shortcode_after_header":"","ocean_has_shortcode":"","ocean_shortcode_after_title":"","ocean_shortcode_before_footer_widgets":"","ocean_shortcode_after_footer_widgets":"","ocean_shortcode_before_footer_bottom":"","ocean_shortcode_after_footer_bottom":"","ocean_display_top_bar":"default","ocean_display_header":"default","ocean_header_style":"","ocean_center_header_left_menu":"0","ocean_custom_header_template":"0","ocean_custom_logo":0,"ocean_custom_retina_logo":0,"ocean_custom_logo_max_width":0,"ocean_custom_logo_tablet_max_width":0,"ocean_custom_logo_mobile_max_width":0,"ocean_custom_logo_max_height":0,"ocean_custom_logo_tablet_max_height":0,"ocean_custom_logo_mobile_max_height":0,"ocean_header_custom_menu":"0","ocean_menu_typo_font_family":"0","ocean_menu_typo_font_subset":"","ocean_menu_typo_font_size":0,"ocean_menu_typo_font_size_tablet":0,"ocean_menu_typo_font_size_mobile":0,"ocean_menu_typo_font_size_unit":"px","ocean_menu_typo_font_weight":"","ocean_menu_typo_font_weight_tablet":"","ocean_menu_typo_font_weight_mobile":"","ocean_menu_typo_transform":"","ocean_menu_typo_transform_tablet":"","ocean_menu_typo_transform_mobile":"","ocean_menu_typo_line_height":0,"ocean_menu_typo_line_height_tablet":0,"ocean_menu_typo_line_height_mobile":0,"ocean_menu_typo_line_height_unit":"","ocean_menu_typo_spacing":0,"ocean_menu_typo_spacing_tablet":0,"ocean_menu_typo_spacing_mobile":0,"ocean_menu_typo_spacing_unit":"","ocean_menu_link_color":"","ocean_menu_link_color_hover":"","ocean_menu_link_color_active":"","ocean_menu_link_background":"","ocean_menu_link_hover_background":"","ocean_menu_link_active_background":"","ocean_menu_social_links_bg":"","ocean_menu_social_hover_links_bg":"","ocean_menu_social_links_color":"","ocean_menu_social_hover_links_color":"","ocean_disable_title":"default","ocean_disable_heading":"default","ocean_post_title":"","ocean_post_subheading":"","ocean_post_title_style":"","ocean_post_title_background_color":"","ocean_post_title_background":0,"ocean_post_title_bg_image_position":"","ocean_post_title_bg_image_attachment":"","ocean_post_title_bg_image_repeat":"","ocean_post_title_bg_image_size":"","ocean_post_title_height":0,"ocean_post_title_bg_overlay":0.5,"ocean_post_title_bg_overlay_color":"","ocean_disable_breadcrumbs":"default","ocean_breadcrumbs_color":"","ocean_breadcrumbs_separator_color":"","ocean_breadcrumbs_links_color":"","ocean_breadcrumbs_links_hover_color":"","ocean_display_footer_widgets":"default","ocean_display_footer_bottom":"default","ocean_custom_footer_template":"0"},"product_brand":[1372],"product_cat":[33,39],"product_tag":[1383,1385,821,1114,371,360,1384,1101,846,1382,516,1218,1377],"class_list":{"0":"post-2443","1":"product","2":"type-product","3":"status-publish","4":"has-post-thumbnail","6":"product_brand-milas","7":"product_cat-kolekcja-damska","8":"product_cat-jeans","9":"product_tag-butikowy-styl","10":"product_tag-elegancki-luz","11":"product_tag-jasny-denim","12":"product_tag-letni-styl","13":"product_tag-moda-damska","14":"product_tag-moda-na-co-dzien","15":"product_tag-nowa-kolekcja","16":"product_tag-spodnie-damskie","17":"product_tag-spodnie-wide-leg","18":"product_tag-spodnie-z-koronka","19":"product_tag-stylowe-spodnie","20":"product_tag-szeroka-nogawka","21":"product_tag-wiosenny-styl","23":"entry","24":"has-media","26":"first","27":"instock","28":"shipping-taxable","29":"purchasable","30":"product-type-variable","31":"has-product-nav","32":"col","33":"span_1_of_3","34":"owp-content-center","35":"owp-thumbs-layout-horizontal","36":"owp-btn-normal","37":"owp-tabs-layout-vertical","38":"has-no-thumbnails"},"_links":{"self":[{"href":"https:\/\/blauwfashion.com\/pl\/wp-json\/wp\/v2\/product\/2443","targetHints":{"allow":["GET"]}}],"collection":[{"href":"https:\/\/blauwfashion.com\/pl\/wp-json\/wp\/v2\/product"}],"about":[{"href":"https:\/\/blauwfashion.com\/pl\/wp-json\/wp\/v2\/types\/product"}],"replies":[{"embeddable":true,"href":"https:\/\/blauwfashion.com\/pl\/wp-json\/wp\/v2\/comments?post=2443"}],"wp:featuredmedia":[{"embeddable":true,"href":"https:\/\/blauwfashion.com\/pl\/wp-json\/wp\/v2\/media\/2445"}],"wp:attachment":[{"href":"https:\/\/blauwfashion.com\/pl\/wp-json\/wp\/v2\/media?parent=2443"}],"wp:term":[{"taxonomy":"product_brand","embeddable":true,"href":"https:\/\/blauwfashion.com\/pl\/wp-json\/wp\/v2\/product_brand?post=2443"},{"taxonomy":"product_cat","embeddable":true,"href":"https:\/\/blauwfashion.com\/pl\/wp-json\/wp\/v2\/product_cat?post=2443"},{"taxonomy":"product_tag","embeddable":true,"href":"https:\/\/blauwfashion.com\/pl\/wp-json\/wp\/v2\/product_tag?post=2443"}],"curies":[{"name":"wp","href":"https:\/\/api.w.org\/{rel}","templated":true}]}}