{"id":2431,"date":"2026-01-31T21:12:35","date_gmt":"2026-01-31T19:12:35","guid":{"rendered":"https:\/\/blauwfashion.com\/?post_type=product&#038;p=2431"},"modified":"2026-01-31T21:12:35","modified_gmt":"2026-01-31T19:12:35","slug":"biale-jeansy-szeroka-nogawka-wysoki-stan","status":"publish","type":"product","link":"https:\/\/blauwfashion.com\/pl\/biale-jeansy-szeroka-nogawka-wysoki-stan\/","title":{"rendered":"Bia\u0142e jeansy \u2013 szeroka nogawka, wysoki stan"},"content":{"rendered":"<p data-start=\"166\" data-end=\"476\">Te stylowe <strong data-start=\"177\" data-end=\"211\">bia\u0142e jeansy z szerok\u0105 nogawk\u0105<\/strong> to must-have w ka\u017cdej garderobie. Klasyczny kr\u00f3j w nowoczesnym wydaniu sprawia, \u017ce model jest ponadczasowy i niezwykle uniwersalny. <strong data-start=\"344\" data-end=\"359\">Wysoki stan<\/strong> pi\u0119knie podkre\u015bla tali\u0119 i optycznie wyd\u0142u\u017ca nogi, a <strong data-start=\"412\" data-end=\"431\">szeroka nogawka<\/strong> zapewnia komfort noszenia oraz modny wygl\u0105d.<\/p>\n<p data-start=\"478\" data-end=\"672\">Jeansy \u015bwietnie sprawdz\u0105 si\u0119 zar\u00f3wno w codziennych stylizacjach \u2013 z T-shirtem i sneakersami \u2013 jak i w bardziej eleganckich zestawach z koszul\u0105, marynark\u0105 lub swetrem. Idealne na wiosn\u0119 i lato \ud83c\udf3f<\/p>\n<p data-start=\"674\" data-end=\"743\">To model dla kobiet, kt\u00f3re ceni\u0105 <strong data-start=\"707\" data-end=\"742\">styl, wygod\u0119 i prost\u0105 elegancj\u0119<\/strong>.<\/p>\n<hr data-start=\"745\" data-end=\"748\" \/>\n<p data-start=\"750\" data-end=\"773\"><strong data-start=\"750\" data-end=\"773\">Szczeg\u00f3\u0142y produktu:<\/strong><\/p>\n<ul data-start=\"774\" data-end=\"922\">\n<li data-start=\"774\" data-end=\"800\">\n<p data-start=\"776\" data-end=\"800\">fason: szeroka nogawka<\/p>\n<\/li>\n<li data-start=\"801\" data-end=\"817\">\n<p data-start=\"803\" data-end=\"817\">stan: wysoki<\/p>\n<\/li>\n<li data-start=\"818\" data-end=\"840\">\n<p data-start=\"820\" data-end=\"840\">kolor: bia\u0142y denim<\/p>\n<\/li>\n<li data-start=\"841\" data-end=\"870\">\n<p data-start=\"843\" data-end=\"870\">zapinane na guzik i zamek<\/p>\n<\/li>\n<li data-start=\"871\" data-end=\"894\">\n<p data-start=\"873\" data-end=\"894\">klasyczne kieszenie<\/p>\n<\/li>\n<li data-start=\"895\" data-end=\"922\">\n<p data-start=\"897\" data-end=\"922\">komfortowy, prosty kr\u00f3j<\/p>\n<\/li>\n<\/ul>\n","protected":false},"excerpt":{"rendered":"<p><strong data-start=\"37\" data-end=\"71\">Bia\u0142e jeansy \u2013 szeroka nogawka<\/strong> to ponadczasowy model z wysokim stanem, kt\u00f3ry pi\u0119knie podkre\u015bla tali\u0119 i zapewnia komfort noszenia. Idealne do codziennych i eleganckich stylizacji.<\/p>\n","protected":false},"featured_media":2433,"comment_status":"open","ping_status":"closed","template":"","meta":{"ocean_post_layout":"","ocean_both_sidebars_style":"","ocean_both_sidebars_content_width":0,"ocean_both_sidebars_sidebars_width":0,"ocean_sidebar":"0","ocean_second_sidebar":"0","ocean_disable_margins":"enable","ocean_add_body_class":"","ocean_shortcode_before_top_bar":"","ocean_shortcode_after_top_bar":"","ocean_shortcode_before_header":"","ocean_shortcode_after_header":"","ocean_has_shortcode":"","ocean_shortcode_after_title":"","ocean_shortcode_before_footer_widgets":"","ocean_shortcode_after_footer_widgets":"","ocean_shortcode_before_footer_bottom":"","ocean_shortcode_after_footer_bottom":"","ocean_display_top_bar":"default","ocean_display_header":"default","ocean_header_style":"","ocean_center_header_left_menu":"0","ocean_custom_header_template":"0","ocean_custom_logo":0,"ocean_custom_retina_logo":0,"ocean_custom_logo_max_width":0,"ocean_custom_logo_tablet_max_width":0,"ocean_custom_logo_mobile_max_width":0,"ocean_custom_logo_max_height":0,"ocean_custom_logo_tablet_max_height":0,"ocean_custom_logo_mobile_max_height":0,"ocean_header_custom_menu":"0","ocean_menu_typo_font_family":"0","ocean_menu_typo_font_subset":"","ocean_menu_typo_font_size":0,"ocean_menu_typo_font_size_tablet":0,"ocean_menu_typo_font_size_mobile":0,"ocean_menu_typo_font_size_unit":"px","ocean_menu_typo_font_weight":"","ocean_menu_typo_font_weight_tablet":"","ocean_menu_typo_font_weight_mobile":"","ocean_menu_typo_transform":"","ocean_menu_typo_transform_tablet":"","ocean_menu_typo_transform_mobile":"","ocean_menu_typo_line_height":0,"ocean_menu_typo_line_height_tablet":0,"ocean_menu_typo_line_height_mobile":0,"ocean_menu_typo_line_height_unit":"","ocean_menu_typo_spacing":0,"ocean_menu_typo_spacing_tablet":0,"ocean_menu_typo_spacing_mobile":0,"ocean_menu_typo_spacing_unit":"","ocean_menu_link_color":"","ocean_menu_link_color_hover":"","ocean_menu_link_color_active":"","ocean_menu_link_background":"","ocean_menu_link_hover_background":"","ocean_menu_link_active_background":"","ocean_menu_social_links_bg":"","ocean_menu_social_hover_links_bg":"","ocean_menu_social_links_color":"","ocean_menu_social_hover_links_color":"","ocean_disable_title":"default","ocean_disable_heading":"default","ocean_post_title":"","ocean_post_subheading":"","ocean_post_title_style":"","ocean_post_title_background_color":"","ocean_post_title_background":0,"ocean_post_title_bg_image_position":"","ocean_post_title_bg_image_attachment":"","ocean_post_title_bg_image_repeat":"","ocean_post_title_bg_image_size":"","ocean_post_title_height":0,"ocean_post_title_bg_overlay":0.5,"ocean_post_title_bg_overlay_color":"","ocean_disable_breadcrumbs":"default","ocean_breadcrumbs_color":"","ocean_breadcrumbs_separator_color":"","ocean_breadcrumbs_links_color":"","ocean_breadcrumbs_links_hover_color":"","ocean_display_footer_widgets":"default","ocean_display_footer_bottom":"default","ocean_custom_footer_template":"0"},"product_brand":[1375],"product_cat":[521,39],"product_tag":[839,1098,1114,1103,1376,1218,1377,366],"class_list":{"0":"post-2431","1":"product","2":"type-product","3":"status-publish","4":"has-post-thumbnail","6":"product_brand-new-style","7":"product_cat-bestseller","8":"product_cat-jeans","9":"product_tag-biale-jeansy","10":"product_tag-jeansy-damskie","11":"product_tag-letni-styl","12":"product_tag-modne-jeansy","13":"product_tag-styl-kobiety","14":"product_tag-szeroka-nogawka","15":"product_tag-wiosenny-styl","16":"product_tag-wysoki-stan","18":"entry","19":"has-media","21":"first","22":"instock","23":"shipping-taxable","24":"purchasable","25":"product-type-variable","26":"has-product-nav","27":"col","28":"span_1_of_3","29":"owp-content-center","30":"owp-thumbs-layout-horizontal","31":"owp-btn-normal","32":"owp-tabs-layout-vertical","33":"has-no-thumbnails"},"_links":{"self":[{"href":"https:\/\/blauwfashion.com\/pl\/wp-json\/wp\/v2\/product\/2431","targetHints":{"allow":["GET"]}}],"collection":[{"href":"https:\/\/blauwfashion.com\/pl\/wp-json\/wp\/v2\/product"}],"about":[{"href":"https:\/\/blauwfashion.com\/pl\/wp-json\/wp\/v2\/types\/product"}],"replies":[{"embeddable":true,"href":"https:\/\/blauwfashion.com\/pl\/wp-json\/wp\/v2\/comments?post=2431"}],"wp:featuredmedia":[{"embeddable":true,"href":"https:\/\/blauwfashion.com\/pl\/wp-json\/wp\/v2\/media\/2433"}],"wp:attachment":[{"href":"https:\/\/blauwfashion.com\/pl\/wp-json\/wp\/v2\/media?parent=2431"}],"wp:term":[{"taxonomy":"product_brand","embeddable":true,"href":"https:\/\/blauwfashion.com\/pl\/wp-json\/wp\/v2\/product_brand?post=2431"},{"taxonomy":"product_cat","embeddable":true,"href":"https:\/\/blauwfashion.com\/pl\/wp-json\/wp\/v2\/product_cat?post=2431"},{"taxonomy":"product_tag","embeddable":true,"href":"https:\/\/blauwfashion.com\/pl\/wp-json\/wp\/v2\/product_tag?post=2431"}],"curies":[{"name":"wp","href":"https:\/\/api.w.org\/{rel}","templated":true}]}}