{"id":2286,"date":"2025-10-20T13:03:40","date_gmt":"2025-10-20T11:03:40","guid":{"rendered":"https:\/\/blauwfashion.com\/?post_type=product&#038;p=2286"},"modified":"2025-10-20T13:20:58","modified_gmt":"2025-10-20T11:20:58","slug":"ciemnoniebieskie-jeansy-z-wysokim-stanem","status":"publish","type":"product","link":"https:\/\/blauwfashion.com\/pl\/ciemnoniebieskie-jeansy-z-wysokim-stanem\/","title":{"rendered":"Ciemnoniebieskie jeansy z wysokim stanem"},"content":{"rendered":"<p data-start=\"160\" data-end=\"495\"><strong data-start=\"160\" data-end=\"204\">Ciemnoniebieskie jeansy z wysokim stanem<\/strong> to klasyka, kt\u00f3ra nigdy nie wychodzi z mody \ud83d\udc99<br data-start=\"251\" data-end=\"254\" \/>Wykonane z elastycznego, dopasowuj\u0105cego si\u0119 do cia\u0142a materia\u0142u, pi\u0119knie podkre\u015blaj\u0105 sylwetk\u0119 i wysmuklaj\u0105 nogi.<br data-start=\"365\" data-end=\"368\" \/>Wysoki stan zapewnia komfort i idealne dopasowanie, a fason z efektem \u201epush-up\u201d subtelnie unosi po\u015bladki, nadaj\u0105c im kszta\u0142t.<\/p>\n<p data-start=\"497\" data-end=\"646\">\u015awietnie sprawdz\u0105 si\u0119 zar\u00f3wno na co dzie\u0144, jak i do eleganckich stylizacji.<br data-start=\"572\" data-end=\"575\" \/>Po\u0142\u0105cz je z t-shirtem, bluz\u0105 lub koszul\u0105 \u2013 zawsze wygl\u0105daj\u0105 \u015bwietnie!<\/p>\n<p data-start=\"648\" data-end=\"764\">\u2714 Wysoki stan<br data-start=\"661\" data-end=\"664\" \/>\u2714 Elastyczny, dopasowany materia\u0142<br data-start=\"697\" data-end=\"700\" \/>\u2714 Efekt push-up<br data-start=\"715\" data-end=\"718\" \/>\u2714 Kolor: ciemny jeans<br data-start=\"739\" data-end=\"742\" \/>\u2714 Rozmiary: M, L, XL<\/p>\n","protected":false},"excerpt":{"rendered":"<p><strong data-start=\"82\" data-end=\"126\">Ciemnoniebieskie jeansy z wysokim stanem<\/strong> \u2013 kobiecy fason, kt\u00f3ry podkre\u015bla sylwetk\u0119 i wysmukla nogi.<\/p>\n","protected":false},"featured_media":2288,"comment_status":"open","ping_status":"closed","template":"","meta":{"ocean_post_layout":"","ocean_both_sidebars_style":"","ocean_both_sidebars_content_width":0,"ocean_both_sidebars_sidebars_width":0,"ocean_sidebar":"0","ocean_second_sidebar":"0","ocean_disable_margins":"enable","ocean_add_body_class":"","ocean_shortcode_before_top_bar":"","ocean_shortcode_after_top_bar":"","ocean_shortcode_before_header":"","ocean_shortcode_after_header":"","ocean_has_shortcode":"","ocean_shortcode_after_title":"","ocean_shortcode_before_footer_widgets":"","ocean_shortcode_after_footer_widgets":"","ocean_shortcode_before_footer_bottom":"","ocean_shortcode_after_footer_bottom":"","ocean_display_top_bar":"default","ocean_display_header":"default","ocean_header_style":"","ocean_center_header_left_menu":"0","ocean_custom_header_template":"0","ocean_custom_logo":0,"ocean_custom_retina_logo":0,"ocean_custom_logo_max_width":0,"ocean_custom_logo_tablet_max_width":0,"ocean_custom_logo_mobile_max_width":0,"ocean_custom_logo_max_height":0,"ocean_custom_logo_tablet_max_height":0,"ocean_custom_logo_mobile_max_height":0,"ocean_header_custom_menu":"0","ocean_menu_typo_font_family":"0","ocean_menu_typo_font_subset":"","ocean_menu_typo_font_size":0,"ocean_menu_typo_font_size_tablet":0,"ocean_menu_typo_font_size_mobile":0,"ocean_menu_typo_font_size_unit":"px","ocean_menu_typo_font_weight":"","ocean_menu_typo_font_weight_tablet":"","ocean_menu_typo_font_weight_mobile":"","ocean_menu_typo_transform":"","ocean_menu_typo_transform_tablet":"","ocean_menu_typo_transform_mobile":"","ocean_menu_typo_line_height":0,"ocean_menu_typo_line_height_tablet":0,"ocean_menu_typo_line_height_mobile":0,"ocean_menu_typo_line_height_unit":"","ocean_menu_typo_spacing":0,"ocean_menu_typo_spacing_tablet":0,"ocean_menu_typo_spacing_mobile":0,"ocean_menu_typo_spacing_unit":"","ocean_menu_link_color":"","ocean_menu_link_color_hover":"","ocean_menu_link_color_active":"","ocean_menu_link_background":"","ocean_menu_link_hover_background":"","ocean_menu_link_active_background":"","ocean_menu_social_links_bg":"","ocean_menu_social_hover_links_bg":"","ocean_menu_social_links_color":"","ocean_menu_social_hover_links_color":"","ocean_disable_title":"default","ocean_disable_heading":"default","ocean_post_title":"","ocean_post_subheading":"","ocean_post_title_style":"","ocean_post_title_background_color":"","ocean_post_title_background":0,"ocean_post_title_bg_image_position":"","ocean_post_title_bg_image_attachment":"","ocean_post_title_bg_image_repeat":"","ocean_post_title_bg_image_size":"","ocean_post_title_height":0,"ocean_post_title_bg_overlay":0.5,"ocean_post_title_bg_overlay_color":"","ocean_disable_breadcrumbs":"default","ocean_breadcrumbs_color":"","ocean_breadcrumbs_separator_color":"","ocean_breadcrumbs_links_color":"","ocean_breadcrumbs_links_hover_color":"","ocean_display_footer_widgets":"default","ocean_display_footer_bottom":"default","ocean_custom_footer_template":"0"},"product_brand":[629],"product_cat":[33,39],"product_tag":[1326,1329,836,1327,366],"class_list":{"0":"post-2286","1":"product","2":"type-product","3":"status-publish","4":"has-post-thumbnail","6":"product_brand-trang-jeans","7":"product_cat-kolekcja-damska","8":"product_cat-jeans","9":"product_tag-ciemnoniebieskie-jeans","10":"product_tag-damskie-jeans","11":"product_tag-jeansy-z-efektem-push-up","12":"product_tag-wygodne-jeans","13":"product_tag-wysoki-stan","15":"entry","16":"has-media","18":"first","19":"instock","20":"shipping-taxable","21":"purchasable","22":"product-type-variable","23":"has-product-nav","24":"col","25":"span_1_of_3","26":"owp-content-center","27":"owp-thumbs-layout-horizontal","28":"owp-btn-normal","29":"owp-tabs-layout-vertical"},"_links":{"self":[{"href":"https:\/\/blauwfashion.com\/pl\/wp-json\/wp\/v2\/product\/2286","targetHints":{"allow":["GET"]}}],"collection":[{"href":"https:\/\/blauwfashion.com\/pl\/wp-json\/wp\/v2\/product"}],"about":[{"href":"https:\/\/blauwfashion.com\/pl\/wp-json\/wp\/v2\/types\/product"}],"replies":[{"embeddable":true,"href":"https:\/\/blauwfashion.com\/pl\/wp-json\/wp\/v2\/comments?post=2286"}],"wp:featuredmedia":[{"embeddable":true,"href":"https:\/\/blauwfashion.com\/pl\/wp-json\/wp\/v2\/media\/2288"}],"wp:attachment":[{"href":"https:\/\/blauwfashion.com\/pl\/wp-json\/wp\/v2\/media?parent=2286"}],"wp:term":[{"taxonomy":"product_brand","embeddable":true,"href":"https:\/\/blauwfashion.com\/pl\/wp-json\/wp\/v2\/product_brand?post=2286"},{"taxonomy":"product_cat","embeddable":true,"href":"https:\/\/blauwfashion.com\/pl\/wp-json\/wp\/v2\/product_cat?post=2286"},{"taxonomy":"product_tag","embeddable":true,"href":"https:\/\/blauwfashion.com\/pl\/wp-json\/wp\/v2\/product_tag?post=2286"}],"curies":[{"name":"wp","href":"https:\/\/api.w.org\/{rel}","templated":true}]}}