{"id":2276,"date":"2025-10-20T11:59:49","date_gmt":"2025-10-20T09:59:49","guid":{"rendered":"https:\/\/blauwfashion.com\/?post_type=product&#038;p=2276"},"modified":"2025-10-20T11:59:50","modified_gmt":"2025-10-20T09:59:50","slug":"jeansy-z-wysokim-stanem-i-zamkiem-z-przodu","status":"publish","type":"product","link":"https:\/\/blauwfashion.com\/pl\/jeansy-z-wysokim-stanem-i-zamkiem-z-przodu\/","title":{"rendered":"Jeansy z wysokim stanem i zamkiem z przodu"},"content":{"rendered":"<p data-start=\"310\" data-end=\"672\">Stylowe <strong data-start=\"318\" data-end=\"345\">jeansy z wysokim stanem<\/strong> to po\u0142\u0105czenie wygody i kobiecego stylu \ud83d\udc99<br data-start=\"387\" data-end=\"390\" \/>Model pi\u0119knie podkre\u015bla tali\u0119 i biodra, a elastyczny materia\u0142 zapewnia idealne dopasowanie oraz komfort noszenia przez ca\u0142y dzie\u0144.<br data-start=\"520\" data-end=\"523\" \/>Zamek z przodu nadaje im nowoczesnego charakteru, a klasyczny denimowy odcie\u0144 sprawia, \u017ce pasuj\u0105 do wszystkiego \u2013 od t-shirtu po eleganck\u0105 koszul\u0119.<\/p>\n<p data-start=\"674\" data-end=\"814\">\u2714 Wysoki stan \u2013 podkre\u015bla tali\u0119<br data-start=\"705\" data-end=\"708\" \/>\u2714 Elastyczny, dopasowany materia\u0142<br data-start=\"741\" data-end=\"744\" \/>\u2714 Zamek z przodu<br data-start=\"760\" data-end=\"763\" \/>\u2714 Klasyczny jeansowy kolor<br data-start=\"789\" data-end=\"792\" \/>\u2714 Rozmiary: XS, M, L<\/p>\n","protected":false},"excerpt":{"rendered":"<p>Dopasowane jeansy z wysokim stanem i zamkiem z przodu \u2013 wygodne, elastyczne i stylowe.<\/p>\n","protected":false},"featured_media":2278,"comment_status":"open","ping_status":"closed","template":"","meta":{"ocean_post_layout":"","ocean_both_sidebars_style":"","ocean_both_sidebars_content_width":0,"ocean_both_sidebars_sidebars_width":0,"ocean_sidebar":"0","ocean_second_sidebar":"0","ocean_disable_margins":"enable","ocean_add_body_class":"","ocean_shortcode_before_top_bar":"","ocean_shortcode_after_top_bar":"","ocean_shortcode_before_header":"","ocean_shortcode_after_header":"","ocean_has_shortcode":"","ocean_shortcode_after_title":"","ocean_shortcode_before_footer_widgets":"","ocean_shortcode_after_footer_widgets":"","ocean_shortcode_before_footer_bottom":"","ocean_shortcode_after_footer_bottom":"","ocean_display_top_bar":"default","ocean_display_header":"default","ocean_header_style":"","ocean_center_header_left_menu":"0","ocean_custom_header_template":"0","ocean_custom_logo":0,"ocean_custom_retina_logo":0,"ocean_custom_logo_max_width":0,"ocean_custom_logo_tablet_max_width":0,"ocean_custom_logo_mobile_max_width":0,"ocean_custom_logo_max_height":0,"ocean_custom_logo_tablet_max_height":0,"ocean_custom_logo_mobile_max_height":0,"ocean_header_custom_menu":"0","ocean_menu_typo_font_family":"0","ocean_menu_typo_font_subset":"","ocean_menu_typo_font_size":0,"ocean_menu_typo_font_size_tablet":0,"ocean_menu_typo_font_size_mobile":0,"ocean_menu_typo_font_size_unit":"px","ocean_menu_typo_font_weight":"","ocean_menu_typo_font_weight_tablet":"","ocean_menu_typo_font_weight_mobile":"","ocean_menu_typo_transform":"","ocean_menu_typo_transform_tablet":"","ocean_menu_typo_transform_mobile":"","ocean_menu_typo_line_height":0,"ocean_menu_typo_line_height_tablet":0,"ocean_menu_typo_line_height_mobile":0,"ocean_menu_typo_line_height_unit":"","ocean_menu_typo_spacing":0,"ocean_menu_typo_spacing_tablet":0,"ocean_menu_typo_spacing_mobile":0,"ocean_menu_typo_spacing_unit":"","ocean_menu_link_color":"","ocean_menu_link_color_hover":"","ocean_menu_link_color_active":"","ocean_menu_link_background":"","ocean_menu_link_hover_background":"","ocean_menu_link_active_background":"","ocean_menu_social_links_bg":"","ocean_menu_social_hover_links_bg":"","ocean_menu_social_links_color":"","ocean_menu_social_hover_links_color":"","ocean_disable_title":"default","ocean_disable_heading":"default","ocean_post_title":"","ocean_post_subheading":"","ocean_post_title_style":"","ocean_post_title_background_color":"","ocean_post_title_background":0,"ocean_post_title_bg_image_position":"","ocean_post_title_bg_image_attachment":"","ocean_post_title_bg_image_repeat":"","ocean_post_title_bg_image_size":"","ocean_post_title_height":0,"ocean_post_title_bg_overlay":0.5,"ocean_post_title_bg_overlay_color":"","ocean_disable_breadcrumbs":"default","ocean_breadcrumbs_color":"","ocean_breadcrumbs_separator_color":"","ocean_breadcrumbs_links_color":"","ocean_breadcrumbs_links_hover_color":"","ocean_display_footer_widgets":"default","ocean_display_footer_bottom":"default","ocean_custom_footer_template":"0"},"product_brand":[629],"product_cat":[33,39],"product_tag":[1323,369,1322,1107,366],"class_list":{"0":"post-2276","1":"product","2":"type-product","3":"status-publish","4":"has-post-thumbnail","6":"product_brand-trang-jeans","7":"product_cat-kolekcja-damska","8":"product_cat-jeans","9":"product_tag-dopasowane-jeans","10":"product_tag-jeans","11":"product_tag-jeans-z-zamkiem","12":"product_tag-wygodne-jeansy","13":"product_tag-wysoki-stan","15":"entry","16":"has-media","18":"first","19":"instock","20":"shipping-taxable","21":"purchasable","22":"product-type-variable","23":"has-product-nav","24":"col","25":"span_1_of_3","26":"owp-content-center","27":"owp-thumbs-layout-horizontal","28":"owp-btn-normal","29":"owp-tabs-layout-vertical","30":"has-no-thumbnails"},"_links":{"self":[{"href":"https:\/\/blauwfashion.com\/pl\/wp-json\/wp\/v2\/product\/2276","targetHints":{"allow":["GET"]}}],"collection":[{"href":"https:\/\/blauwfashion.com\/pl\/wp-json\/wp\/v2\/product"}],"about":[{"href":"https:\/\/blauwfashion.com\/pl\/wp-json\/wp\/v2\/types\/product"}],"replies":[{"embeddable":true,"href":"https:\/\/blauwfashion.com\/pl\/wp-json\/wp\/v2\/comments?post=2276"}],"wp:featuredmedia":[{"embeddable":true,"href":"https:\/\/blauwfashion.com\/pl\/wp-json\/wp\/v2\/media\/2278"}],"wp:attachment":[{"href":"https:\/\/blauwfashion.com\/pl\/wp-json\/wp\/v2\/media?parent=2276"}],"wp:term":[{"taxonomy":"product_brand","embeddable":true,"href":"https:\/\/blauwfashion.com\/pl\/wp-json\/wp\/v2\/product_brand?post=2276"},{"taxonomy":"product_cat","embeddable":true,"href":"https:\/\/blauwfashion.com\/pl\/wp-json\/wp\/v2\/product_cat?post=2276"},{"taxonomy":"product_tag","embeddable":true,"href":"https:\/\/blauwfashion.com\/pl\/wp-json\/wp\/v2\/product_tag?post=2276"}],"curies":[{"name":"wp","href":"https:\/\/api.w.org\/{rel}","templated":true}]}}