{"id":2206,"date":"2025-10-05T19:51:44","date_gmt":"2025-10-05T17:51:44","guid":{"rendered":"https:\/\/blauwfashion.com\/?post_type=product&#038;p=2206"},"modified":"2025-10-05T20:05:15","modified_gmt":"2025-10-05T18:05:15","slug":"czarne-spodnie-bawelniane-z-wysokim-stanem","status":"publish","type":"product","link":"https:\/\/blauwfashion.com\/pl\/czarne-spodnie-bawelniane-z-wysokim-stanem\/","title":{"rendered":"Czarne spodnie bawe\u0142niane z wysokim stanem"},"content":{"rendered":"<p data-start=\"153\" data-end=\"538\">Stylowe spodnie damskie wykonane z mi\u0119kkiej, elastycznej bawe\u0142ny, kt\u00f3ra idealnie dopasowuje si\u0119 do sylwetki. Zapewniaj\u0105 wygod\u0119 noszenia i elegancki wygl\u0105d w ka\u017cdej sytuacji.<br data-start=\"405\" data-end=\"408\" \/>Model posiada <strong data-start=\"422\" data-end=\"440\">zamek z przodu<\/strong>\u00a0 kt\u00f3ry dodaje im nowoczesnego charakteru.<\/p>\n<p data-start=\"540\" data-end=\"690\">To idealna propozycja zar\u00f3wno do codziennych, jak i bardziej eleganckich stylizacji \u2013 \u015bwietnie wygl\u0105daj\u0105 z koszul\u0105, golfem czy klasycznym T-shirtem.<\/p>\n<p data-start=\"692\" data-end=\"908\">\u2714 Wysoki stan \u2013 podkre\u015bla tali\u0119 i wyd\u0142u\u017ca nogi<br data-start=\"738\" data-end=\"741\" \/>\u2714 Zamek z przodu<br data-start=\"776\" data-end=\"779\" \/>\u2714 Mi\u0119kki, oddychaj\u0105cy materia\u0142 z bawe\u0142ny<br data-start=\"819\" data-end=\"822\" \/>\u2714 Wygodny, dopasowany kr\u00f3j<br data-start=\"848\" data-end=\"851\" \/>\u2714 Dost\u0119pne rozmiary: S\/M M\/L Xl\/2Xl<br data-start=\"879\" data-end=\"882\" \/>\u2714 Kolor: klasyczna czer\u0144<\/p>\n<p data-start=\"910\" data-end=\"1023\">\ud83c\udf38 Doskona\u0142y wyb\u00f3r na co dzie\u0144, do pracy lub wieczorne wyj\u015bcie \u2013 ponadczasowy fason, kt\u00f3ry zawsze wygl\u0105da dobrze!<\/p>\n","protected":false},"excerpt":{"rendered":"<p>Czarne spodnie bawe\u0142niane z wysokim stanem i zamkiem z przodu. Mi\u0119kkie, elastyczne i wygodne \u2013 idealne do codziennych i eleganckich stylizacji.<\/p>\n","protected":false},"featured_media":2208,"comment_status":"open","ping_status":"closed","template":"","meta":{"ocean_post_layout":"","ocean_both_sidebars_style":"","ocean_both_sidebars_content_width":0,"ocean_both_sidebars_sidebars_width":0,"ocean_sidebar":"0","ocean_second_sidebar":"0","ocean_disable_margins":"enable","ocean_add_body_class":"","ocean_shortcode_before_top_bar":"","ocean_shortcode_after_top_bar":"","ocean_shortcode_before_header":"","ocean_shortcode_after_header":"","ocean_has_shortcode":"","ocean_shortcode_after_title":"","ocean_shortcode_before_footer_widgets":"","ocean_shortcode_after_footer_widgets":"","ocean_shortcode_before_footer_bottom":"","ocean_shortcode_after_footer_bottom":"","ocean_display_top_bar":"default","ocean_display_header":"default","ocean_header_style":"","ocean_center_header_left_menu":"0","ocean_custom_header_template":"0","ocean_custom_logo":0,"ocean_custom_retina_logo":0,"ocean_custom_logo_max_width":0,"ocean_custom_logo_tablet_max_width":0,"ocean_custom_logo_mobile_max_width":0,"ocean_custom_logo_max_height":0,"ocean_custom_logo_tablet_max_height":0,"ocean_custom_logo_mobile_max_height":0,"ocean_header_custom_menu":"0","ocean_menu_typo_font_family":"0","ocean_menu_typo_font_subset":"","ocean_menu_typo_font_size":0,"ocean_menu_typo_font_size_tablet":0,"ocean_menu_typo_font_size_mobile":0,"ocean_menu_typo_font_size_unit":"px","ocean_menu_typo_font_weight":"","ocean_menu_typo_font_weight_tablet":"","ocean_menu_typo_font_weight_mobile":"","ocean_menu_typo_transform":"","ocean_menu_typo_transform_tablet":"","ocean_menu_typo_transform_mobile":"","ocean_menu_typo_line_height":0,"ocean_menu_typo_line_height_tablet":0,"ocean_menu_typo_line_height_mobile":0,"ocean_menu_typo_line_height_unit":"","ocean_menu_typo_spacing":0,"ocean_menu_typo_spacing_tablet":0,"ocean_menu_typo_spacing_mobile":0,"ocean_menu_typo_spacing_unit":"","ocean_menu_link_color":"","ocean_menu_link_color_hover":"","ocean_menu_link_color_active":"","ocean_menu_link_background":"","ocean_menu_link_hover_background":"","ocean_menu_link_active_background":"","ocean_menu_social_links_bg":"","ocean_menu_social_hover_links_bg":"","ocean_menu_social_links_color":"","ocean_menu_social_hover_links_color":"","ocean_disable_title":"default","ocean_disable_heading":"default","ocean_post_title":"","ocean_post_subheading":"","ocean_post_title_style":"","ocean_post_title_background_color":"","ocean_post_title_background":0,"ocean_post_title_bg_image_position":"","ocean_post_title_bg_image_attachment":"","ocean_post_title_bg_image_repeat":"","ocean_post_title_bg_image_size":"","ocean_post_title_height":0,"ocean_post_title_bg_overlay":0.5,"ocean_post_title_bg_overlay_color":"","ocean_disable_breadcrumbs":"default","ocean_breadcrumbs_color":"","ocean_breadcrumbs_separator_color":"","ocean_breadcrumbs_links_color":"","ocean_breadcrumbs_links_hover_color":"","ocean_display_footer_widgets":"default","ocean_display_footer_bottom":"default","ocean_custom_footer_template":"0"},"product_brand":[1276],"product_cat":[33,45],"product_tag":[558,1278,295,291,1277,1101,1279,290],"class_list":{"0":"post-2206","1":"product","2":"type-product","3":"status-publish","4":"has-post-thumbnail","6":"product_brand-miego","7":"product_cat-kolekcja-damska","8":"product_cat-spodnie-i-spodenki","9":"product_tag-czarne-spodnie","10":"product_tag-eleganckie-spodnie","11":"product_tag-klasyczne-spodnie","12":"product_tag-modne-spodnie","13":"product_tag-spodnie-bawelniane","14":"product_tag-spodnie-damskie","15":"product_tag-spodnie-na-zamek","16":"product_tag-spodnie-z-wysokim-stanem","18":"entry","19":"has-media","21":"first","22":"instock","23":"shipping-taxable","24":"purchasable","25":"product-type-variable","26":"has-product-nav","27":"col","28":"span_1_of_3","29":"owp-content-center","30":"owp-thumbs-layout-horizontal","31":"owp-btn-normal","32":"owp-tabs-layout-vertical","33":"has-no-thumbnails"},"_links":{"self":[{"href":"https:\/\/blauwfashion.com\/pl\/wp-json\/wp\/v2\/product\/2206","targetHints":{"allow":["GET"]}}],"collection":[{"href":"https:\/\/blauwfashion.com\/pl\/wp-json\/wp\/v2\/product"}],"about":[{"href":"https:\/\/blauwfashion.com\/pl\/wp-json\/wp\/v2\/types\/product"}],"replies":[{"embeddable":true,"href":"https:\/\/blauwfashion.com\/pl\/wp-json\/wp\/v2\/comments?post=2206"}],"wp:featuredmedia":[{"embeddable":true,"href":"https:\/\/blauwfashion.com\/pl\/wp-json\/wp\/v2\/media\/2208"}],"wp:attachment":[{"href":"https:\/\/blauwfashion.com\/pl\/wp-json\/wp\/v2\/media?parent=2206"}],"wp:term":[{"taxonomy":"product_brand","embeddable":true,"href":"https:\/\/blauwfashion.com\/pl\/wp-json\/wp\/v2\/product_brand?post=2206"},{"taxonomy":"product_cat","embeddable":true,"href":"https:\/\/blauwfashion.com\/pl\/wp-json\/wp\/v2\/product_cat?post=2206"},{"taxonomy":"product_tag","embeddable":true,"href":"https:\/\/blauwfashion.com\/pl\/wp-json\/wp\/v2\/product_tag?post=2206"}],"curies":[{"name":"wp","href":"https:\/\/api.w.org\/{rel}","templated":true}]}}