{"id":2136,"date":"2025-08-17T20:03:22","date_gmt":"2025-08-17T18:03:22","guid":{"rendered":"https:\/\/blauwfashion.com\/?post_type=product&#038;p=2136"},"modified":"2025-10-04T18:37:14","modified_gmt":"2025-10-04T16:37:14","slug":"czarna-kurtka-z-fredzlami-eko-skora","status":"publish","type":"product","link":"https:\/\/blauwfashion.com\/pl\/czarna-kurtka-z-fredzlami-eko-skora\/","title":{"rendered":"Czarna kurtka z fr\u0119dzlami (eko sk\u00f3ra)"},"content":{"rendered":"<p data-start=\"420\" data-end=\"729\">Model, kt\u00f3ry robi ca\u0142y look \u2728 Kr\u00f3tka, lekko dopasowana ramoneska z d\u0142ugimi fr\u0119dzlami \u2013 pi\u0119knie pracuj\u0105 w ruchu i dodaj\u0105 charakteru ka\u017cdej stylizacji. Mi\u0119kka eko sk\u00f3ra jest wygodna i \u015bwietnie uk\u0142ada si\u0119 na sylwetce. No\u015b do d\u017cins\u00f3w, sukienek i botk\u00f3w lub w wersji wieczorowej na total black.<\/p>\n<p data-start=\"731\" data-end=\"745\"><strong data-start=\"731\" data-end=\"745\">Szczeg\u00f3\u0142y:<\/strong><\/p>\n<ul data-start=\"746\" data-end=\"986\">\n<li data-start=\"746\" data-end=\"784\">\n<p data-start=\"748\" data-end=\"784\">kr\u00f3j: ramoneska, d\u0142ugo\u015b\u0107 do bioder<\/p>\n<\/li>\n<li data-start=\"785\" data-end=\"823\">\n<p data-start=\"787\" data-end=\"823\"><strong data-start=\"787\" data-end=\"798\">fr\u0119dzle<\/strong> na r\u0119kawach i przodzie<\/p>\n<\/li>\n<li data-start=\"824\" data-end=\"869\">\n<p data-start=\"826\" data-end=\"869\"><strong data-start=\"443\" data-end=\"475\">model bez zapi\u0119cia (otwarta)<\/strong>, ko\u0142nierz z klapami<\/p>\n<\/li>\n<li data-start=\"870\" data-end=\"929\">\n<p data-start=\"872\" data-end=\"929\">materia\u0142: <strong data-start=\"882\" data-end=\"927\">eko sk\u00f3ra (PU na podk\u0142adzie poliestrowym)<\/strong><\/p>\n<\/li>\n<li data-start=\"930\" data-end=\"951\">\n<p data-start=\"932\" data-end=\"951\">kolor: <strong data-start=\"939\" data-end=\"949\">czarny<\/strong><\/p>\n<\/li>\n<li data-start=\"952\" data-end=\"986\">\n<p data-start=\"954\" data-end=\"986\">rozmiar: <strong data-start=\"963\" data-end=\"986\">UNI \u2013 pasuje na S\u2013L<\/strong><\/p>\n<\/li>\n<\/ul>\n<p data-start=\"988\" data-end=\"1198\"><strong data-start=\"988\" data-end=\"1018\">Dopasowanie \/ rozmiar\u00f3wka:<\/strong><br data-start=\"1018\" data-end=\"1021\" \/>Uniwersalny kr\u00f3j z miejscem na cienki sweter\/bluzk\u0119. Je\u017celi nosisz rozmiar mi\u0119dzy S a L \u2013 <strong data-start=\"1111\" data-end=\"1118\">UNI<\/strong> b\u0119dzie odpowiedni. Przy sylwetce bli\u017cej L \u2013 uzyskasz efekt bardziej dopasowany.<\/p>\n<p data-start=\"1200\" data-end=\"1345\"><strong data-start=\"1200\" data-end=\"1216\">Piel\u0119gnacja:<\/strong><br data-start=\"1216\" data-end=\"1219\" \/>Przeciera\u0107 wilgotn\u0105 \u015bciereczk\u0105; nie pra\u0107 w pralce, nie suszy\u0107 w suszarce; prasowa\u0107 wy\u0142\u0105cznie przez \u015bciereczk\u0119 na niskiej temp.<\/p>\n","protected":false},"excerpt":{"rendered":"<p>Efektowna kurtka z <strong data-start=\"278\" data-end=\"291\">fr\u0119dzlami<\/strong> na r\u0119kawach i przodzie. Mi\u0119kka <strong data-start=\"323\" data-end=\"341\">eko sk\u00f3ra (PU)<\/strong>, klasyczny ko\u0142nierz. <strong data-start=\"386\" data-end=\"418\">Rozmiar UNI \u2013 pasuje na S\u2013L.<\/strong><\/p>\n","protected":false},"featured_media":2137,"comment_status":"open","ping_status":"closed","template":"","meta":{"ocean_post_layout":"","ocean_both_sidebars_style":"","ocean_both_sidebars_content_width":0,"ocean_both_sidebars_sidebars_width":0,"ocean_sidebar":"0","ocean_second_sidebar":"0","ocean_disable_margins":"enable","ocean_add_body_class":"","ocean_shortcode_before_top_bar":"","ocean_shortcode_after_top_bar":"","ocean_shortcode_before_header":"","ocean_shortcode_after_header":"","ocean_has_shortcode":"","ocean_shortcode_after_title":"","ocean_shortcode_before_footer_widgets":"","ocean_shortcode_after_footer_widgets":"","ocean_shortcode_before_footer_bottom":"","ocean_shortcode_after_footer_bottom":"","ocean_display_top_bar":"default","ocean_display_header":"default","ocean_header_style":"","ocean_center_header_left_menu":"0","ocean_custom_header_template":"0","ocean_custom_logo":0,"ocean_custom_retina_logo":0,"ocean_custom_logo_max_width":0,"ocean_custom_logo_tablet_max_width":0,"ocean_custom_logo_mobile_max_width":0,"ocean_custom_logo_max_height":0,"ocean_custom_logo_tablet_max_height":0,"ocean_custom_logo_mobile_max_height":0,"ocean_header_custom_menu":"0","ocean_menu_typo_font_family":"0","ocean_menu_typo_font_subset":"","ocean_menu_typo_font_size":0,"ocean_menu_typo_font_size_tablet":0,"ocean_menu_typo_font_size_mobile":0,"ocean_menu_typo_font_size_unit":"px","ocean_menu_typo_font_weight":"","ocean_menu_typo_font_weight_tablet":"","ocean_menu_typo_font_weight_mobile":"","ocean_menu_typo_transform":"","ocean_menu_typo_transform_tablet":"","ocean_menu_typo_transform_mobile":"","ocean_menu_typo_line_height":0,"ocean_menu_typo_line_height_tablet":0,"ocean_menu_typo_line_height_mobile":0,"ocean_menu_typo_line_height_unit":"","ocean_menu_typo_spacing":0,"ocean_menu_typo_spacing_tablet":0,"ocean_menu_typo_spacing_mobile":0,"ocean_menu_typo_spacing_unit":"","ocean_menu_link_color":"","ocean_menu_link_color_hover":"","ocean_menu_link_color_active":"","ocean_menu_link_background":"","ocean_menu_link_hover_background":"","ocean_menu_link_active_background":"","ocean_menu_social_links_bg":"","ocean_menu_social_hover_links_bg":"","ocean_menu_social_links_color":"","ocean_menu_social_hover_links_color":"","ocean_disable_title":"default","ocean_disable_heading":"default","ocean_post_title":"","ocean_post_subheading":"","ocean_post_title_style":"","ocean_post_title_background_color":"","ocean_post_title_background":0,"ocean_post_title_bg_image_position":"","ocean_post_title_bg_image_attachment":"","ocean_post_title_bg_image_repeat":"","ocean_post_title_bg_image_size":"","ocean_post_title_height":0,"ocean_post_title_bg_overlay":0.5,"ocean_post_title_bg_overlay_color":"","ocean_disable_breadcrumbs":"default","ocean_breadcrumbs_color":"","ocean_breadcrumbs_separator_color":"","ocean_breadcrumbs_links_color":"","ocean_breadcrumbs_links_hover_color":"","ocean_display_footer_widgets":"default","ocean_display_footer_bottom":"default","ocean_custom_footer_template":"0"},"product_brand":[259],"product_cat":[33,58],"product_tag":[1241,744,1242,1245,1243,1239,1240,1244,1227,1226],"class_list":{"0":"post-2136","1":"product","2":"type-product","3":"status-publish","4":"has-post-thumbnail","6":"product_brand-new-collection","7":"product_cat-kolekcja-damska","8":"product_cat-kurtki","9":"product_tag-biker","10":"product_tag-czarna-kurtka","11":"product_tag-eko-skora","12":"product_tag-festival","13":"product_tag-fringe","14":"product_tag-kurtka-z-fredzlami","15":"product_tag-ramoneska","16":"product_tag-rock-chic","17":"product_tag-s-l","18":"product_tag-uni","20":"entry","21":"has-media","23":"first","24":"instock","25":"shipping-taxable","26":"purchasable","27":"product-type-simple","28":"has-product-nav","29":"col","30":"span_1_of_3","31":"owp-content-center","32":"owp-thumbs-layout-horizontal","33":"owp-btn-normal","34":"owp-tabs-layout-vertical","35":"has-no-thumbnails"},"_links":{"self":[{"href":"https:\/\/blauwfashion.com\/pl\/wp-json\/wp\/v2\/product\/2136","targetHints":{"allow":["GET"]}}],"collection":[{"href":"https:\/\/blauwfashion.com\/pl\/wp-json\/wp\/v2\/product"}],"about":[{"href":"https:\/\/blauwfashion.com\/pl\/wp-json\/wp\/v2\/types\/product"}],"replies":[{"embeddable":true,"href":"https:\/\/blauwfashion.com\/pl\/wp-json\/wp\/v2\/comments?post=2136"}],"wp:featuredmedia":[{"embeddable":true,"href":"https:\/\/blauwfashion.com\/pl\/wp-json\/wp\/v2\/media\/2137"}],"wp:attachment":[{"href":"https:\/\/blauwfashion.com\/pl\/wp-json\/wp\/v2\/media?parent=2136"}],"wp:term":[{"taxonomy":"product_brand","embeddable":true,"href":"https:\/\/blauwfashion.com\/pl\/wp-json\/wp\/v2\/product_brand?post=2136"},{"taxonomy":"product_cat","embeddable":true,"href":"https:\/\/blauwfashion.com\/pl\/wp-json\/wp\/v2\/product_cat?post=2136"},{"taxonomy":"product_tag","embeddable":true,"href":"https:\/\/blauwfashion.com\/pl\/wp-json\/wp\/v2\/product_tag?post=2136"}],"curies":[{"name":"wp","href":"https:\/\/api.w.org\/{rel}","templated":true}]}}