{"id":2005,"date":"2025-06-08T13:52:05","date_gmt":"2025-06-08T11:52:05","guid":{"rendered":"https:\/\/blauwfashion.com\/?post_type=product&#038;p=2005"},"modified":"2026-03-26T17:37:55","modified_gmt":"2026-03-26T15:37:55","slug":"niebieskie-plisowane-szwedy-lekkie-spodnie","status":"publish","type":"product","link":"https:\/\/blauwfashion.com\/pl\/niebieskie-plisowane-szwedy-lekkie-spodnie\/","title":{"rendered":"Niebieskie plisowane szwedy \u2013 lekkie spodnie"},"content":{"rendered":"<p data-start=\"284\" data-end=\"523\">Wprowad\u017a powiew \u015bwie\u017co\u015bci do swojej letniej garderoby z tymi zachwycaj\u0105cymi plisowanymi szwedami w kolorze b\u0142\u0119kitnym.<br data-start=\"401\" data-end=\"404\" \/>To model, kt\u00f3ry \u0142\u0105czy wygod\u0119, styl i kobiecy luz \u2013 idealny na wakacyjne dni, letnie spacery, a nawet wieczorne wyj\u015bcia.<\/p>\n<p data-start=\"525\" data-end=\"789\">Szeroka, zwiewna nogawka zapewnia lekko\u015b\u0107 i elegancki efekt przy ka\u017cdym ruchu. Elastyczna gumka w pasie pi\u0119knie dopasowuje si\u0119 do sylwetki, a wysoki stan subtelnie podkre\u015bla tali\u0119.<br data-start=\"705\" data-end=\"708\" \/>Wygodny, <strong data-start=\"717\" data-end=\"740\">uniwersalny rozmiar<\/strong> \u2013 pasuje na osoby o obwodzie talii do <strong data-start=\"779\" data-end=\"788\">90 cm<\/strong>.<\/p>\n<p data-start=\"791\" data-end=\"1137\">Plisowany materia\u0142 nie tylko dodaje charakteru, ale tak\u017ce pi\u0119knie uk\u0142ada si\u0119 na ciele, tworz\u0105c wyd\u0142u\u017caj\u0105cy efekt \u2013 idealny dla ka\u017cdej sylwetki.<br data-start=\"934\" data-end=\"937\" \/>\u015awietnie komponuj\u0105 si\u0119 z kr\u00f3tkim topem, koszul\u0105, sanda\u0142kami lub sneakersami. To spodnie, kt\u00f3re mo\u017cesz za\u0142o\u017cy\u0107 zar\u00f3wno na pla\u017c\u0119, jak i na miasto \u2013 a do tego z\u0142o\u017cysz je w walizce bez obaw o zagniecenia!<\/p>\n<hr data-start=\"1139\" data-end=\"1142\" \/>\n<h3 data-start=\"1144\" data-end=\"1172\">\ud83d\udccc <strong data-start=\"1151\" data-end=\"1170\">Cechy produktu:<\/strong><\/h3>\n<p data-start=\"1173\" data-end=\"1407\">\ud83d\udd39 Fason: szeroka nogawka (szwedy)<br data-start=\"1207\" data-end=\"1210\" \/>\ud83d\udd39 Talia: elastyczna gumka<br data-start=\"1236\" data-end=\"1239\" \/>\ud83d\udd39 Rozmiar: uniwersalny \u2013 do 90 cm w pasie<br data-start=\"1281\" data-end=\"1284\" \/>\ud83d\udd39 Kolor: jasny b\u0142\u0119kit \/ pastelowy niebieski<br data-start=\"1328\" data-end=\"1331\" \/>\ud83d\udd39 Materia\u0142: lekki, zwiewny, plisowany<br data-start=\"1369\" data-end=\"1372\" \/>\ud83d\udd39 Styl: casual, miejski, wakacyjny<\/p>\n","protected":false},"excerpt":{"rendered":"<p>Niebieskie plisowane szwedy \u2013 lekkie spodnie z szerok\u0105 nogawk\u0105 na lato<\/p>\n","protected":false},"featured_media":2006,"comment_status":"open","ping_status":"closed","template":"","meta":{"ocean_post_layout":"","ocean_both_sidebars_style":"","ocean_both_sidebars_content_width":0,"ocean_both_sidebars_sidebars_width":0,"ocean_sidebar":"0","ocean_second_sidebar":"0","ocean_disable_margins":"enable","ocean_add_body_class":"","ocean_shortcode_before_top_bar":"","ocean_shortcode_after_top_bar":"","ocean_shortcode_before_header":"","ocean_shortcode_after_header":"","ocean_has_shortcode":"","ocean_shortcode_after_title":"","ocean_shortcode_before_footer_widgets":"","ocean_shortcode_after_footer_widgets":"","ocean_shortcode_before_footer_bottom":"","ocean_shortcode_after_footer_bottom":"","ocean_display_top_bar":"default","ocean_display_header":"default","ocean_header_style":"","ocean_center_header_left_menu":"0","ocean_custom_header_template":"0","ocean_custom_logo":0,"ocean_custom_retina_logo":0,"ocean_custom_logo_max_width":0,"ocean_custom_logo_tablet_max_width":0,"ocean_custom_logo_mobile_max_width":0,"ocean_custom_logo_max_height":0,"ocean_custom_logo_tablet_max_height":0,"ocean_custom_logo_mobile_max_height":0,"ocean_header_custom_menu":"0","ocean_menu_typo_font_family":"0","ocean_menu_typo_font_subset":"","ocean_menu_typo_font_size":0,"ocean_menu_typo_font_size_tablet":0,"ocean_menu_typo_font_size_mobile":0,"ocean_menu_typo_font_size_unit":"px","ocean_menu_typo_font_weight":"","ocean_menu_typo_font_weight_tablet":"","ocean_menu_typo_font_weight_mobile":"","ocean_menu_typo_transform":"","ocean_menu_typo_transform_tablet":"","ocean_menu_typo_transform_mobile":"","ocean_menu_typo_line_height":0,"ocean_menu_typo_line_height_tablet":0,"ocean_menu_typo_line_height_mobile":0,"ocean_menu_typo_line_height_unit":"","ocean_menu_typo_spacing":0,"ocean_menu_typo_spacing_tablet":0,"ocean_menu_typo_spacing_mobile":0,"ocean_menu_typo_spacing_unit":"","ocean_menu_link_color":"","ocean_menu_link_color_hover":"","ocean_menu_link_color_active":"","ocean_menu_link_background":"","ocean_menu_link_hover_background":"","ocean_menu_link_active_background":"","ocean_menu_social_links_bg":"","ocean_menu_social_hover_links_bg":"","ocean_menu_social_links_color":"","ocean_menu_social_hover_links_color":"","ocean_disable_title":"default","ocean_disable_heading":"default","ocean_post_title":"","ocean_post_subheading":"","ocean_post_title_style":"","ocean_post_title_background_color":"","ocean_post_title_background":0,"ocean_post_title_bg_image_position":"","ocean_post_title_bg_image_attachment":"","ocean_post_title_bg_image_repeat":"","ocean_post_title_bg_image_size":"","ocean_post_title_height":0,"ocean_post_title_bg_overlay":0.5,"ocean_post_title_bg_overlay_color":"","ocean_disable_breadcrumbs":"default","ocean_breadcrumbs_color":"","ocean_breadcrumbs_separator_color":"","ocean_breadcrumbs_links_color":"","ocean_breadcrumbs_links_hover_color":"","ocean_display_footer_widgets":"default","ocean_display_footer_bottom":"default","ocean_custom_footer_template":"0"},"product_brand":[309],"product_cat":[33,45],"product_tag":[1153,1155,1156,1154],"class_list":{"0":"post-2005","1":"product","2":"type-product","3":"status-publish","4":"has-post-thumbnail","6":"product_brand-italy","7":"product_cat-kolekcja-damska","8":"product_cat-spodnie-i-spodenki","9":"product_tag-lekkie-szwedy-damskie","10":"product_tag-niebieskie-spodnie-na-lato","11":"product_tag-spodnie-damskie-uniwersalny-rozmiar","12":"product_tag-spodnie-szwedy-z-gumka","14":"entry","15":"has-media","17":"first","18":"instock","19":"shipping-taxable","20":"purchasable","21":"product-type-simple","22":"has-product-nav","23":"col","24":"span_1_of_3","25":"owp-content-center","26":"owp-thumbs-layout-horizontal","27":"owp-btn-normal","28":"owp-tabs-layout-vertical","29":"has-no-thumbnails"},"_links":{"self":[{"href":"https:\/\/blauwfashion.com\/pl\/wp-json\/wp\/v2\/product\/2005","targetHints":{"allow":["GET"]}}],"collection":[{"href":"https:\/\/blauwfashion.com\/pl\/wp-json\/wp\/v2\/product"}],"about":[{"href":"https:\/\/blauwfashion.com\/pl\/wp-json\/wp\/v2\/types\/product"}],"replies":[{"embeddable":true,"href":"https:\/\/blauwfashion.com\/pl\/wp-json\/wp\/v2\/comments?post=2005"}],"wp:featuredmedia":[{"embeddable":true,"href":"https:\/\/blauwfashion.com\/pl\/wp-json\/wp\/v2\/media\/2006"}],"wp:attachment":[{"href":"https:\/\/blauwfashion.com\/pl\/wp-json\/wp\/v2\/media?parent=2005"}],"wp:term":[{"taxonomy":"product_brand","embeddable":true,"href":"https:\/\/blauwfashion.com\/pl\/wp-json\/wp\/v2\/product_brand?post=2005"},{"taxonomy":"product_cat","embeddable":true,"href":"https:\/\/blauwfashion.com\/pl\/wp-json\/wp\/v2\/product_cat?post=2005"},{"taxonomy":"product_tag","embeddable":true,"href":"https:\/\/blauwfashion.com\/pl\/wp-json\/wp\/v2\/product_tag?post=2005"}],"curies":[{"name":"wp","href":"https:\/\/api.w.org\/{rel}","templated":true}]}}