{"id":1970,"date":"2025-05-24T19:58:40","date_gmt":"2025-05-24T17:58:40","guid":{"rendered":"https:\/\/blauwfashion.com\/?post_type=product&#038;p=1970"},"modified":"2026-03-26T13:56:09","modified_gmt":"2026-03-26T11:56:09","slug":"jeansowe-szorty-z-postrzepionym-wykonczeniem","status":"publish","type":"product","link":"https:\/\/blauwfashion.com\/pl\/jeansowe-szorty-z-postrzepionym-wykonczeniem\/","title":{"rendered":"Jeansowe szorty z postrz\u0119pionym wyko\u0144czeniem"},"content":{"rendered":"<p data-start=\"168\" data-end=\"366\">Szorty \u0142\u0105cz\u0105 w sobie klasyk\u0119 i modny, m\u0142odzie\u017cowy charakter dzi\u0119ki efektownemu, postrz\u0119pionemu brzegowi. Wykonane z wysokiej jako\u015bci denimu, zapewniaj\u0105 wygod\u0119 i trwa\u0142o\u015b\u0107, idealne na ciep\u0142e dni.<\/p>\n<p data-start=\"368\" data-end=\"562\">Wysoki stan pi\u0119knie modeluje sylwetk\u0119, a kr\u00f3j gwarantuje swobod\u0119 ruch\u00f3w, dzi\u0119ki czemu szorty sprawdz\u0105 si\u0119 zar\u00f3wno na pla\u017cy, jak i podczas miejskich spacer\u00f3w czy letnich spotka\u0144 z przyjaci\u00f3\u0142mi.<\/p>\n<p data-start=\"564\" data-end=\"715\">Stylowe, a zarazem uniwersalne \u2013 \u0142atwo je zestawisz z prostym t-shirtem, crop topem lub zwiewn\u0105 bluzk\u0105, tworz\u0105c modny i wygodny look na ka\u017cd\u0105 okazj\u0119.<\/p>\n<p data-start=\"717\" data-end=\"808\">Dost\u0119pne w rozmiarach S, M, L, XL, co pozwala dopasowa\u0107 je do r\u00f3\u017cnych sylwetek i potrzeb.<\/p>\n<p data-start=\"810\" data-end=\"896\">Dodaj do swojej garderoby ten lekki, modny element i ciesz si\u0119 komfortem ka\u017cdego dnia!<\/p>\n","protected":false},"excerpt":{"rendered":"<p>Modne jeansowe szorty z postrz\u0119pionym wyko\u0144czeniem, wygodne i stylowe na lato. Dost\u0119pne w rozmiarach S-XL.<\/p>\n","protected":false},"featured_media":1972,"comment_status":"open","ping_status":"closed","template":"","meta":{"ocean_post_layout":"","ocean_both_sidebars_style":"","ocean_both_sidebars_content_width":0,"ocean_both_sidebars_sidebars_width":0,"ocean_sidebar":"0","ocean_second_sidebar":"0","ocean_disable_margins":"enable","ocean_add_body_class":"","ocean_shortcode_before_top_bar":"","ocean_shortcode_after_top_bar":"","ocean_shortcode_before_header":"","ocean_shortcode_after_header":"","ocean_has_shortcode":"","ocean_shortcode_after_title":"","ocean_shortcode_before_footer_widgets":"","ocean_shortcode_after_footer_widgets":"","ocean_shortcode_before_footer_bottom":"","ocean_shortcode_after_footer_bottom":"","ocean_display_top_bar":"default","ocean_display_header":"default","ocean_header_style":"","ocean_center_header_left_menu":"0","ocean_custom_header_template":"0","ocean_custom_logo":0,"ocean_custom_retina_logo":0,"ocean_custom_logo_max_width":0,"ocean_custom_logo_tablet_max_width":0,"ocean_custom_logo_mobile_max_width":0,"ocean_custom_logo_max_height":0,"ocean_custom_logo_tablet_max_height":0,"ocean_custom_logo_mobile_max_height":0,"ocean_header_custom_menu":"0","ocean_menu_typo_font_family":"0","ocean_menu_typo_font_subset":"","ocean_menu_typo_font_size":0,"ocean_menu_typo_font_size_tablet":0,"ocean_menu_typo_font_size_mobile":0,"ocean_menu_typo_font_size_unit":"px","ocean_menu_typo_font_weight":"","ocean_menu_typo_font_weight_tablet":"","ocean_menu_typo_font_weight_mobile":"","ocean_menu_typo_transform":"","ocean_menu_typo_transform_tablet":"","ocean_menu_typo_transform_mobile":"","ocean_menu_typo_line_height":0,"ocean_menu_typo_line_height_tablet":0,"ocean_menu_typo_line_height_mobile":0,"ocean_menu_typo_line_height_unit":"","ocean_menu_typo_spacing":0,"ocean_menu_typo_spacing_tablet":0,"ocean_menu_typo_spacing_mobile":0,"ocean_menu_typo_spacing_unit":"","ocean_menu_link_color":"","ocean_menu_link_color_hover":"","ocean_menu_link_color_active":"","ocean_menu_link_background":"","ocean_menu_link_hover_background":"","ocean_menu_link_active_background":"","ocean_menu_social_links_bg":"","ocean_menu_social_hover_links_bg":"","ocean_menu_social_links_color":"","ocean_menu_social_hover_links_color":"","ocean_disable_title":"default","ocean_disable_heading":"default","ocean_post_title":"","ocean_post_subheading":"","ocean_post_title_style":"","ocean_post_title_background_color":"","ocean_post_title_background":0,"ocean_post_title_bg_image_position":"","ocean_post_title_bg_image_attachment":"","ocean_post_title_bg_image_repeat":"","ocean_post_title_bg_image_size":"","ocean_post_title_height":0,"ocean_post_title_bg_overlay":0.5,"ocean_post_title_bg_overlay_color":"","ocean_disable_breadcrumbs":"default","ocean_breadcrumbs_color":"","ocean_breadcrumbs_separator_color":"","ocean_breadcrumbs_links_color":"","ocean_breadcrumbs_links_hover_color":"","ocean_display_footer_widgets":"default","ocean_display_footer_bottom":"default","ocean_custom_footer_template":"0"},"product_brand":[671],"product_cat":[33,39],"product_tag":[279,1108,1127,1123,480,375],"class_list":{"0":"post-1970","1":"product","2":"type-product","3":"status-publish","4":"has-post-thumbnail","6":"product_brand-moon-gril","7":"product_cat-kolekcja-damska","8":"product_cat-jeans","9":"product_tag-casual","10":"product_tag-jeansowe-szorty","11":"product_tag-letnie-spodenki","12":"product_tag-modny-look","13":"product_tag-postrzepione","14":"product_tag-wygodne","16":"entry","17":"has-media","19":"first","20":"instock","21":"shipping-taxable","22":"purchasable","23":"product-type-variable","24":"has-product-nav","25":"col","26":"span_1_of_3","27":"owp-content-center","28":"owp-thumbs-layout-horizontal","29":"owp-btn-normal","30":"owp-tabs-layout-vertical","31":"has-no-thumbnails"},"_links":{"self":[{"href":"https:\/\/blauwfashion.com\/pl\/wp-json\/wp\/v2\/product\/1970","targetHints":{"allow":["GET"]}}],"collection":[{"href":"https:\/\/blauwfashion.com\/pl\/wp-json\/wp\/v2\/product"}],"about":[{"href":"https:\/\/blauwfashion.com\/pl\/wp-json\/wp\/v2\/types\/product"}],"replies":[{"embeddable":true,"href":"https:\/\/blauwfashion.com\/pl\/wp-json\/wp\/v2\/comments?post=1970"}],"wp:featuredmedia":[{"embeddable":true,"href":"https:\/\/blauwfashion.com\/pl\/wp-json\/wp\/v2\/media\/1972"}],"wp:attachment":[{"href":"https:\/\/blauwfashion.com\/pl\/wp-json\/wp\/v2\/media?parent=1970"}],"wp:term":[{"taxonomy":"product_brand","embeddable":true,"href":"https:\/\/blauwfashion.com\/pl\/wp-json\/wp\/v2\/product_brand?post=1970"},{"taxonomy":"product_cat","embeddable":true,"href":"https:\/\/blauwfashion.com\/pl\/wp-json\/wp\/v2\/product_cat?post=1970"},{"taxonomy":"product_tag","embeddable":true,"href":"https:\/\/blauwfashion.com\/pl\/wp-json\/wp\/v2\/product_tag?post=1970"}],"curies":[{"name":"wp","href":"https:\/\/api.w.org\/{rel}","templated":true}]}}