{"id":1944,"date":"2025-05-16T21:54:10","date_gmt":"2025-05-16T19:54:10","guid":{"rendered":"https:\/\/blauwfashion.com\/?post_type=product&#038;p=1944"},"modified":"2025-10-19T16:34:46","modified_gmt":"2025-10-19T14:34:46","slug":"przetarte-szorty-jeansowe-must-have-na-lato","status":"publish","type":"product","link":"https:\/\/blauwfashion.com\/pl\/przetarte-szorty-jeansowe-must-have-na-lato\/","title":{"rendered":"Przetarte Szorty Jeansowe \u2013 Must-Have na Lato"},"content":{"rendered":"<p data-start=\"239\" data-end=\"557\"><strong data-start=\"239\" data-end=\"268\">Przetarte szorty jeansowe<\/strong> to idealny wyb\u00f3r na gor\u0105ce, letnie dni. Wykonane z wysokiej jako\u015bci denimu, s\u0105 wytrzyma\u0142e, stylowe i jednocze\u015bnie niezwykle komfortowe w noszeniu. Ich klasyczny, lekko dopasowany kr\u00f3j pi\u0119knie podkre\u015bla sylwetk\u0119, a modnie wywijane nogawki dodaj\u0105 ca\u0142o\u015bci swobodnego, casualowego charakteru.<\/p>\n<p data-start=\"559\" data-end=\"800\">Dzi\u0119ki <strong data-start=\"566\" data-end=\"587\">wysokiemu stanowi<\/strong>, te przetarte szorty jeansowe \u015bwietnie komponuj\u0105 si\u0119 z kr\u00f3tkimi topami, T-shirtami i lekkimi koszulami. Stylowe przetarcia nadaj\u0105 im lekko rockowego klimatu, idealnie wpisuj\u0105c si\u0119 w aktualne trendy mody ulicznej.<\/p>\n<hr data-start=\"802\" data-end=\"805\" \/>\n<h3 data-start=\"807\" data-end=\"828\">\u2728 Cechy produktu:<\/h3>\n<ul data-start=\"829\" data-end=\"1105\">\n<li data-start=\"829\" data-end=\"890\">\n<p data-start=\"831\" data-end=\"890\">\u2705 <strong data-start=\"833\" data-end=\"846\">Materia\u0142:<\/strong> wysokiej jako\u015bci denim \u2013 trwa\u0142y i wygodny<\/p>\n<\/li>\n<li data-start=\"891\" data-end=\"955\">\n<p data-start=\"893\" data-end=\"955\">\u2705 <strong data-start=\"895\" data-end=\"904\">Kr\u00f3j:<\/strong> klasyczny, lekko dopasowany \u2013 podkre\u015bla kszta\u0142ty<\/p>\n<\/li>\n<li data-start=\"956\" data-end=\"1005\">\n<p data-start=\"958\" data-end=\"1005\">\u2705 <strong data-start=\"960\" data-end=\"969\">Stan:<\/strong> wysoki \u2013 pasuje do top\u00f3w i crop\u00f3w<\/p>\n<\/li>\n<li data-start=\"1006\" data-end=\"1056\">\n<p data-start=\"1008\" data-end=\"1056\">\u2705 <strong data-start=\"1010\" data-end=\"1025\">Przetarcia:<\/strong> modne, lekko rockowe akcenty<\/p>\n<\/li>\n<li data-start=\"1057\" data-end=\"1105\">\n<p data-start=\"1059\" data-end=\"1105\">\u2705 <strong data-start=\"1061\" data-end=\"1073\">Nogawki:<\/strong> wywijane \u2013 regulacja d\u0142ugo\u015bci<\/p>\n<\/li>\n<\/ul>\n<hr data-start=\"1107\" data-end=\"1110\" \/>\n<h3 data-start=\"1112\" data-end=\"1137\">\ud83d\udccf Dost\u0119pne rozmiary:<\/h3>\n<p data-start=\"1138\" data-end=\"1145\">XS \u2013 L<\/p>\n<h3 data-start=\"1147\" data-end=\"1162\">\ud83d\ude9a Wysy\u0142ka:<\/h3>\n<p data-start=\"1163\" data-end=\"1178\">1\u20132 dni robocze<\/p>\n<h3 data-start=\"1180\" data-end=\"1194\">\ud83d\udd01 Zwroty:<\/h3>\n<p data-start=\"1195\" data-end=\"1204\">Do 30 dni<\/p>\n<hr data-start=\"1206\" data-end=\"1209\" \/>\n<p data-start=\"1211\" data-end=\"1479\">Te <strong data-start=\"1214\" data-end=\"1243\">przetarte szorty jeansowe<\/strong> to absolutny must-have na lato \u2013 idealne na spacery po pla\u017cy, weekendowe wyjazdy i miejskie stylizacje. Po\u0142\u0105cz je z bia\u0142ym topem, sneakersami i okularami przeciws\u0142onecznymi, aby stworzy\u0107 modny, letni look inspirowany stylem streetwear.<\/p>\n","protected":false},"excerpt":{"rendered":"<p>Przetarte szorty jeansowe &#8211;\u00a0 idealne na lato. Wysoki stan podkre\u015bla tali\u0119, a klasyczny materia\u0142 zapewnia wygod\u0119 i trwa\u0142o\u015b\u0107.<\/p>\n","protected":false},"featured_media":1945,"comment_status":"open","ping_status":"closed","template":"","meta":{"ocean_post_layout":"","ocean_both_sidebars_style":"","ocean_both_sidebars_content_width":0,"ocean_both_sidebars_sidebars_width":0,"ocean_sidebar":"0","ocean_second_sidebar":"0","ocean_disable_margins":"enable","ocean_add_body_class":"","ocean_shortcode_before_top_bar":"","ocean_shortcode_after_top_bar":"","ocean_shortcode_before_header":"","ocean_shortcode_after_header":"","ocean_has_shortcode":"","ocean_shortcode_after_title":"","ocean_shortcode_before_footer_widgets":"","ocean_shortcode_after_footer_widgets":"","ocean_shortcode_before_footer_bottom":"","ocean_shortcode_after_footer_bottom":"","ocean_display_top_bar":"default","ocean_display_header":"default","ocean_header_style":"","ocean_center_header_left_menu":"0","ocean_custom_header_template":"0","ocean_custom_logo":0,"ocean_custom_retina_logo":0,"ocean_custom_logo_max_width":0,"ocean_custom_logo_tablet_max_width":0,"ocean_custom_logo_mobile_max_width":0,"ocean_custom_logo_max_height":0,"ocean_custom_logo_tablet_max_height":0,"ocean_custom_logo_mobile_max_height":0,"ocean_header_custom_menu":"0","ocean_menu_typo_font_family":"0","ocean_menu_typo_font_subset":"","ocean_menu_typo_font_size":0,"ocean_menu_typo_font_size_tablet":0,"ocean_menu_typo_font_size_mobile":0,"ocean_menu_typo_font_size_unit":"px","ocean_menu_typo_font_weight":"","ocean_menu_typo_font_weight_tablet":"","ocean_menu_typo_font_weight_mobile":"","ocean_menu_typo_transform":"","ocean_menu_typo_transform_tablet":"","ocean_menu_typo_transform_mobile":"","ocean_menu_typo_line_height":0,"ocean_menu_typo_line_height_tablet":0,"ocean_menu_typo_line_height_mobile":0,"ocean_menu_typo_line_height_unit":"","ocean_menu_typo_spacing":0,"ocean_menu_typo_spacing_tablet":0,"ocean_menu_typo_spacing_mobile":0,"ocean_menu_typo_spacing_unit":"","ocean_menu_link_color":"","ocean_menu_link_color_hover":"","ocean_menu_link_color_active":"","ocean_menu_link_background":"","ocean_menu_link_hover_background":"","ocean_menu_link_active_background":"","ocean_menu_social_links_bg":"","ocean_menu_social_hover_links_bg":"","ocean_menu_social_links_color":"","ocean_menu_social_hover_links_color":"","ocean_disable_title":"default","ocean_disable_heading":"default","ocean_post_title":"","ocean_post_subheading":"","ocean_post_title_style":"","ocean_post_title_background_color":"","ocean_post_title_background":0,"ocean_post_title_bg_image_position":"","ocean_post_title_bg_image_attachment":"","ocean_post_title_bg_image_repeat":"","ocean_post_title_bg_image_size":"","ocean_post_title_height":0,"ocean_post_title_bg_overlay":0.5,"ocean_post_title_bg_overlay_color":"","ocean_disable_breadcrumbs":"default","ocean_breadcrumbs_color":"","ocean_breadcrumbs_separator_color":"","ocean_breadcrumbs_links_color":"","ocean_breadcrumbs_links_hover_color":"","ocean_display_footer_widgets":"default","ocean_display_footer_bottom":"default","ocean_custom_footer_template":"0"},"product_brand":[],"product_cat":[33,39,483],"product_tag":[467,1109,1108,360,1111,923,1110],"class_list":{"0":"post-1944","1":"product","2":"type-product","3":"status-publish","4":"has-post-thumbnail","6":"product_cat-kolekcja-damska","7":"product_cat-jeans","8":"product_cat-wyprzedaz","9":"product_tag-casualowy-styl","10":"product_tag-denimowe-spodenki","11":"product_tag-jeansowe-szorty","12":"product_tag-moda-na-co-dzien","13":"product_tag-przetarte-szorty","14":"product_tag-spodenki-na-lato","15":"product_tag-wysokie-spodenki","17":"entry","18":"has-media","20":"first","21":"instock","22":"sale","23":"shipping-taxable","24":"purchasable","25":"product-type-variable","26":"has-product-nav","27":"col","28":"span_1_of_3","29":"owp-content-center","30":"owp-thumbs-layout-horizontal","31":"owp-btn-normal","32":"owp-tabs-layout-vertical","33":"has-no-thumbnails"},"_links":{"self":[{"href":"https:\/\/blauwfashion.com\/pl\/wp-json\/wp\/v2\/product\/1944","targetHints":{"allow":["GET"]}}],"collection":[{"href":"https:\/\/blauwfashion.com\/pl\/wp-json\/wp\/v2\/product"}],"about":[{"href":"https:\/\/blauwfashion.com\/pl\/wp-json\/wp\/v2\/types\/product"}],"replies":[{"embeddable":true,"href":"https:\/\/blauwfashion.com\/pl\/wp-json\/wp\/v2\/comments?post=1944"}],"wp:featuredmedia":[{"embeddable":true,"href":"https:\/\/blauwfashion.com\/pl\/wp-json\/wp\/v2\/media\/1945"}],"wp:attachment":[{"href":"https:\/\/blauwfashion.com\/pl\/wp-json\/wp\/v2\/media?parent=1944"}],"wp:term":[{"taxonomy":"product_brand","embeddable":true,"href":"https:\/\/blauwfashion.com\/pl\/wp-json\/wp\/v2\/product_brand?post=1944"},{"taxonomy":"product_cat","embeddable":true,"href":"https:\/\/blauwfashion.com\/pl\/wp-json\/wp\/v2\/product_cat?post=1944"},{"taxonomy":"product_tag","embeddable":true,"href":"https:\/\/blauwfashion.com\/pl\/wp-json\/wp\/v2\/product_tag?post=1944"}],"curies":[{"name":"wp","href":"https:\/\/api.w.org\/{rel}","templated":true}]}}