{"id":1835,"date":"2025-05-03T12:07:45","date_gmt":"2025-05-03T10:07:45","guid":{"rendered":"https:\/\/blauwfashion.com\/?post_type=product&#038;p=1835"},"modified":"2025-05-03T12:07:46","modified_gmt":"2025-05-03T10:07:46","slug":"czarne-modelujace-legginsy-z-wysokim-stanem","status":"publish","type":"product","link":"https:\/\/blauwfashion.com\/pl\/czarne-modelujace-legginsy-z-wysokim-stanem\/","title":{"rendered":"Czarne modeluj\u0105ce legginsy z wysokim stanem"},"content":{"rendered":"<p class=\"\" data-start=\"336\" data-end=\"683\">Czarne legginsy modeluj\u0105ce z pr\u0105\u017ckowanej tkaniny to idealne po\u0142\u0105czenie komfortu, stylu i efektu push-up. Dzi\u0119ki specjalnie zaprojektowanemu fasonowi pi\u0119knie podkre\u015blaj\u0105 sylwetk\u0119, unosz\u0105c po\u015bladki i wysmuklaj\u0105c nogi. Elastyczny, szeroki pas z wyci\u0119ciami nie tylko przyci\u0105ga uwag\u0119, ale tak\u017ce modeluje tali\u0119, zapewniaj\u0105c uczucie wygody i stabilno\u015bci.<\/p>\n<p class=\"\" data-start=\"685\" data-end=\"977\">Materia\u0142 idealnie dopasowuje si\u0119 do cia\u0142a, nie prze\u015bwituje i zapewnia maksymalny komfort podczas ruchu \u2013 zar\u00f3wno podczas treningu, jak i na co dzie\u0144. To legginsy, kt\u00f3re mo\u017cesz za\u0142o\u017cy\u0107 na si\u0142owni\u0119, spacer, do samolotu lub po prostu do codziennych stylizacji z oversize\u2019ow\u0105 bluz\u0105 czy T-shirtem.<\/p>\n<p class=\"\" data-start=\"979\" data-end=\"1313\">\u2714\ufe0f Modeluj\u0105cy kr\u00f3j z efektem push-up<br data-start=\"1015\" data-end=\"1018\" \/>\u2714\ufe0f Wysoki stan z ozdobnymi paskami w talii<br data-start=\"1060\" data-end=\"1063\" \/>\u2714\ufe0f Pr\u0105\u017ckowany materia\u0142 \u2013 elastyczny i oddychaj\u0105cy<br data-start=\"1112\" data-end=\"1115\" \/>\u2714\ufe0f Nie prze\u015bwituj\u0105<br data-start=\"1133\" data-end=\"1136\" \/>\u2714\ufe0f Dost\u0119pne rozmiary: <strong data-start=\"114\" data-end=\"121\">M\/L<\/strong> oraz <strong data-start=\"127\" data-end=\"137\">XL\/2XL<\/strong> \u2013 dzi\u0119ki wysokiej elastyczno\u015bci legginsy dobrze dopasowuj\u0105 si\u0119 r\u00f3wnie\u017c do rozmiaru <strong data-start=\"221\" data-end=\"226\">S<\/strong><br data-start=\"226\" data-end=\"229\" \/>\u2714\ufe0f Materia\u0142 rozci\u0105ga si\u0119 i dopasowuje do sylwetki bez ucisku<br data-start=\"289\" data-end=\"292\" \/>\u2714\ufe0f Idealne dla os\u00f3b nosz\u0105cych rozmiar od S do 2XL<br data-start=\"1252\" data-end=\"1255\" \/>\u2714\ufe0f Kolor: g\u0142\u0119boka czer\u0144<br data-start=\"1278\" data-end=\"1281\" \/>\u2714\ufe0f Idealne na trening i co dzie\u0144<\/p>\n","protected":false},"excerpt":{"rendered":"<p>Czarne legginsy modeluj\u0105ce z wysokim stanem i efektem push-up. Dost\u0119pne w rozmiarach M\/L i XL\/2XL \u2013 pasuj\u0105 r\u00f3wnie\u017c na S.<\/p>\n","protected":false},"featured_media":1837,"comment_status":"open","ping_status":"closed","template":"","meta":{"ocean_post_layout":"","ocean_both_sidebars_style":"","ocean_both_sidebars_content_width":0,"ocean_both_sidebars_sidebars_width":0,"ocean_sidebar":"0","ocean_second_sidebar":"0","ocean_disable_margins":"enable","ocean_add_body_class":"","ocean_shortcode_before_top_bar":"","ocean_shortcode_after_top_bar":"","ocean_shortcode_before_header":"","ocean_shortcode_after_header":"","ocean_has_shortcode":"","ocean_shortcode_after_title":"","ocean_shortcode_before_footer_widgets":"","ocean_shortcode_after_footer_widgets":"","ocean_shortcode_before_footer_bottom":"","ocean_shortcode_after_footer_bottom":"","ocean_display_top_bar":"default","ocean_display_header":"default","ocean_header_style":"","ocean_center_header_left_menu":"0","ocean_custom_header_template":"0","ocean_custom_logo":0,"ocean_custom_retina_logo":0,"ocean_custom_logo_max_width":0,"ocean_custom_logo_tablet_max_width":0,"ocean_custom_logo_mobile_max_width":0,"ocean_custom_logo_max_height":0,"ocean_custom_logo_tablet_max_height":0,"ocean_custom_logo_mobile_max_height":0,"ocean_header_custom_menu":"0","ocean_menu_typo_font_family":"0","ocean_menu_typo_font_subset":"","ocean_menu_typo_font_size":0,"ocean_menu_typo_font_size_tablet":0,"ocean_menu_typo_font_size_mobile":0,"ocean_menu_typo_font_size_unit":"px","ocean_menu_typo_font_weight":"","ocean_menu_typo_font_weight_tablet":"","ocean_menu_typo_font_weight_mobile":"","ocean_menu_typo_transform":"","ocean_menu_typo_transform_tablet":"","ocean_menu_typo_transform_mobile":"","ocean_menu_typo_line_height":0,"ocean_menu_typo_line_height_tablet":0,"ocean_menu_typo_line_height_mobile":0,"ocean_menu_typo_line_height_unit":"","ocean_menu_typo_spacing":0,"ocean_menu_typo_spacing_tablet":0,"ocean_menu_typo_spacing_mobile":0,"ocean_menu_typo_spacing_unit":"","ocean_menu_link_color":"","ocean_menu_link_color_hover":"","ocean_menu_link_color_active":"","ocean_menu_link_background":"","ocean_menu_link_hover_background":"","ocean_menu_link_active_background":"","ocean_menu_social_links_bg":"","ocean_menu_social_hover_links_bg":"","ocean_menu_social_links_color":"","ocean_menu_social_hover_links_color":"","ocean_disable_title":"default","ocean_disable_heading":"default","ocean_post_title":"","ocean_post_subheading":"","ocean_post_title_style":"","ocean_post_title_background_color":"","ocean_post_title_background":0,"ocean_post_title_bg_image_position":"","ocean_post_title_bg_image_attachment":"","ocean_post_title_bg_image_repeat":"","ocean_post_title_bg_image_size":"","ocean_post_title_height":0,"ocean_post_title_bg_overlay":0.5,"ocean_post_title_bg_overlay_color":"","ocean_disable_breadcrumbs":"default","ocean_breadcrumbs_color":"","ocean_breadcrumbs_separator_color":"","ocean_breadcrumbs_links_color":"","ocean_breadcrumbs_links_hover_color":"","ocean_display_footer_widgets":"default","ocean_display_footer_bottom":"default","ocean_custom_footer_template":"0"},"product_brand":[1029],"product_cat":[33,62],"product_tag":[811,1031,378,808,1034,1035,1030,809,371,1032,382,1033],"class_list":{"0":"post-1835","1":"product","2":"type-product","3":"status-publish","4":"has-post-thumbnail","6":"product_brand-qyj","7":"product_cat-kolekcja-damska","8":"product_cat-leginsy","9":"product_tag-czarne-legginsy","10":"product_tag-elastyczne-legginsy","11":"product_tag-legginsy","12":"product_tag-legginsy-modelujace","13":"product_tag-legginsy-na-silownie","14":"product_tag-legginsy-prazkowane","15":"product_tag-legginsy-push-up","16":"product_tag-legginsy-z-wysokim-stanem","17":"product_tag-moda-damska","18":"product_tag-odziez-sportowa","19":"product_tag-styl-casual","20":"product_tag-wygodne-legginsy","22":"entry","23":"has-media","25":"first","26":"instock","27":"shipping-taxable","28":"purchasable","29":"product-type-variable","30":"has-product-nav","31":"col","32":"span_1_of_3","33":"owp-content-center","34":"owp-thumbs-layout-horizontal","35":"owp-btn-normal","36":"owp-tabs-layout-vertical","37":"has-no-thumbnails"},"_links":{"self":[{"href":"https:\/\/blauwfashion.com\/pl\/wp-json\/wp\/v2\/product\/1835","targetHints":{"allow":["GET"]}}],"collection":[{"href":"https:\/\/blauwfashion.com\/pl\/wp-json\/wp\/v2\/product"}],"about":[{"href":"https:\/\/blauwfashion.com\/pl\/wp-json\/wp\/v2\/types\/product"}],"replies":[{"embeddable":true,"href":"https:\/\/blauwfashion.com\/pl\/wp-json\/wp\/v2\/comments?post=1835"}],"wp:featuredmedia":[{"embeddable":true,"href":"https:\/\/blauwfashion.com\/pl\/wp-json\/wp\/v2\/media\/1837"}],"wp:attachment":[{"href":"https:\/\/blauwfashion.com\/pl\/wp-json\/wp\/v2\/media?parent=1835"}],"wp:term":[{"taxonomy":"product_brand","embeddable":true,"href":"https:\/\/blauwfashion.com\/pl\/wp-json\/wp\/v2\/product_brand?post=1835"},{"taxonomy":"product_cat","embeddable":true,"href":"https:\/\/blauwfashion.com\/pl\/wp-json\/wp\/v2\/product_cat?post=1835"},{"taxonomy":"product_tag","embeddable":true,"href":"https:\/\/blauwfashion.com\/pl\/wp-json\/wp\/v2\/product_tag?post=1835"}],"curies":[{"name":"wp","href":"https:\/\/api.w.org\/{rel}","templated":true}]}}