{"id":1811,"date":"2025-05-03T09:36:34","date_gmt":"2025-05-03T07:36:34","guid":{"rendered":"https:\/\/blauwfashion.com\/?post_type=product&#038;p=1811"},"modified":"2025-08-31T16:59:01","modified_gmt":"2025-08-31T14:59:01","slug":"sweterek-azurkowy-idelany-na-wiosne","status":"publish","type":"product","link":"https:\/\/blauwfashion.com\/pl\/sweterek-azurkowy-idelany-na-wiosne\/","title":{"rendered":"Sweterek A\u017curkowy &#8211; idelany na wiosn\u0119"},"content":{"rendered":"<p class=\"\" data-start=\"0\" data-end=\"479\">Elegancki sweterek w kolorze bia\u0142ym z pi\u0119knym kwiatowym wzorem i napisem &#8222;Free Spirit&#8221;. Sweter posiada a\u017curowy wz\u00f3r, kt\u00f3ry dodaje mu lekko\u015bci i elegancji, a jednocze\u015bnie zapewnia przewiewno\u015b\u0107, idealn\u0105 na wiosenne i letnie dni. Wykonany z lekkiego materia\u0142u, kt\u00f3ry zapewnia komfort noszenia. Sweter o lu\u017anym kroju pasuje na osoby do 120 cm w biu\u015bcie. Doskonale komponuje si\u0119 z szortami lub lekkimi sp\u00f3dnicami, tworz\u0105c swobodn\u0105, ale stylow\u0105 stylizacj\u0119.<\/p>\n<p class=\"\" data-start=\"481\" data-end=\"502\"><strong data-start=\"481\" data-end=\"500\">Cechy produktu:<\/strong><\/p>\n<ul data-start=\"503\" data-end=\"725\">\n<li class=\"\" data-start=\"503\" data-end=\"546\">\n<p class=\"\" data-start=\"505\" data-end=\"546\">Uniwersalny rozmiar do 120 cm w biu\u015bcie<\/p>\n<\/li>\n<li class=\"\" data-start=\"547\" data-end=\"588\">\n<p class=\"\" data-start=\"549\" data-end=\"588\">Pi\u0119kny kwiatowy nadruk i motyw motyla<\/p>\n<\/li>\n<li class=\"\" data-start=\"589\" data-end=\"634\">\n<p class=\"\" data-start=\"591\" data-end=\"634\">A\u017curowy wz\u00f3r, kt\u00f3ry zapewnia przewiewno\u015b\u0107<\/p>\n<\/li>\n<li class=\"\" data-start=\"635\" data-end=\"659\">\n<p class=\"\" data-start=\"637\" data-end=\"659\">Wygodny, lu\u017any fason<\/p>\n<\/li>\n<li class=\"\" data-start=\"660\" data-end=\"685\">\n<p class=\"\" data-start=\"662\" data-end=\"685\">Idealny na ciep\u0142e dni<\/p>\n<\/li>\n<li class=\"\" data-start=\"686\" data-end=\"725\">\n<p class=\"\" data-start=\"688\" data-end=\"725\">Doskona\u0142y do codziennych stylizacji<\/p>\n<\/li>\n<\/ul>\n<p class=\"\" data-start=\"727\" data-end=\"881\"><strong data-start=\"727\" data-end=\"752\">&#8222;Free Spirit&#8221; Sweater<\/strong><br data-start=\"752\" data-end=\"755\" \/>Elegancka opcja na wiosn\u0119 i lato z pi\u0119knym nadrukiem kwiat\u00f3w i motyla, idealna na lu\u017ane dni, z przewiewnym a\u017curowym wzorem.<\/p>\n","protected":false},"excerpt":{"rendered":"<p>Stylowy sweterek &#8222;Free Spirit&#8221; z a\u017curowym wzorem, kwiatowym nadrukiem i napisem, idealny na wiosn\u0119 i lato.<\/p>\n","protected":false},"featured_media":1812,"comment_status":"open","ping_status":"closed","template":"","meta":{"ocean_post_layout":"","ocean_both_sidebars_style":"","ocean_both_sidebars_content_width":0,"ocean_both_sidebars_sidebars_width":0,"ocean_sidebar":"0","ocean_second_sidebar":"0","ocean_disable_margins":"enable","ocean_add_body_class":"","ocean_shortcode_before_top_bar":"","ocean_shortcode_after_top_bar":"","ocean_shortcode_before_header":"","ocean_shortcode_after_header":"","ocean_has_shortcode":"","ocean_shortcode_after_title":"","ocean_shortcode_before_footer_widgets":"","ocean_shortcode_after_footer_widgets":"","ocean_shortcode_before_footer_bottom":"","ocean_shortcode_after_footer_bottom":"","ocean_display_top_bar":"default","ocean_display_header":"default","ocean_header_style":"","ocean_center_header_left_menu":"0","ocean_custom_header_template":"0","ocean_custom_logo":0,"ocean_custom_retina_logo":0,"ocean_custom_logo_max_width":0,"ocean_custom_logo_tablet_max_width":0,"ocean_custom_logo_mobile_max_width":0,"ocean_custom_logo_max_height":0,"ocean_custom_logo_tablet_max_height":0,"ocean_custom_logo_mobile_max_height":0,"ocean_header_custom_menu":"0","ocean_menu_typo_font_family":"0","ocean_menu_typo_font_subset":"","ocean_menu_typo_font_size":0,"ocean_menu_typo_font_size_tablet":0,"ocean_menu_typo_font_size_mobile":0,"ocean_menu_typo_font_size_unit":"px","ocean_menu_typo_font_weight":"","ocean_menu_typo_font_weight_tablet":"","ocean_menu_typo_font_weight_mobile":"","ocean_menu_typo_transform":"","ocean_menu_typo_transform_tablet":"","ocean_menu_typo_transform_mobile":"","ocean_menu_typo_line_height":0,"ocean_menu_typo_line_height_tablet":0,"ocean_menu_typo_line_height_mobile":0,"ocean_menu_typo_line_height_unit":"","ocean_menu_typo_spacing":0,"ocean_menu_typo_spacing_tablet":0,"ocean_menu_typo_spacing_mobile":0,"ocean_menu_typo_spacing_unit":"","ocean_menu_link_color":"","ocean_menu_link_color_hover":"","ocean_menu_link_color_active":"","ocean_menu_link_background":"","ocean_menu_link_hover_background":"","ocean_menu_link_active_background":"","ocean_menu_social_links_bg":"","ocean_menu_social_hover_links_bg":"","ocean_menu_social_links_color":"","ocean_menu_social_hover_links_color":"","ocean_disable_title":"default","ocean_disable_heading":"default","ocean_post_title":"","ocean_post_subheading":"","ocean_post_title_style":"","ocean_post_title_background_color":"","ocean_post_title_background":0,"ocean_post_title_bg_image_position":"","ocean_post_title_bg_image_attachment":"","ocean_post_title_bg_image_repeat":"","ocean_post_title_bg_image_size":"","ocean_post_title_height":0,"ocean_post_title_bg_overlay":0.5,"ocean_post_title_bg_overlay_color":"","ocean_disable_breadcrumbs":"default","ocean_breadcrumbs_color":"","ocean_breadcrumbs_separator_color":"","ocean_breadcrumbs_links_color":"","ocean_breadcrumbs_links_hover_color":"","ocean_display_footer_widgets":"default","ocean_display_footer_bottom":"default","ocean_custom_footer_template":"0"},"product_brand":[979],"product_cat":[33,59,483],"product_tag":[981,982,989,983,986,740,984,980,990,739,987,988,388,985],"class_list":{"0":"post-1811","1":"product","2":"type-product","3":"status-publish","4":"has-post-thumbnail","6":"product_brand-italy-moda","7":"product_cat-kolekcja-damska","8":"product_cat-swetry","9":"product_cat-wyprzedaz","10":"product_tag-azurowy-wzor","11":"product_tag-free-spirit","12":"product_tag-komfortowy-sweter","13":"product_tag-kwiatowy-nadruk","14":"product_tag-letni-sweter","15":"product_tag-modny-sweter","16":"product_tag-stylowy-sweter","17":"product_tag-sweter","18":"product_tag-sweter-damski","19":"product_tag-sweter-na-co-dzien","20":"product_tag-sweter-na-wiosne","21":"product_tag-sweter-z-napisem","22":"product_tag-uniwersalny-rozmiar","23":"product_tag-wiosenny-sweter","25":"entry","26":"has-media","28":"first","29":"instock","30":"sale","31":"shipping-taxable","32":"purchasable","33":"product-type-simple","34":"has-product-nav","35":"col","36":"span_1_of_3","37":"owp-content-center","38":"owp-thumbs-layout-horizontal","39":"owp-btn-normal","40":"owp-tabs-layout-vertical","41":"has-no-thumbnails"},"_links":{"self":[{"href":"https:\/\/blauwfashion.com\/pl\/wp-json\/wp\/v2\/product\/1811","targetHints":{"allow":["GET"]}}],"collection":[{"href":"https:\/\/blauwfashion.com\/pl\/wp-json\/wp\/v2\/product"}],"about":[{"href":"https:\/\/blauwfashion.com\/pl\/wp-json\/wp\/v2\/types\/product"}],"replies":[{"embeddable":true,"href":"https:\/\/blauwfashion.com\/pl\/wp-json\/wp\/v2\/comments?post=1811"}],"wp:featuredmedia":[{"embeddable":true,"href":"https:\/\/blauwfashion.com\/pl\/wp-json\/wp\/v2\/media\/1812"}],"wp:attachment":[{"href":"https:\/\/blauwfashion.com\/pl\/wp-json\/wp\/v2\/media?parent=1811"}],"wp:term":[{"taxonomy":"product_brand","embeddable":true,"href":"https:\/\/blauwfashion.com\/pl\/wp-json\/wp\/v2\/product_brand?post=1811"},{"taxonomy":"product_cat","embeddable":true,"href":"https:\/\/blauwfashion.com\/pl\/wp-json\/wp\/v2\/product_cat?post=1811"},{"taxonomy":"product_tag","embeddable":true,"href":"https:\/\/blauwfashion.com\/pl\/wp-json\/wp\/v2\/product_tag?post=1811"}],"curies":[{"name":"wp","href":"https:\/\/api.w.org\/{rel}","templated":true}]}}