{"id":1806,"date":"2025-05-03T09:04:30","date_gmt":"2025-05-03T07:04:30","guid":{"rendered":"https:\/\/blauwfashion.com\/?post_type=product&#038;p=1806"},"modified":"2025-07-06T11:43:51","modified_gmt":"2025-07-06T09:43:51","slug":"spodnico-spodenki-jeans-z-paskiem","status":"publish","type":"product","link":"https:\/\/blauwfashion.com\/pl\/spodnico-spodenki-jeans-z-paskiem\/","title":{"rendered":"Sp\u00f3dnico-spodenki jeans z paskiem"},"content":{"rendered":"<p class=\"\" data-start=\"175\" data-end=\"463\">Stylowe i wygodne sp\u00f3dnico-spodenki jeans, kt\u00f3re \u0142\u0105cz\u0105 elegancj\u0119 i wygod\u0119. Idealne na cieplejsze dni, oferuj\u0105 lu\u017any, kobiecy kr\u00f3j z modnym paskiem, kt\u00f3ry subtelnie podkre\u015bla tali\u0119. Wykonane z wysokiej jako\u015bci d\u017cinsu, te sp\u00f3dnico-spodenki b\u0119d\u0105 \u015bwietnym uzupe\u0142nieniem letnich stylizacji.<\/p>\n<p class=\"\" data-start=\"465\" data-end=\"691\">Z przodu posiadaj\u0105 modne plisowania, co dodaje im lekko\u015bci i swobody ruch\u00f3w, a klasyczny d\u017cinsowy materia\u0142 zapewnia komfort przez ca\u0142y dzie\u0144. Odpowiednie do wielu okazji \u2013 od casualowych wyj\u015b\u0107 po bardziej eleganckie spotkania.<\/p>\n<p class=\"\" data-start=\"693\" data-end=\"717\"><strong data-start=\"693\" data-end=\"715\">Dost\u0119pne rozmiary:<\/strong><\/p>\n<ul data-start=\"718\" data-end=\"734\">\n<li class=\"\" data-start=\"718\" data-end=\"723\">\n<p class=\"\" data-start=\"720\" data-end=\"723\">XS<\/p>\n<\/li>\n<li class=\"\" data-start=\"724\" data-end=\"729\">\n<p class=\"\" data-start=\"726\" data-end=\"729\">L<\/p>\n<\/li>\n<li class=\"\" data-start=\"730\" data-end=\"734\">\n<p class=\"\" data-start=\"732\" data-end=\"734\">XL<\/p>\n<\/li>\n<\/ul>\n<p class=\"\" data-start=\"736\" data-end=\"755\"><strong data-start=\"736\" data-end=\"755\">Cechy produktu:<\/strong><\/p>\n<ul data-start=\"756\" data-end=\"961\">\n<li class=\"\" data-start=\"756\" data-end=\"794\">\n<p class=\"\" data-start=\"758\" data-end=\"794\">Wysokiej jako\u015bci materia\u0142 jeans<\/p>\n<\/li>\n<li class=\"\" data-start=\"795\" data-end=\"825\">\n<p class=\"\" data-start=\"797\" data-end=\"825\">Zapinane na guziki i zamek<\/p>\n<\/li>\n<li class=\"\" data-start=\"826\" data-end=\"852\">\n<p class=\"\" data-start=\"828\" data-end=\"852\">Modny pasek w zestawie<\/p>\n<\/li>\n<li class=\"\" data-start=\"853\" data-end=\"883\">\n<p class=\"\" data-start=\"855\" data-end=\"883\">Pi\u0119kne plisowania z przodu<\/p>\n<\/li>\n<li class=\"\" data-start=\"884\" data-end=\"934\">\n<p class=\"\" data-start=\"886\" data-end=\"934\">Wygodne, elastyczne wyko\u0144czenia przy nogawkach<\/p>\n<\/li>\n<li class=\"\" data-start=\"935\" data-end=\"961\">\n<p class=\"\" data-start=\"937\" data-end=\"961\">Idealne na wiosn\u0119 i lato<\/p>\n<\/li>\n<\/ul>\n<p class=\"\" data-start=\"963\" data-end=\"1142\">Dodaj elegancji i komfortu swojej codziennej stylizacji z naszymi sp\u00f3dnico-spodenkami. \u015awietnie komponuj\u0105 si\u0119 zar\u00f3wno z prostymi t-shirtami, jak i eleganckimi bluzkami<\/p>\n","protected":false},"excerpt":{"rendered":"<p>Modne sp\u00f3dnico-spodenki jeans z paskiem, dost\u0119pne w rozmiarach M, L, XL. Wygodne i stylowe, idealne na ciep\u0142e dni.<\/p>\n","protected":false},"featured_media":1808,"comment_status":"open","ping_status":"closed","template":"","meta":{"ocean_post_layout":"","ocean_both_sidebars_style":"","ocean_both_sidebars_content_width":0,"ocean_both_sidebars_sidebars_width":0,"ocean_sidebar":"0","ocean_second_sidebar":"0","ocean_disable_margins":"enable","ocean_add_body_class":"","ocean_shortcode_before_top_bar":"","ocean_shortcode_after_top_bar":"","ocean_shortcode_before_header":"","ocean_shortcode_after_header":"","ocean_has_shortcode":"","ocean_shortcode_after_title":"","ocean_shortcode_before_footer_widgets":"","ocean_shortcode_after_footer_widgets":"","ocean_shortcode_before_footer_bottom":"","ocean_shortcode_after_footer_bottom":"","ocean_display_top_bar":"default","ocean_display_header":"default","ocean_header_style":"","ocean_center_header_left_menu":"0","ocean_custom_header_template":"0","ocean_custom_logo":0,"ocean_custom_retina_logo":0,"ocean_custom_logo_max_width":0,"ocean_custom_logo_tablet_max_width":0,"ocean_custom_logo_mobile_max_width":0,"ocean_custom_logo_max_height":0,"ocean_custom_logo_tablet_max_height":0,"ocean_custom_logo_mobile_max_height":0,"ocean_header_custom_menu":"0","ocean_menu_typo_font_family":"0","ocean_menu_typo_font_subset":"","ocean_menu_typo_font_size":0,"ocean_menu_typo_font_size_tablet":0,"ocean_menu_typo_font_size_mobile":0,"ocean_menu_typo_font_size_unit":"px","ocean_menu_typo_font_weight":"","ocean_menu_typo_font_weight_tablet":"","ocean_menu_typo_font_weight_mobile":"","ocean_menu_typo_transform":"","ocean_menu_typo_transform_tablet":"","ocean_menu_typo_transform_mobile":"","ocean_menu_typo_line_height":0,"ocean_menu_typo_line_height_tablet":0,"ocean_menu_typo_line_height_mobile":0,"ocean_menu_typo_line_height_unit":"","ocean_menu_typo_spacing":0,"ocean_menu_typo_spacing_tablet":0,"ocean_menu_typo_spacing_mobile":0,"ocean_menu_typo_spacing_unit":"","ocean_menu_link_color":"","ocean_menu_link_color_hover":"","ocean_menu_link_color_active":"","ocean_menu_link_background":"","ocean_menu_link_hover_background":"","ocean_menu_link_active_background":"","ocean_menu_social_links_bg":"","ocean_menu_social_hover_links_bg":"","ocean_menu_social_links_color":"","ocean_menu_social_hover_links_color":"","ocean_disable_title":"default","ocean_disable_heading":"default","ocean_post_title":"","ocean_post_subheading":"","ocean_post_title_style":"","ocean_post_title_background_color":"","ocean_post_title_background":0,"ocean_post_title_bg_image_position":"","ocean_post_title_bg_image_attachment":"","ocean_post_title_bg_image_repeat":"","ocean_post_title_bg_image_size":"","ocean_post_title_height":0,"ocean_post_title_bg_overlay":0.5,"ocean_post_title_bg_overlay_color":"","ocean_disable_breadcrumbs":"default","ocean_breadcrumbs_color":"","ocean_breadcrumbs_separator_color":"","ocean_breadcrumbs_links_color":"","ocean_breadcrumbs_links_hover_color":"","ocean_display_footer_widgets":"default","ocean_display_footer_bottom":"default","ocean_custom_footer_template":"0"},"product_brand":[251],"product_cat":[33,39],"product_tag":[369,332,284,630,316,263,978],"class_list":{"0":"post-1806","1":"product","2":"type-product","3":"status-publish","4":"has-post-thumbnail","6":"product_brand-msara","7":"product_cat-kolekcja-damska","8":"product_cat-jeans","9":"product_tag-jeans","10":"product_tag-moda","11":"product_tag-na-kazda-okazje","12":"product_tag-spodnico-spodenki","13":"product_tag-styl","14":"product_tag-wygodna-odziez","15":"product_tag-wygodne-stylizacje","17":"entry","18":"has-media","20":"first","21":"instock","22":"shipping-taxable","23":"purchasable","24":"product-type-variable","25":"has-product-nav","26":"col","27":"span_1_of_3","28":"owp-content-center","29":"owp-thumbs-layout-horizontal","30":"owp-btn-normal","31":"owp-tabs-layout-vertical","32":"has-no-thumbnails"},"_links":{"self":[{"href":"https:\/\/blauwfashion.com\/pl\/wp-json\/wp\/v2\/product\/1806","targetHints":{"allow":["GET"]}}],"collection":[{"href":"https:\/\/blauwfashion.com\/pl\/wp-json\/wp\/v2\/product"}],"about":[{"href":"https:\/\/blauwfashion.com\/pl\/wp-json\/wp\/v2\/types\/product"}],"replies":[{"embeddable":true,"href":"https:\/\/blauwfashion.com\/pl\/wp-json\/wp\/v2\/comments?post=1806"}],"wp:featuredmedia":[{"embeddable":true,"href":"https:\/\/blauwfashion.com\/pl\/wp-json\/wp\/v2\/media\/1808"}],"wp:attachment":[{"href":"https:\/\/blauwfashion.com\/pl\/wp-json\/wp\/v2\/media?parent=1806"}],"wp:term":[{"taxonomy":"product_brand","embeddable":true,"href":"https:\/\/blauwfashion.com\/pl\/wp-json\/wp\/v2\/product_brand?post=1806"},{"taxonomy":"product_cat","embeddable":true,"href":"https:\/\/blauwfashion.com\/pl\/wp-json\/wp\/v2\/product_cat?post=1806"},{"taxonomy":"product_tag","embeddable":true,"href":"https:\/\/blauwfashion.com\/pl\/wp-json\/wp\/v2\/product_tag?post=1806"}],"curies":[{"name":"wp","href":"https:\/\/api.w.org\/{rel}","templated":true}]}}