{"id":1549,"date":"2025-04-23T18:36:29","date_gmt":"2025-04-23T16:36:29","guid":{"rendered":"https:\/\/blauwfashion.com\/?post_type=product&#038;p=1549"},"modified":"2025-07-06T11:31:58","modified_gmt":"2025-07-06T09:31:58","slug":"jeansy-mom-fit-z-dziurami-rozmiary-s","status":"publish","type":"product","link":"https:\/\/blauwfashion.com\/pl\/jeansy-mom-fit-z-dziurami-rozmiary-s\/","title":{"rendered":"Jeansy Mom Fit z Dziurami \u2013 Rozmiary S,"},"content":{"rendered":"<p class=\"\" data-start=\"160\" data-end=\"488\">Stylowe jeansy typu <strong data-start=\"180\" data-end=\"191\">mom fit<\/strong> z modnymi przetarciami i efektownymi dziurami na kolanach. Wykonane z jasnego, lekko spranego denimu, kt\u00f3ry nadaje ca\u0142o\u015bci streetwearowego charakteru. Wysoki stan pi\u0119knie podkre\u015bla tali\u0119, a lekko zw\u0119\u017cane nogawki zako\u0144czone modnym postrz\u0119pieniem wyd\u0142u\u017caj\u0105 sylwetk\u0119 i dodaj\u0105 luzu ka\u017cdej stylizacji.<\/p>\n<p class=\"\" data-start=\"490\" data-end=\"704\">To idealny wyb\u00f3r dla kobiet, kt\u00f3re ceni\u0105 sobie modny wygl\u0105d i wygod\u0119 na co dzie\u0144 \u2013 sprawdz\u0105 si\u0119 zar\u00f3wno do sportowych stylizacji z T-shirtem i sneakersami, jak i bardziej casualowych outfit\u00f3w z marynark\u0105 i botkami.<\/p>\n<hr class=\"\" data-start=\"706\" data-end=\"709\" \/>\n<h4 class=\"\" data-start=\"711\" data-end=\"741\">\u2728 <strong data-start=\"718\" data-end=\"741\">Szczeg\u00f3\u0142y produktu:<\/strong><\/h4>\n<ul data-start=\"742\" data-end=\"1029\">\n<li class=\"\" data-start=\"742\" data-end=\"793\">\n<p class=\"\" data-start=\"744\" data-end=\"793\">Fason: mom fit \/ lu\u017any w udach, zw\u0119\u017cany ku do\u0142owi<\/p>\n<\/li>\n<li class=\"\" data-start=\"794\" data-end=\"821\">\n<p class=\"\" data-start=\"796\" data-end=\"821\">Stan: wysoki (high waist)<\/p>\n<\/li>\n<li class=\"\" data-start=\"822\" data-end=\"855\">\n<p class=\"\" data-start=\"824\" data-end=\"855\">Kolor: jasny denim (light blue)<\/p>\n<\/li>\n<li class=\"\" data-start=\"856\" data-end=\"901\">\n<p class=\"\" data-start=\"858\" data-end=\"901\">Efekt: przetarcia + du\u017ce dziury na kolanach<\/p>\n<\/li>\n<li class=\"\" data-start=\"902\" data-end=\"934\">\n<p class=\"\" data-start=\"904\" data-end=\"934\">Nogawki: postrz\u0119pione ko\u0144c\u00f3wki<\/p>\n<\/li>\n<li class=\"\" data-start=\"977\" data-end=\"1029\">\n<p class=\"\" data-start=\"979\" data-end=\"1029\">Rozmiary: <strong data-start=\"989\" data-end=\"999\">S (36)<\/strong> \/- do 72 cm w pasie<\/p>\n<\/li>\n<\/ul>\n","protected":false},"excerpt":{"rendered":"<p>Jeansy mom fit z wysokim stanem i modnymi przetarciami. Stylowy fason z dziurami na kolanach i postrz\u0119pionymi nogawkami. Dost\u0119pne w rozmiarach S,<\/p>\n","protected":false},"featured_media":1528,"comment_status":"open","ping_status":"closed","template":"","meta":{"ocean_post_layout":"","ocean_both_sidebars_style":"","ocean_both_sidebars_content_width":0,"ocean_both_sidebars_sidebars_width":0,"ocean_sidebar":"0","ocean_second_sidebar":"0","ocean_disable_margins":"enable","ocean_add_body_class":"","ocean_shortcode_before_top_bar":"","ocean_shortcode_after_top_bar":"","ocean_shortcode_before_header":"","ocean_shortcode_after_header":"","ocean_has_shortcode":"","ocean_shortcode_after_title":"","ocean_shortcode_before_footer_widgets":"","ocean_shortcode_after_footer_widgets":"","ocean_shortcode_before_footer_bottom":"","ocean_shortcode_after_footer_bottom":"","ocean_display_top_bar":"default","ocean_display_header":"default","ocean_header_style":"","ocean_center_header_left_menu":"0","ocean_custom_header_template":"0","ocean_custom_logo":0,"ocean_custom_retina_logo":0,"ocean_custom_logo_max_width":0,"ocean_custom_logo_tablet_max_width":0,"ocean_custom_logo_mobile_max_width":0,"ocean_custom_logo_max_height":0,"ocean_custom_logo_tablet_max_height":0,"ocean_custom_logo_mobile_max_height":0,"ocean_header_custom_menu":"0","ocean_menu_typo_font_family":"0","ocean_menu_typo_font_subset":"","ocean_menu_typo_font_size":0,"ocean_menu_typo_font_size_tablet":0,"ocean_menu_typo_font_size_mobile":0,"ocean_menu_typo_font_size_unit":"px","ocean_menu_typo_font_weight":"","ocean_menu_typo_font_weight_tablet":"","ocean_menu_typo_font_weight_mobile":"","ocean_menu_typo_transform":"","ocean_menu_typo_transform_tablet":"","ocean_menu_typo_transform_mobile":"","ocean_menu_typo_line_height":0,"ocean_menu_typo_line_height_tablet":0,"ocean_menu_typo_line_height_mobile":0,"ocean_menu_typo_line_height_unit":"","ocean_menu_typo_spacing":0,"ocean_menu_typo_spacing_tablet":0,"ocean_menu_typo_spacing_mobile":0,"ocean_menu_typo_spacing_unit":"","ocean_menu_link_color":"","ocean_menu_link_color_hover":"","ocean_menu_link_color_active":"","ocean_menu_link_background":"","ocean_menu_link_hover_background":"","ocean_menu_link_active_background":"","ocean_menu_social_links_bg":"","ocean_menu_social_hover_links_bg":"","ocean_menu_social_links_color":"","ocean_menu_social_hover_links_color":"","ocean_disable_title":"default","ocean_disable_heading":"default","ocean_post_title":"","ocean_post_subheading":"","ocean_post_title_style":"","ocean_post_title_background_color":"","ocean_post_title_background":0,"ocean_post_title_bg_image_position":"","ocean_post_title_bg_image_attachment":"","ocean_post_title_bg_image_repeat":"","ocean_post_title_bg_image_size":"","ocean_post_title_height":0,"ocean_post_title_bg_overlay":0.5,"ocean_post_title_bg_overlay_color":"","ocean_disable_breadcrumbs":"default","ocean_breadcrumbs_color":"","ocean_breadcrumbs_separator_color":"","ocean_breadcrumbs_links_color":"","ocean_breadcrumbs_links_hover_color":"","ocean_display_footer_widgets":"default","ocean_display_footer_bottom":"default","ocean_custom_footer_template":"0"},"product_brand":[717],"product_cat":[39,33,483],"product_tag":[821,822,817,818,825,820,826,819,824],"class_list":{"0":"post-1549","1":"product","2":"type-product","3":"status-publish","4":"has-post-thumbnail","6":"product_brand-vs-miss","7":"product_cat-jeans","8":"product_cat-kolekcja-damska","9":"product_cat-wyprzedaz","10":"product_tag-jasny-denim","11":"product_tag-jeansy-high-waist","12":"product_tag-jeansy-mom-fit","13":"product_tag-jeansy-z-dziurami","14":"product_tag-miejskie-stylizacje","15":"product_tag-modne-jeansy-damskie","16":"product_tag-spodnie-z-dziurami-na-kolanach","17":"product_tag-spodnie-z-przetarciami","18":"product_tag-streetwear-jeansy","20":"entry","21":"has-media","23":"first","24":"instock","25":"sale","26":"shipping-taxable","27":"purchasable","28":"product-type-variable","29":"has-product-nav","30":"col","31":"span_1_of_3","32":"owp-content-center","33":"owp-thumbs-layout-horizontal","34":"owp-btn-normal","35":"owp-tabs-layout-vertical","36":"has-no-thumbnails"},"_links":{"self":[{"href":"https:\/\/blauwfashion.com\/pl\/wp-json\/wp\/v2\/product\/1549","targetHints":{"allow":["GET"]}}],"collection":[{"href":"https:\/\/blauwfashion.com\/pl\/wp-json\/wp\/v2\/product"}],"about":[{"href":"https:\/\/blauwfashion.com\/pl\/wp-json\/wp\/v2\/types\/product"}],"replies":[{"embeddable":true,"href":"https:\/\/blauwfashion.com\/pl\/wp-json\/wp\/v2\/comments?post=1549"}],"wp:featuredmedia":[{"embeddable":true,"href":"https:\/\/blauwfashion.com\/pl\/wp-json\/wp\/v2\/media\/1528"}],"wp:attachment":[{"href":"https:\/\/blauwfashion.com\/pl\/wp-json\/wp\/v2\/media?parent=1549"}],"wp:term":[{"taxonomy":"product_brand","embeddable":true,"href":"https:\/\/blauwfashion.com\/pl\/wp-json\/wp\/v2\/product_brand?post=1549"},{"taxonomy":"product_cat","embeddable":true,"href":"https:\/\/blauwfashion.com\/pl\/wp-json\/wp\/v2\/product_cat?post=1549"},{"taxonomy":"product_tag","embeddable":true,"href":"https:\/\/blauwfashion.com\/pl\/wp-json\/wp\/v2\/product_tag?post=1549"}],"curies":[{"name":"wp","href":"https:\/\/api.w.org\/{rel}","templated":true}]}}