{"id":1541,"date":"2025-04-23T18:05:53","date_gmt":"2025-04-23T16:05:53","guid":{"rendered":"https:\/\/blauwfashion.com\/?post_type=product&#038;p=1541"},"modified":"2025-10-19T16:46:38","modified_gmt":"2025-10-19T14:46:38","slug":"jeansy-dzwony-z-wysokim-stanem","status":"publish","type":"product","link":"https:\/\/blauwfashion.com\/pl\/jeansy-dzwony-z-wysokim-stanem\/","title":{"rendered":"Jeansy Dzwony z Wysokim Stanem"},"content":{"rendered":"<p class=\"\" data-start=\"148\" data-end=\"487\">Stylowe jeansy z nut\u0105 retro w nowoczesnym wydaniu! Te wyj\u0105tkowe dzwony z wysokim stanem zosta\u0142y zaprojektowane z my\u015bl\u0105 o kobietach, kt\u00f3re ceni\u0105 sobie wygod\u0119, ale nie chc\u0105 rezygnowa\u0107 z kobiecego fasonu. Klasyczny niebieski denim, delikatne podkre\u015blenie sylwetki oraz rozszerzana nogawka sprawiaj\u0105, \u017ce nogi wygl\u0105daj\u0105 na d\u0142u\u017csze i smuklejsze.<\/p>\n<p class=\"\" data-start=\"489\" data-end=\"701\">Wysoki stan pi\u0119knie modeluje tali\u0119, a lekko elastyczny materia\u0142 zapewnia komfort przez ca\u0142y dzie\u0144 \u2013 zar\u00f3wno w pracy, jak i na spacerze po mie\u015bcie. \u015awietnie komponuj\u0105 si\u0119 z butami na obcasie, jak i ze sneakersami.<\/p>\n<hr class=\"\" data-start=\"703\" data-end=\"706\" \/>\n<h4 class=\"\" data-start=\"708\" data-end=\"738\">\u2728 <strong data-start=\"715\" data-end=\"738\">Szczeg\u00f3\u0142y produktu:<\/strong><\/h4>\n<ul data-start=\"739\" data-end=\"982\">\n<li class=\"\" data-start=\"739\" data-end=\"785\">\n<p class=\"\" data-start=\"741\" data-end=\"785\">Kr\u00f3j: rozszerzane nogawki \/ dzwony (bootcut)<\/p>\n<\/li>\n<li class=\"\" data-start=\"786\" data-end=\"800\">\n<p class=\"\" data-start=\"788\" data-end=\"800\">Stan: wysoki<\/p>\n<\/li>\n<li class=\"\" data-start=\"801\" data-end=\"838\">\n<p class=\"\" data-start=\"803\" data-end=\"838\">Kolor: klasyczny jeansowy niebieski<\/p>\n<\/li>\n<li class=\"\" data-start=\"839\" data-end=\"898\">\n<p class=\"\" data-start=\"841\" data-end=\"898\">Materia\u0142: elastyczny denim (bawe\u0142na z dodatkiem stretchu)<\/p>\n<\/li>\n<li class=\"\" data-start=\"899\" data-end=\"934\">\n<p class=\"\" data-start=\"901\" data-end=\"934\">Zapi\u0119cie: klasyczny zamek i guzik<\/p>\n<\/li>\n<li class=\"\" data-start=\"935\" data-end=\"982\">\n<p class=\"\" data-start=\"937\" data-end=\"982\">Rozmiary dost\u0119pne: <strong data-start=\"956\" data-end=\"966\">M (38)<\/strong> i <strong data-start=\"969\" data-end=\"982\">L (40\/42)<\/strong><\/p>\n<\/li>\n<\/ul>\n","protected":false},"excerpt":{"rendered":"<p>Klasyczne jeansy typu dzwony z wysokim stanem. Idealnie modeluj\u0105 sylwetk\u0119 i wyd\u0142u\u017caj\u0105 nogi. Dost\u0119pne w rozmiarach M i L.<\/p>\n","protected":false},"featured_media":1542,"comment_status":"open","ping_status":"closed","template":"","meta":{"ocean_post_layout":"","ocean_both_sidebars_style":"","ocean_both_sidebars_content_width":0,"ocean_both_sidebars_sidebars_width":0,"ocean_sidebar":"0","ocean_second_sidebar":"0","ocean_disable_margins":"enable","ocean_add_body_class":"","ocean_shortcode_before_top_bar":"","ocean_shortcode_after_top_bar":"","ocean_shortcode_before_header":"","ocean_shortcode_after_header":"","ocean_has_shortcode":"","ocean_shortcode_after_title":"","ocean_shortcode_before_footer_widgets":"","ocean_shortcode_after_footer_widgets":"","ocean_shortcode_before_footer_bottom":"","ocean_shortcode_after_footer_bottom":"","ocean_display_top_bar":"default","ocean_display_header":"default","ocean_header_style":"","ocean_center_header_left_menu":"0","ocean_custom_header_template":"0","ocean_custom_logo":0,"ocean_custom_retina_logo":0,"ocean_custom_logo_max_width":0,"ocean_custom_logo_tablet_max_width":0,"ocean_custom_logo_mobile_max_width":0,"ocean_custom_logo_max_height":0,"ocean_custom_logo_tablet_max_height":0,"ocean_custom_logo_mobile_max_height":0,"ocean_header_custom_menu":"0","ocean_menu_typo_font_family":"0","ocean_menu_typo_font_subset":"","ocean_menu_typo_font_size":0,"ocean_menu_typo_font_size_tablet":0,"ocean_menu_typo_font_size_mobile":0,"ocean_menu_typo_font_size_unit":"px","ocean_menu_typo_font_weight":"","ocean_menu_typo_font_weight_tablet":"","ocean_menu_typo_font_weight_mobile":"","ocean_menu_typo_transform":"","ocean_menu_typo_transform_tablet":"","ocean_menu_typo_transform_mobile":"","ocean_menu_typo_line_height":0,"ocean_menu_typo_line_height_tablet":0,"ocean_menu_typo_line_height_mobile":0,"ocean_menu_typo_line_height_unit":"","ocean_menu_typo_spacing":0,"ocean_menu_typo_spacing_tablet":0,"ocean_menu_typo_spacing_mobile":0,"ocean_menu_typo_spacing_unit":"","ocean_menu_link_color":"","ocean_menu_link_color_hover":"","ocean_menu_link_color_active":"","ocean_menu_link_background":"","ocean_menu_link_hover_background":"","ocean_menu_link_active_background":"","ocean_menu_social_links_bg":"","ocean_menu_social_hover_links_bg":"","ocean_menu_social_links_color":"","ocean_menu_social_hover_links_color":"","ocean_disable_title":"default","ocean_disable_heading":"default","ocean_post_title":"","ocean_post_subheading":"","ocean_post_title_style":"","ocean_post_title_background_color":"","ocean_post_title_background":0,"ocean_post_title_bg_image_position":"","ocean_post_title_bg_image_attachment":"","ocean_post_title_bg_image_repeat":"","ocean_post_title_bg_image_size":"","ocean_post_title_height":0,"ocean_post_title_bg_overlay":0.5,"ocean_post_title_bg_overlay_color":"","ocean_disable_breadcrumbs":"default","ocean_breadcrumbs_color":"","ocean_breadcrumbs_separator_color":"","ocean_breadcrumbs_links_color":"","ocean_breadcrumbs_links_hover_color":"","ocean_display_footer_widgets":"default","ocean_display_footer_bottom":"default","ocean_custom_footer_template":"0"},"product_brand":[798],"product_cat":[39,33,483],"product_tag":[801,674,799,802,800,803,804,806,805,288],"class_list":{"0":"post-1541","1":"product","2":"type-product","3":"status-publish","4":"has-post-thumbnail","6":"product_brand-lajoly","7":"product_cat-jeans","8":"product_cat-kolekcja-damska","9":"product_cat-wyprzedaz","10":"product_tag-bootcut-jeans","11":"product_tag-elastyczne-jeansy","12":"product_tag-jeansy-dzwony","13":"product_tag-jeansy-m-l","14":"product_tag-jeansy-rozszerzane","15":"product_tag-jeansy-z-wysokim-stanem","16":"product_tag-klasyczne-jeansy","17":"product_tag-kobiece-spodnie","18":"product_tag-modne-dzwony","19":"product_tag-spodnie-dzwony","21":"entry","22":"has-media","24":"first","25":"instock","26":"sale","27":"shipping-taxable","28":"purchasable","29":"product-type-simple","30":"has-product-nav","31":"col","32":"span_1_of_3","33":"owp-content-center","34":"owp-thumbs-layout-horizontal","35":"owp-btn-normal","36":"owp-tabs-layout-vertical","37":"has-no-thumbnails"},"_links":{"self":[{"href":"https:\/\/blauwfashion.com\/pl\/wp-json\/wp\/v2\/product\/1541","targetHints":{"allow":["GET"]}}],"collection":[{"href":"https:\/\/blauwfashion.com\/pl\/wp-json\/wp\/v2\/product"}],"about":[{"href":"https:\/\/blauwfashion.com\/pl\/wp-json\/wp\/v2\/types\/product"}],"replies":[{"embeddable":true,"href":"https:\/\/blauwfashion.com\/pl\/wp-json\/wp\/v2\/comments?post=1541"}],"wp:featuredmedia":[{"embeddable":true,"href":"https:\/\/blauwfashion.com\/pl\/wp-json\/wp\/v2\/media\/1542"}],"wp:attachment":[{"href":"https:\/\/blauwfashion.com\/pl\/wp-json\/wp\/v2\/media?parent=1541"}],"wp:term":[{"taxonomy":"product_brand","embeddable":true,"href":"https:\/\/blauwfashion.com\/pl\/wp-json\/wp\/v2\/product_brand?post=1541"},{"taxonomy":"product_cat","embeddable":true,"href":"https:\/\/blauwfashion.com\/pl\/wp-json\/wp\/v2\/product_cat?post=1541"},{"taxonomy":"product_tag","embeddable":true,"href":"https:\/\/blauwfashion.com\/pl\/wp-json\/wp\/v2\/product_tag?post=1541"}],"curies":[{"name":"wp","href":"https:\/\/api.w.org\/{rel}","templated":true}]}}