{"id":1537,"date":"2025-04-23T17:57:39","date_gmt":"2025-04-23T15:57:39","guid":{"rendered":"https:\/\/blauwfashion.com\/?post_type=product&#038;p=1537"},"modified":"2025-05-01T18:34:03","modified_gmt":"2025-05-01T16:34:03","slug":"spodnie-jeans-z-guzikami","status":"publish","type":"product","link":"https:\/\/blauwfashion.com\/pl\/spodnie-jeans-z-guzikami\/","title":{"rendered":"Spodnie Jeans z guzikami"},"content":{"rendered":"<p class=\"\" data-start=\"174\" data-end=\"463\">Zachwycaj\u0105ce jeansy dla kobiet, kt\u00f3re lubi\u0105 podkre\u015bla\u0107 swoj\u0105 sylwetk\u0119 i jednocze\u015bnie czu\u0107 si\u0119 wygodnie przez ca\u0142y dzie\u0144. Model \u201eTrang Jeans\u201d \u0142\u0105czy w sobie nowoczesny styl, elegancki detal i funkcjonalno\u015b\u0107. To idealna baza do wielu stylizacji \u2013 od casualowych po bardziej efektowne zestawy.<\/p>\n<p class=\"\" data-start=\"465\" data-end=\"786\">Wysoki stan wysmukla tali\u0119 i modeluje brzuch, a rz\u0119dy ozdobnych guzik\u00f3w z przodu i po bokach przyci\u0105gaj\u0105 uwag\u0119 i dodaj\u0105 charakteru. Dopasowany kr\u00f3j typu <strong data-start=\"618\" data-end=\"632\">skinny fit<\/strong> pi\u0119knie uk\u0142ada si\u0119 na nogach, podkre\u015blaj\u0105c kobiece kszta\u0142ty. Wykonane z elastycznego jeansu, kt\u00f3ry idealnie dopasowuje si\u0119 do cia\u0142a, nie kr\u0119puj\u0105c ruch\u00f3w.<\/p>\n<p class=\"\" data-start=\"788\" data-end=\"952\">Te spodnie \u015bwietnie sprawdz\u0105 si\u0119 z dopasowanym topem, body lub oversize&#8217;ow\u0105 koszul\u0105. W po\u0142\u0105czeniu z botkami lub sneakersami tworz\u0105 modny, a zarazem komfortowy look.<\/p>\n<hr class=\"\" data-start=\"954\" data-end=\"957\" \/>\n<h4 class=\"\" data-start=\"959\" data-end=\"989\">\u2705 <strong data-start=\"966\" data-end=\"989\">Szczeg\u00f3\u0142y produktu:<\/strong><\/h4>\n<ul data-start=\"990\" data-end=\"1221\">\n<li class=\"\" data-start=\"990\" data-end=\"1017\">\n<p class=\"\" data-start=\"992\" data-end=\"1017\">Kr\u00f3j: dopasowany \/ skinny<\/p>\n<\/li>\n<li class=\"\" data-start=\"1018\" data-end=\"1032\">\n<p class=\"\" data-start=\"1020\" data-end=\"1032\">Stan: wysoki<\/p>\n<\/li>\n<li class=\"\" data-start=\"1033\" data-end=\"1070\">\n<p class=\"\" data-start=\"1035\" data-end=\"1070\">Kolor: klasyczny jeansowy niebieski<\/p>\n<\/li>\n<li class=\"\" data-start=\"1071\" data-end=\"1118\">\n<p class=\"\" data-start=\"1073\" data-end=\"1118\">Guziki: ozdobne, z\u0142ote \u2013 z przodu i po bokach<\/p>\n<\/li>\n<li class=\"\" data-start=\"1119\" data-end=\"1169\">\n<p class=\"\" data-start=\"1121\" data-end=\"1169\">Materia\u0142: elastyczny denim (mi\u0119kki i komfortowy)<\/p>\n<\/li>\n<li class=\"\" data-start=\"1170\" data-end=\"1221\">\n<p class=\"\" data-start=\"1172\" data-end=\"1221\">Rozmiary dost\u0119pne: <strong data-start=\"1191\" data-end=\"1204\">L (40\/42)<\/strong> i <strong data-start=\"1207\" data-end=\"1221\">XL (44\/46)<\/strong><\/p>\n<\/li>\n<\/ul>\n","protected":false},"excerpt":{"rendered":"<p>Stylowe jeansy z wysokim stanem i ozdobnymi guzikami po bokach. Elastyczny materia\u0142 pi\u0119knie dopasowuje si\u0119 do sylwetki. Dost\u0119pne w rozmiarach L i XL.<\/p>\n","protected":false},"featured_media":1539,"comment_status":"open","ping_status":"closed","template":"","meta":{"ocean_post_layout":"","ocean_both_sidebars_style":"","ocean_both_sidebars_content_width":0,"ocean_both_sidebars_sidebars_width":0,"ocean_sidebar":"0","ocean_second_sidebar":"0","ocean_disable_margins":"enable","ocean_add_body_class":"","ocean_shortcode_before_top_bar":"","ocean_shortcode_after_top_bar":"","ocean_shortcode_before_header":"","ocean_shortcode_after_header":"","ocean_has_shortcode":"","ocean_shortcode_after_title":"","ocean_shortcode_before_footer_widgets":"","ocean_shortcode_after_footer_widgets":"","ocean_shortcode_before_footer_bottom":"","ocean_shortcode_after_footer_bottom":"","ocean_display_top_bar":"default","ocean_display_header":"default","ocean_header_style":"","ocean_center_header_left_menu":"0","ocean_custom_header_template":"0","ocean_custom_logo":0,"ocean_custom_retina_logo":0,"ocean_custom_logo_max_width":0,"ocean_custom_logo_tablet_max_width":0,"ocean_custom_logo_mobile_max_width":0,"ocean_custom_logo_max_height":0,"ocean_custom_logo_tablet_max_height":0,"ocean_custom_logo_mobile_max_height":0,"ocean_header_custom_menu":"0","ocean_menu_typo_font_family":"0","ocean_menu_typo_font_subset":"","ocean_menu_typo_font_size":0,"ocean_menu_typo_font_size_tablet":0,"ocean_menu_typo_font_size_mobile":0,"ocean_menu_typo_font_size_unit":"px","ocean_menu_typo_font_weight":"","ocean_menu_typo_font_weight_tablet":"","ocean_menu_typo_font_weight_mobile":"","ocean_menu_typo_transform":"","ocean_menu_typo_transform_tablet":"","ocean_menu_typo_transform_mobile":"","ocean_menu_typo_line_height":0,"ocean_menu_typo_line_height_tablet":0,"ocean_menu_typo_line_height_mobile":0,"ocean_menu_typo_line_height_unit":"","ocean_menu_typo_spacing":0,"ocean_menu_typo_spacing_tablet":0,"ocean_menu_typo_spacing_mobile":0,"ocean_menu_typo_spacing_unit":"","ocean_menu_link_color":"","ocean_menu_link_color_hover":"","ocean_menu_link_color_active":"","ocean_menu_link_background":"","ocean_menu_link_hover_background":"","ocean_menu_link_active_background":"","ocean_menu_social_links_bg":"","ocean_menu_social_hover_links_bg":"","ocean_menu_social_links_color":"","ocean_menu_social_hover_links_color":"","ocean_disable_title":"default","ocean_disable_heading":"default","ocean_post_title":"","ocean_post_subheading":"","ocean_post_title_style":"","ocean_post_title_background_color":"","ocean_post_title_background":0,"ocean_post_title_bg_image_position":"","ocean_post_title_bg_image_attachment":"","ocean_post_title_bg_image_repeat":"","ocean_post_title_bg_image_size":"","ocean_post_title_height":0,"ocean_post_title_bg_overlay":0.5,"ocean_post_title_bg_overlay_color":"","ocean_disable_breadcrumbs":"default","ocean_breadcrumbs_color":"","ocean_breadcrumbs_separator_color":"","ocean_breadcrumbs_links_color":"","ocean_breadcrumbs_links_hover_color":"","ocean_display_footer_widgets":"default","ocean_display_footer_bottom":"default","ocean_custom_footer_template":"0"},"product_brand":[629],"product_cat":[483],"product_tag":[796,794,790,789,795,793,792,791,719,797],"class_list":{"0":"post-1537","1":"product","2":"type-product","3":"status-publish","4":"has-post-thumbnail","6":"product_brand-trang-jeans","7":"product_cat-wyprzedaz","8":"product_tag-elastyczne-spodnie","9":"product_tag-jeansy-l-xl","10":"product_tag-jeansy-wysoki-stan","11":"product_tag-jeansy-z-guzikami","12":"product_tag-kobiece-jeansy","13":"product_tag-modny-denim","14":"product_tag-spodnie-dopasowane","15":"product_tag-spodnie-skinny","16":"product_tag-stylowe-jeansy","17":"product_tag-trang-jeans","19":"entry","20":"has-media","22":"first","23":"instock","24":"shipping-taxable","25":"purchasable","26":"product-type-variable","27":"has-product-nav","28":"col","29":"span_1_of_3","30":"owp-content-center","31":"owp-thumbs-layout-horizontal","32":"owp-btn-normal","33":"owp-tabs-layout-vertical","34":"has-no-thumbnails"},"_links":{"self":[{"href":"https:\/\/blauwfashion.com\/pl\/wp-json\/wp\/v2\/product\/1537","targetHints":{"allow":["GET"]}}],"collection":[{"href":"https:\/\/blauwfashion.com\/pl\/wp-json\/wp\/v2\/product"}],"about":[{"href":"https:\/\/blauwfashion.com\/pl\/wp-json\/wp\/v2\/types\/product"}],"replies":[{"embeddable":true,"href":"https:\/\/blauwfashion.com\/pl\/wp-json\/wp\/v2\/comments?post=1537"}],"wp:featuredmedia":[{"embeddable":true,"href":"https:\/\/blauwfashion.com\/pl\/wp-json\/wp\/v2\/media\/1539"}],"wp:attachment":[{"href":"https:\/\/blauwfashion.com\/pl\/wp-json\/wp\/v2\/media?parent=1537"}],"wp:term":[{"taxonomy":"product_brand","embeddable":true,"href":"https:\/\/blauwfashion.com\/pl\/wp-json\/wp\/v2\/product_brand?post=1537"},{"taxonomy":"product_cat","embeddable":true,"href":"https:\/\/blauwfashion.com\/pl\/wp-json\/wp\/v2\/product_cat?post=1537"},{"taxonomy":"product_tag","embeddable":true,"href":"https:\/\/blauwfashion.com\/pl\/wp-json\/wp\/v2\/product_tag?post=1537"}],"curies":[{"name":"wp","href":"https:\/\/api.w.org\/{rel}","templated":true}]}}