{"id":1452,"date":"2025-04-17T22:22:02","date_gmt":"2025-04-17T20:22:02","guid":{"rendered":"https:\/\/blauwfashion.com\/?post_type=product&#038;p=1452"},"modified":"2025-10-19T16:48:05","modified_gmt":"2025-10-19T14:48:05","slug":"spodnie-jeans-z-serduszkami-wygoda-i-styl-w-jednym","status":"publish","type":"product","link":"https:\/\/blauwfashion.com\/pl\/spodnie-jeans-z-serduszkami-wygoda-i-styl-w-jednym\/","title":{"rendered":"Spodnie Jeans z Serduszkami \u2013 Wygoda i Styl w Jednym!"},"content":{"rendered":"<p class=\"\" data-start=\"59\" data-end=\"441\">Dodaj wyj\u0105tkowy akcent do swojej garderoby dzi\u0119ki tym pi\u0119knym, jasnoniebieskim d\u017cinsom. Model wyposa\u017cony w subtelne, t\u0142oczone serduszka, kt\u00f3re nadaj\u0105 im delikatny i modny wygl\u0105d. Spodnie posiadaj\u0105 klasyczny fason, kt\u00f3ry idealnie podkre\u015bla sylwetk\u0119, a elastyczny materia\u0142 zapewnia komfort przez ca\u0142y dzie\u0144. Pasuj\u0105 do wielu stylizacji, zar\u00f3wno na co dzie\u0144, jak i na specjalne okazje.<\/p>\n<p class=\"\" data-start=\"443\" data-end=\"500\">Zestaw je z ulubion\u0105 bluzk\u0105, a efekt b\u0119dzie zachwycaj\u0105cy!<\/p>\n<p class=\"\" data-start=\"502\" data-end=\"537\"><strong data-start=\"502\" data-end=\"537\">Dost\u0119pne w rozmiarach M oraz L.<\/strong><\/p>\n","protected":false},"excerpt":{"rendered":"<p>Jeansowe spodnie z t\u0142oczonymi serduszkami. Klasyczny fason, wygoda i styl. Idealne na co dzie\u0144. Dost\u0119pne rozmiary: M i L<\/p>\n","protected":false},"featured_media":1453,"comment_status":"open","ping_status":"closed","template":"","meta":{"ocean_post_layout":"","ocean_both_sidebars_style":"","ocean_both_sidebars_content_width":0,"ocean_both_sidebars_sidebars_width":0,"ocean_sidebar":"0","ocean_second_sidebar":"0","ocean_disable_margins":"enable","ocean_add_body_class":"","ocean_shortcode_before_top_bar":"","ocean_shortcode_after_top_bar":"","ocean_shortcode_before_header":"","ocean_shortcode_after_header":"","ocean_has_shortcode":"","ocean_shortcode_after_title":"","ocean_shortcode_before_footer_widgets":"","ocean_shortcode_after_footer_widgets":"","ocean_shortcode_before_footer_bottom":"","ocean_shortcode_after_footer_bottom":"","ocean_display_top_bar":"default","ocean_display_header":"default","ocean_header_style":"","ocean_center_header_left_menu":"0","ocean_custom_header_template":"0","ocean_custom_logo":0,"ocean_custom_retina_logo":0,"ocean_custom_logo_max_width":0,"ocean_custom_logo_tablet_max_width":0,"ocean_custom_logo_mobile_max_width":0,"ocean_custom_logo_max_height":0,"ocean_custom_logo_tablet_max_height":0,"ocean_custom_logo_mobile_max_height":0,"ocean_header_custom_menu":"0","ocean_menu_typo_font_family":"0","ocean_menu_typo_font_subset":"","ocean_menu_typo_font_size":0,"ocean_menu_typo_font_size_tablet":0,"ocean_menu_typo_font_size_mobile":0,"ocean_menu_typo_font_size_unit":"px","ocean_menu_typo_font_weight":"","ocean_menu_typo_font_weight_tablet":"","ocean_menu_typo_font_weight_mobile":"","ocean_menu_typo_transform":"","ocean_menu_typo_transform_tablet":"","ocean_menu_typo_transform_mobile":"","ocean_menu_typo_line_height":0,"ocean_menu_typo_line_height_tablet":0,"ocean_menu_typo_line_height_mobile":0,"ocean_menu_typo_line_height_unit":"","ocean_menu_typo_spacing":0,"ocean_menu_typo_spacing_tablet":0,"ocean_menu_typo_spacing_mobile":0,"ocean_menu_typo_spacing_unit":"","ocean_menu_link_color":"","ocean_menu_link_color_hover":"","ocean_menu_link_color_active":"","ocean_menu_link_background":"","ocean_menu_link_hover_background":"","ocean_menu_link_active_background":"","ocean_menu_social_links_bg":"","ocean_menu_social_hover_links_bg":"","ocean_menu_social_links_color":"","ocean_menu_social_hover_links_color":"","ocean_disable_title":"default","ocean_disable_heading":"default","ocean_post_title":"","ocean_post_subheading":"","ocean_post_title_style":"","ocean_post_title_background_color":"","ocean_post_title_background":0,"ocean_post_title_bg_image_position":"","ocean_post_title_bg_image_attachment":"","ocean_post_title_bg_image_repeat":"","ocean_post_title_bg_image_size":"","ocean_post_title_height":0,"ocean_post_title_bg_overlay":0.5,"ocean_post_title_bg_overlay_color":"","ocean_disable_breadcrumbs":"default","ocean_breadcrumbs_color":"","ocean_breadcrumbs_separator_color":"","ocean_breadcrumbs_links_color":"","ocean_breadcrumbs_links_hover_color":"","ocean_display_footer_widgets":"default","ocean_display_footer_bottom":"default","ocean_custom_footer_template":"0"},"product_brand":[251],"product_cat":[39,33,483],"product_tag":[770,773,769,275,774,771,293,776,775,768,719,772,274,375],"class_list":{"0":"post-1452","1":"product","2":"type-product","3":"status-publish","4":"has-post-thumbnail","6":"product_brand-msara","7":"product_cat-jeans","8":"product_cat-kolekcja-damska","9":"product_cat-wyprzedaz","10":"product_tag-casualowe","11":"product_tag-elegancki-wyglad","12":"product_tag-jeansy-z-serduszkami","13":"product_tag-lato","14":"product_tag-lekkie-jeansy","15":"product_tag-modny-detal","16":"product_tag-na-co-dzien","17":"product_tag-rozmiar-l","18":"product_tag-rozmiar-m","19":"product_tag-spodnie-dzinsowe","20":"product_tag-stylowe-jeansy","21":"product_tag-tloczone-serca","22":"product_tag-wiosna","23":"product_tag-wygodne","25":"entry","26":"has-media","28":"first","29":"instock","30":"sale","31":"shipping-taxable","32":"purchasable","33":"product-type-variable","34":"has-product-nav","35":"col","36":"span_1_of_3","37":"owp-content-center","38":"owp-thumbs-layout-horizontal","39":"owp-btn-normal","40":"owp-tabs-layout-vertical","41":"has-no-thumbnails"},"_links":{"self":[{"href":"https:\/\/blauwfashion.com\/pl\/wp-json\/wp\/v2\/product\/1452","targetHints":{"allow":["GET"]}}],"collection":[{"href":"https:\/\/blauwfashion.com\/pl\/wp-json\/wp\/v2\/product"}],"about":[{"href":"https:\/\/blauwfashion.com\/pl\/wp-json\/wp\/v2\/types\/product"}],"replies":[{"embeddable":true,"href":"https:\/\/blauwfashion.com\/pl\/wp-json\/wp\/v2\/comments?post=1452"}],"wp:featuredmedia":[{"embeddable":true,"href":"https:\/\/blauwfashion.com\/pl\/wp-json\/wp\/v2\/media\/1453"}],"wp:attachment":[{"href":"https:\/\/blauwfashion.com\/pl\/wp-json\/wp\/v2\/media?parent=1452"}],"wp:term":[{"taxonomy":"product_brand","embeddable":true,"href":"https:\/\/blauwfashion.com\/pl\/wp-json\/wp\/v2\/product_brand?post=1452"},{"taxonomy":"product_cat","embeddable":true,"href":"https:\/\/blauwfashion.com\/pl\/wp-json\/wp\/v2\/product_cat?post=1452"},{"taxonomy":"product_tag","embeddable":true,"href":"https:\/\/blauwfashion.com\/pl\/wp-json\/wp\/v2\/product_tag?post=1452"}],"curies":[{"name":"wp","href":"https:\/\/api.w.org\/{rel}","templated":true}]}}