{"id":1422,"date":"2025-04-15T20:05:11","date_gmt":"2025-04-15T18:05:11","guid":{"rendered":"https:\/\/blauwfashion.com\/?post_type=product&#038;p=1422"},"modified":"2025-10-19T16:49:53","modified_gmt":"2025-10-19T14:49:53","slug":"spodnie-jeans-z-serduszkiem","status":"publish","type":"product","link":"https:\/\/blauwfashion.com\/pl\/spodnie-jeans-z-serduszkiem\/","title":{"rendered":"Spodnie Jeans z serduszkiem"},"content":{"rendered":"<p class=\"\" data-start=\"0\" data-end=\"345\">Te spodnie d\u017cinsowe typu dzwony to idealna propozycja dla os\u00f3b, kt\u00f3re ceni\u0105 sobie modny, ale zarazem wygodny wygl\u0105d. Charakteryzuj\u0105 si\u0119 wysokim stanem, co doskonale modeluje sylwetk\u0119, podkre\u015blaj\u0105c tali\u0119 i wyd\u0142u\u017caj\u0105c nogi. Zastosowanie klasycznego d\u017cinsu w po\u0142\u0105czeniu z szerokimi nogawkami nadaje im styl lat 70., kt\u00f3ry ponownie powraca do mody.<\/p>\n<p class=\"\" data-start=\"347\" data-end=\"713\">Na tylnej kieszeni znajduje si\u0119 subtelny haft w kszta\u0142cie serduszka, kt\u00f3ry dodaje spodniom wyj\u0105tkowego uroku i oryginalno\u015bci. Idealnie komponuj\u0105 si\u0119 zar\u00f3wno z casualowymi, codziennymi stylizacjami, jak i bardziej eleganckimi outfitami na wieczorne wyj\u015bcia. Spodnie te doskonale sprawdz\u0105 si\u0119 w zestawieniu z prostymi t-shirtami, eleganckimi bluzkami czy marynarkami.<\/p>\n<p class=\"\" data-start=\"715\" data-end=\"966\">Wysokiej jako\u015bci materia\u0142 zapewnia komfort noszenia przez ca\u0142y dzie\u0144, a ich modny kr\u00f3j pasuje do r\u00f3\u017cnych typ\u00f3w sylwetek, podkre\u015blaj\u0105c atuty figury. To uniwersalna cz\u0119\u015b\u0107 garderoby, kt\u00f3ra doda ka\u017cdej stylizacji charakteru i pozwoli wyr\u00f3\u017cni\u0107 si\u0119 z t\u0142umu.<\/p>\n","protected":false},"excerpt":{"rendered":"<p class=\"\" data-start=\"0\" data-end=\"228\">Jeansy z wysokim stanem i haftowanym serduszkiem z ty\u0142u. Stylowe i wygodne \u2013 idealne na co dzie\u0144 i wyj\u0105tkowe okazje.<\/p>\n","protected":false},"featured_media":1423,"comment_status":"open","ping_status":"closed","template":"","meta":{"ocean_post_layout":"","ocean_both_sidebars_style":"","ocean_both_sidebars_content_width":0,"ocean_both_sidebars_sidebars_width":0,"ocean_sidebar":"0","ocean_second_sidebar":"0","ocean_disable_margins":"enable","ocean_add_body_class":"","ocean_shortcode_before_top_bar":"","ocean_shortcode_after_top_bar":"","ocean_shortcode_before_header":"","ocean_shortcode_after_header":"","ocean_has_shortcode":"","ocean_shortcode_after_title":"","ocean_shortcode_before_footer_widgets":"","ocean_shortcode_after_footer_widgets":"","ocean_shortcode_before_footer_bottom":"","ocean_shortcode_after_footer_bottom":"","ocean_display_top_bar":"default","ocean_display_header":"default","ocean_header_style":"","ocean_center_header_left_menu":"0","ocean_custom_header_template":"0","ocean_custom_logo":0,"ocean_custom_retina_logo":0,"ocean_custom_logo_max_width":0,"ocean_custom_logo_tablet_max_width":0,"ocean_custom_logo_mobile_max_width":0,"ocean_custom_logo_max_height":0,"ocean_custom_logo_tablet_max_height":0,"ocean_custom_logo_mobile_max_height":0,"ocean_header_custom_menu":"0","ocean_menu_typo_font_family":"0","ocean_menu_typo_font_subset":"","ocean_menu_typo_font_size":0,"ocean_menu_typo_font_size_tablet":0,"ocean_menu_typo_font_size_mobile":0,"ocean_menu_typo_font_size_unit":"px","ocean_menu_typo_font_weight":"","ocean_menu_typo_font_weight_tablet":"","ocean_menu_typo_font_weight_mobile":"","ocean_menu_typo_transform":"","ocean_menu_typo_transform_tablet":"","ocean_menu_typo_transform_mobile":"","ocean_menu_typo_line_height":0,"ocean_menu_typo_line_height_tablet":0,"ocean_menu_typo_line_height_mobile":0,"ocean_menu_typo_line_height_unit":"","ocean_menu_typo_spacing":0,"ocean_menu_typo_spacing_tablet":0,"ocean_menu_typo_spacing_mobile":0,"ocean_menu_typo_spacing_unit":"","ocean_menu_link_color":"","ocean_menu_link_color_hover":"","ocean_menu_link_color_active":"","ocean_menu_link_background":"","ocean_menu_link_hover_background":"","ocean_menu_link_active_background":"","ocean_menu_social_links_bg":"","ocean_menu_social_hover_links_bg":"","ocean_menu_social_links_color":"","ocean_menu_social_hover_links_color":"","ocean_disable_title":"default","ocean_disable_heading":"default","ocean_post_title":"","ocean_post_subheading":"","ocean_post_title_style":"","ocean_post_title_background_color":"","ocean_post_title_background":0,"ocean_post_title_bg_image_position":"","ocean_post_title_bg_image_attachment":"","ocean_post_title_bg_image_repeat":"","ocean_post_title_bg_image_size":"","ocean_post_title_height":0,"ocean_post_title_bg_overlay":0.5,"ocean_post_title_bg_overlay_color":"","ocean_disable_breadcrumbs":"default","ocean_breadcrumbs_color":"","ocean_breadcrumbs_separator_color":"","ocean_breadcrumbs_links_color":"","ocean_breadcrumbs_links_hover_color":"","ocean_display_footer_widgets":"default","ocean_display_footer_bottom":"default","ocean_custom_footer_template":"0"},"product_brand":[629],"product_cat":[39,33,483],"product_tag":[],"class_list":{"0":"post-1422","1":"product","2":"type-product","3":"status-publish","4":"has-post-thumbnail","6":"product_brand-trang-jeans","7":"product_cat-jeans","8":"product_cat-kolekcja-damska","9":"product_cat-wyprzedaz","11":"entry","12":"has-media","14":"first","15":"instock","16":"sale","17":"shipping-taxable","18":"purchasable","19":"product-type-variable","20":"has-product-nav","21":"col","22":"span_1_of_3","23":"owp-content-center","24":"owp-thumbs-layout-horizontal","25":"owp-btn-normal","26":"owp-tabs-layout-vertical","27":"has-no-thumbnails"},"_links":{"self":[{"href":"https:\/\/blauwfashion.com\/pl\/wp-json\/wp\/v2\/product\/1422","targetHints":{"allow":["GET"]}}],"collection":[{"href":"https:\/\/blauwfashion.com\/pl\/wp-json\/wp\/v2\/product"}],"about":[{"href":"https:\/\/blauwfashion.com\/pl\/wp-json\/wp\/v2\/types\/product"}],"replies":[{"embeddable":true,"href":"https:\/\/blauwfashion.com\/pl\/wp-json\/wp\/v2\/comments?post=1422"}],"wp:featuredmedia":[{"embeddable":true,"href":"https:\/\/blauwfashion.com\/pl\/wp-json\/wp\/v2\/media\/1423"}],"wp:attachment":[{"href":"https:\/\/blauwfashion.com\/pl\/wp-json\/wp\/v2\/media?parent=1422"}],"wp:term":[{"taxonomy":"product_brand","embeddable":true,"href":"https:\/\/blauwfashion.com\/pl\/wp-json\/wp\/v2\/product_brand?post=1422"},{"taxonomy":"product_cat","embeddable":true,"href":"https:\/\/blauwfashion.com\/pl\/wp-json\/wp\/v2\/product_cat?post=1422"},{"taxonomy":"product_tag","embeddable":true,"href":"https:\/\/blauwfashion.com\/pl\/wp-json\/wp\/v2\/product_tag?post=1422"}],"curies":[{"name":"wp","href":"https:\/\/api.w.org\/{rel}","templated":true}]}}