{"id":11,"date":"2025-04-09T14:56:35","date_gmt":"2025-04-09T14:56:35","guid":{"rendered":"https:\/\/www.blauwfashion.com\/?page_id=11"},"modified":"2025-04-14T17:54:31","modified_gmt":"2025-04-14T15:54:31","slug":"zwroty","status":"publish","type":"page","link":"https:\/\/blauwfashion.com\/pl\/zwroty\/","title":{"rendered":"Polityka zwrot\u00f3w"},"content":{"rendered":"<style>\n.content-wrapper {<br \/>\n    max-width: 800px;<br \/>\n    margin: 0 auto;<br \/>\n    padding: 30px 20px;<br \/>\n    line-height: 1.8;<br \/>\n    font-size: 16px;<br \/>\n    color: #111;<br \/>\n}<br \/>\n.content-wrapper h2 {<br \/>\n    margin-top: 30px;<br \/>\n    font-size: 22px;<br \/>\n    color: #000;<br \/>\n}<br \/>\n.content-wrapper ul {<br \/>\n    padding-left: 20px;<br \/>\n    margin-bottom: 20px;<br \/>\n}<br \/>\n<\/style>\n<div class=\"content-wrapper\">\n<h2>Polityka zwrot\u00f3w<\/h2>\n<p>Mo\u017ce si\u0119 zdarzy\u0107, \u017ce zechcesz zwr\u00f3ci\u0107 zam\u00f3wienie. Mo\u017ce to by\u0107 spowodowane tym, \u017ce produkt Ci si\u0119 nie podoba, lub mo\u017ce by\u0107 inny pow\u00f3d, dla kt\u00f3rego nie chcesz ju\u017c mie\u0107 zam\u00f3wienia. Niezale\u017cnie od powodu, masz prawo anulowa\u0107 zam\u00f3wienie w ci\u0105gu 30 dni od jego otrzymania bez podania przyczyny.<\/p>\n<p>Po anulowaniu masz kolejne 30 dni na odes\u0142anie produktu. Zostanie Ci zwr\u00f3cona pe\u0142na kwota zam\u00f3wienia, w tym koszty wysy\u0142ki. Koszt zwrotu przesy\u0142ki z Twojego domu do sklepu internetowego jest na Twoje konto. Koszt ten wynosi oko\u0142o 6,95 EUR za paczk\u0119 \u2013 dok\u0142adne stawki znajdziesz na stronie Twojego przewo\u017anika.<\/p>\n<p>Je\u015bli skorzystasz z prawa do odst\u0105pienia od umowy, produkt zostanie zwr\u00f3cony sprzedawcy w pe\u0142nym zestawie akcesori\u00f3w i \u2013 je\u015bli to mo\u017cliwe \u2013 w oryginalnym stanie i opakowaniu. Aby skorzysta\u0107 z tego prawa, skontaktuj si\u0119 z nami pod adresem <strong>blauwfashion@gmail.com<\/strong>. Zwrot \u015brodk\u00f3w nast\u0105pi w ci\u0105gu 14 dni od zg\u0142oszenia zwrotu, pod warunkiem \u017ce produkt zosta\u0142 ju\u017c zwr\u00f3cony w dobrym stanie.<\/p>\n<p><strong>Otrzyma\u0142e\u015b wadliwy produkt?<\/strong> Zg\u0142o\u015b to do nas w ci\u0105gu 48 godzin, aby\u015bmy mogli rozwi\u0105za\u0107 problem.<\/p>\n<h2>Wyj\u0105tki od zasad zwrot\u00f3w<\/h2>\n<ul>\n<li>Produkty zakupione z rabatem 20% lub wi\u0119kszym nie podlegaj\u0105 zwrotowi za pieni\u0105dze \u2013 tylko wymianie lub wydaniu bonu.<\/li>\n<li>Produkty z wyprzeda\u017cy z rabatem 50% lub wi\u0119kszym NIE S\u0104 przyjmowane z powrotem.<\/li>\n<li>Nie udzielamy gwarancji na zamki b\u0142yskawiczne (sprawdzane przed wysy\u0142k\u0105).<\/li>\n<li>Nie udzielamy gwarancji na \u0107wieki, kamienie, brokat i inne ozdoby.<\/li>\n<li>Nie udzielamy gwarancji na pranie, blakni\u0119cie itp. \u2013 stosuj si\u0119 do instrukcji na metce.<\/li>\n<\/ul>\n<p>Je\u015bli produkt jest uszkodzony lub opakowanie bardziej zniszczone ni\u017c przy standardowym testowaniu produktu, mo\u017cemy obci\u0105\u017cy\u0107 Ci\u0119 kosztami utraty jego warto\u015bci. Produkt musi posiada\u0107 metk\u0119 i by\u0107 odpowiednio zapakowany.<\/p>\n<h2>Wymiana produktu<\/h2>\n<p>Chcesz wymieni\u0107 produkt? To \u017caden problem. Skontaktuj si\u0119 z nami pod adresem <strong>blauwfashion@gmail.com<\/strong>. Koszty odes\u0142ania produktu ponosisz osobi\u015bcie.<\/p>\n<h2>B\u0142\u0119dny adres dostawy?<\/h2>\n<p>Przypadkowo poda\u0142e\u015b b\u0142\u0119dny adres dostawy? Skontaktuj si\u0119 z nami jak najszybciej \u2013 postaramy si\u0119 wprowadzi\u0107 zmiany przed wysy\u0142k\u0105.<\/p>\n<\/div>\n","protected":false},"excerpt":{"rendered":"<p>Polityka zwrot\u00f3w Mo\u017ce si\u0119 zdarzy\u0107, \u017ce zechcesz zwr\u00f3ci\u0107 zam\u00f3wienie. Mo\u017ce to by\u0107 spowodowane tym, \u017ce produkt Ci si\u0119 nie podoba, lub mo\u017ce by\u0107 inny pow\u00f3d, dla kt\u00f3rego nie chcesz ju\u017c mie\u0107 zam\u00f3wienia. Niezale\u017cnie od powodu, masz prawo anulowa\u0107 zam\u00f3wienie w ci\u0105gu 30 dni od jego otrzymania bez podania przyczyny. Po anulowaniu masz kolejne 30 dni [&hellip;]<\/p>\n","protected":false},"author":1,"featured_media":0,"parent":0,"menu_order":0,"comment_status":"closed","ping_status":"closed","template":"","meta":{"ocean_post_layout":"","ocean_both_sidebars_style":"","ocean_both_sidebars_content_width":0,"ocean_both_sidebars_sidebars_width":0,"ocean_sidebar":"","ocean_second_sidebar":"","ocean_disable_margins":"enable","ocean_add_body_class":"","ocean_shortcode_before_top_bar":"","ocean_shortcode_after_top_bar":"","ocean_shortcode_before_header":"","ocean_shortcode_after_header":"","ocean_has_shortcode":"","ocean_shortcode_after_title":"","ocean_shortcode_before_footer_widgets":"","ocean_shortcode_after_footer_widgets":"","ocean_shortcode_before_footer_bottom":"","ocean_shortcode_after_footer_bottom":"","ocean_display_top_bar":"default","ocean_display_header":"default","ocean_header_style":"","ocean_center_header_left_menu":"","ocean_custom_header_template":"","ocean_custom_logo":0,"ocean_custom_retina_logo":0,"ocean_custom_logo_max_width":0,"ocean_custom_logo_tablet_max_width":0,"ocean_custom_logo_mobile_max_width":0,"ocean_custom_logo_max_height":0,"ocean_custom_logo_tablet_max_height":0,"ocean_custom_logo_mobile_max_height":0,"ocean_header_custom_menu":"","ocean_menu_typo_font_family":"","ocean_menu_typo_font_subset":"","ocean_menu_typo_font_size":0,"ocean_menu_typo_font_size_tablet":0,"ocean_menu_typo_font_size_mobile":0,"ocean_menu_typo_font_size_unit":"px","ocean_menu_typo_font_weight":"","ocean_menu_typo_font_weight_tablet":"","ocean_menu_typo_font_weight_mobile":"","ocean_menu_typo_transform":"","ocean_menu_typo_transform_tablet":"","ocean_menu_typo_transform_mobile":"","ocean_menu_typo_line_height":0,"ocean_menu_typo_line_height_tablet":0,"ocean_menu_typo_line_height_mobile":0,"ocean_menu_typo_line_height_unit":"","ocean_menu_typo_spacing":0,"ocean_menu_typo_spacing_tablet":0,"ocean_menu_typo_spacing_mobile":0,"ocean_menu_typo_spacing_unit":"","ocean_menu_link_color":"","ocean_menu_link_color_hover":"","ocean_menu_link_color_active":"","ocean_menu_link_background":"","ocean_menu_link_hover_background":"","ocean_menu_link_active_background":"","ocean_menu_social_links_bg":"","ocean_menu_social_hover_links_bg":"","ocean_menu_social_links_color":"","ocean_menu_social_hover_links_color":"","ocean_disable_title":"default","ocean_disable_heading":"default","ocean_post_title":"","ocean_post_subheading":"","ocean_post_title_style":"","ocean_post_title_background_color":"","ocean_post_title_background":0,"ocean_post_title_bg_image_position":"","ocean_post_title_bg_image_attachment":"","ocean_post_title_bg_image_repeat":"","ocean_post_title_bg_image_size":"","ocean_post_title_height":0,"ocean_post_title_bg_overlay":0.5,"ocean_post_title_bg_overlay_color":"","ocean_disable_breadcrumbs":"default","ocean_breadcrumbs_color":"","ocean_breadcrumbs_separator_color":"","ocean_breadcrumbs_links_color":"","ocean_breadcrumbs_links_hover_color":"","ocean_display_footer_widgets":"default","ocean_display_footer_bottom":"default","ocean_custom_footer_template":"","footnotes":""},"class_list":["post-11","page","type-page","status-publish","hentry","entry","owp-thumbs-layout-horizontal","owp-btn-normal","owp-tabs-layout-vertical","has-no-thumbnails","has-product-nav"],"_links":{"self":[{"href":"https:\/\/blauwfashion.com\/pl\/wp-json\/wp\/v2\/pages\/11","targetHints":{"allow":["GET"]}}],"collection":[{"href":"https:\/\/blauwfashion.com\/pl\/wp-json\/wp\/v2\/pages"}],"about":[{"href":"https:\/\/blauwfashion.com\/pl\/wp-json\/wp\/v2\/types\/page"}],"author":[{"embeddable":true,"href":"https:\/\/blauwfashion.com\/pl\/wp-json\/wp\/v2\/users\/1"}],"replies":[{"embeddable":true,"href":"https:\/\/blauwfashion.com\/pl\/wp-json\/wp\/v2\/comments?post=11"}],"version-history":[{"count":4,"href":"https:\/\/blauwfashion.com\/pl\/wp-json\/wp\/v2\/pages\/11\/revisions"}],"predecessor-version":[{"id":1360,"href":"https:\/\/blauwfashion.com\/pl\/wp-json\/wp\/v2\/pages\/11\/revisions\/1360"}],"wp:attachment":[{"href":"https:\/\/blauwfashion.com\/pl\/wp-json\/wp\/v2\/media?parent=11"}],"curies":[{"name":"wp","href":"https:\/\/api.w.org\/{rel}","templated":true}]}}