{"id":2324,"date":"2025-11-03T20:59:02","date_gmt":"2025-11-03T18:59:02","guid":{"rendered":"https:\/\/blauwfashion.com\/?post_type=product&#038;p=2324"},"modified":"2025-11-03T21:47:04","modified_gmt":"2025-11-03T19:47:04","slug":"jasnoniebieskie-jeansy-z-serduszkowymi-kieszeniami","status":"publish","type":"product","link":"https:\/\/blauwfashion.com\/nl\/jasnoniebieskie-jeansy-z-serduszkowymi-kieszeniami\/","title":{"rendered":"Lichtblauwe jeans met hartvormige achterzakken"},"content":{"rendered":"<p data-start=\"259\" data-end=\"562\">Stijlvolle jeans met <strong data-start=\"276\" data-end=\"314\">een trendy model met uitlopende pijpen<\/strong>die het figuur mooi accentueren en de benen optisch verlengen. Gemaakt van zachte, elastische stof voor comfort en een perfecte pasvorm de hele dag door.<br data-start=\"464\" data-end=\"467\" \/>Aan de achterkant versierd met schattige <strong data-start=\"493\" data-end=\"526\">hartvormige zakken<\/strong>die een vrouwelijke en speelse uitstraling geven.<\/p>\n<p data-start=\"564\" data-end=\"800\">\u2728 <strong data-start=\"566\" data-end=\"589\">Productdetails:<\/strong><br data-start=\"589\" data-end=\"592\" \/>\u2714 Hoge taille \u2013 maakt de taille slanker<br data-start=\"622\" data-end=\"625\" \/>\u2714 Trendy model met uitlopende pijpen<br data-start=\"659\" data-end=\"662\" \/>\u2714 Hartvormige zakken aan de achterkant<br data-start=\"698\" data-end=\"701\" \/>\u2714 Elastische, comfortabele stof<br data-start=\"734\" data-end=\"737\" data-is-only-node=\"\" \/>\u2714 Kleur: lichtblauw<br data-start=\"760\" data-end=\"763\" \/>\u2714 Verkrijgbaar in maten: 36, 38, 40, 42<\/p>\n<p data-start=\"802\" data-end=\"919\">\ud83e\ude75 Perfect voor alledaagse looks, voor op het werk of een ontmoeting met vriendinnen<\/p>","protected":false},"excerpt":{"rendered":"<h6 class=\"sr-only\"><span style=\"font-size: 16px;\">Stijlvolle<\/span><span style=\"font-size: 16px;\"> jasnonieb<\/span><span style=\"font-size: 16px;\">ieskie<\/span><span style=\"font-size: 16px;\"> jeansy z rozszerzan\u0105 nogawk\u0105 i uroczymi kieszeniami w kszta\u0142cie serca.<\/span><span style=\"font-size: 16px;\">De hoge taille accentueert de taille op een mooie manier.<\/span><\/h6>","protected":false},"featured_media":2326,"comment_status":"open","ping_status":"closed","template":"","meta":{"ocean_post_layout":"","ocean_both_sidebars_style":"","ocean_both_sidebars_content_width":0,"ocean_both_sidebars_sidebars_width":0,"ocean_sidebar":"0","ocean_second_sidebar":"0","ocean_disable_margins":"enable","ocean_add_body_class":"","ocean_shortcode_before_top_bar":"","ocean_shortcode_after_top_bar":"","ocean_shortcode_before_header":"","ocean_shortcode_after_header":"","ocean_has_shortcode":"","ocean_shortcode_after_title":"","ocean_shortcode_before_footer_widgets":"","ocean_shortcode_after_footer_widgets":"","ocean_shortcode_before_footer_bottom":"","ocean_shortcode_after_footer_bottom":"","ocean_display_top_bar":"default","ocean_display_header":"default","ocean_header_style":"","ocean_center_header_left_menu":"0","ocean_custom_header_template":"0","ocean_custom_logo":0,"ocean_custom_retina_logo":0,"ocean_custom_logo_max_width":0,"ocean_custom_logo_tablet_max_width":0,"ocean_custom_logo_mobile_max_width":0,"ocean_custom_logo_max_height":0,"ocean_custom_logo_tablet_max_height":0,"ocean_custom_logo_mobile_max_height":0,"ocean_header_custom_menu":"0","ocean_menu_typo_font_family":"0","ocean_menu_typo_font_subset":"","ocean_menu_typo_font_size":0,"ocean_menu_typo_font_size_tablet":0,"ocean_menu_typo_font_size_mobile":0,"ocean_menu_typo_font_size_unit":"px","ocean_menu_typo_font_weight":"","ocean_menu_typo_font_weight_tablet":"","ocean_menu_typo_font_weight_mobile":"","ocean_menu_typo_transform":"","ocean_menu_typo_transform_tablet":"","ocean_menu_typo_transform_mobile":"","ocean_menu_typo_line_height":0,"ocean_menu_typo_line_height_tablet":0,"ocean_menu_typo_line_height_mobile":0,"ocean_menu_typo_line_height_unit":"","ocean_menu_typo_spacing":0,"ocean_menu_typo_spacing_tablet":0,"ocean_menu_typo_spacing_mobile":0,"ocean_menu_typo_spacing_unit":"","ocean_menu_link_color":"","ocean_menu_link_color_hover":"","ocean_menu_link_color_active":"","ocean_menu_link_background":"","ocean_menu_link_hover_background":"","ocean_menu_link_active_background":"","ocean_menu_social_links_bg":"","ocean_menu_social_hover_links_bg":"","ocean_menu_social_links_color":"","ocean_menu_social_hover_links_color":"","ocean_disable_title":"default","ocean_disable_heading":"default","ocean_post_title":"","ocean_post_subheading":"","ocean_post_title_style":"","ocean_post_title_background_color":"","ocean_post_title_background":0,"ocean_post_title_bg_image_position":"","ocean_post_title_bg_image_attachment":"","ocean_post_title_bg_image_repeat":"","ocean_post_title_bg_image_size":"","ocean_post_title_height":0,"ocean_post_title_bg_overlay":0.5,"ocean_post_title_bg_overlay_color":"","ocean_disable_breadcrumbs":"default","ocean_breadcrumbs_color":"","ocean_breadcrumbs_separator_color":"","ocean_breadcrumbs_links_color":"","ocean_breadcrumbs_links_hover_color":"","ocean_display_footer_widgets":"default","ocean_display_footer_bottom":"default","ocean_custom_footer_template":"0"},"product_brand":[629],"product_cat":[33,39],"product_tag":[1348,1098,1349,803,795,1103,1157,516],"class_list":{"0":"post-2324","1":"product","2":"type-product","3":"status-publish","4":"has-post-thumbnail","6":"product_brand-trang-jeans","7":"product_cat-kolekcja-damska","8":"product_cat-jeans","9":"product_tag-jasnoniebieskie-jeansy","10":"product_tag-jeansy-damskie","11":"product_tag-jeansy-z-sercem","12":"product_tag-jeansy-z-wysokim-stanem","13":"product_tag-kobiece-jeansy","14":"product_tag-modne-jeansy","15":"product_tag-spodnie-z-rozszerzana-nogawka","16":"product_tag-stylowe-spodnie","18":"entry","19":"has-media","21":"first","22":"instock","23":"shipping-taxable","24":"purchasable","25":"product-type-variable","26":"has-product-nav","27":"col","28":"span_1_of_3","29":"owp-content-center","30":"owp-thumbs-layout-horizontal","31":"owp-btn-normal","32":"owp-tabs-layout-vertical"},"_links":{"self":[{"href":"https:\/\/blauwfashion.com\/nl\/wp-json\/wp\/v2\/product\/2324","targetHints":{"allow":["GET"]}}],"collection":[{"href":"https:\/\/blauwfashion.com\/nl\/wp-json\/wp\/v2\/product"}],"about":[{"href":"https:\/\/blauwfashion.com\/nl\/wp-json\/wp\/v2\/types\/product"}],"replies":[{"embeddable":true,"href":"https:\/\/blauwfashion.com\/nl\/wp-json\/wp\/v2\/comments?post=2324"}],"wp:featuredmedia":[{"embeddable":true,"href":"https:\/\/blauwfashion.com\/nl\/wp-json\/wp\/v2\/media\/2326"}],"wp:attachment":[{"href":"https:\/\/blauwfashion.com\/nl\/wp-json\/wp\/v2\/media?parent=2324"}],"wp:term":[{"taxonomy":"product_brand","embeddable":true,"href":"https:\/\/blauwfashion.com\/nl\/wp-json\/wp\/v2\/product_brand?post=2324"},{"taxonomy":"product_cat","embeddable":true,"href":"https:\/\/blauwfashion.com\/nl\/wp-json\/wp\/v2\/product_cat?post=2324"},{"taxonomy":"product_tag","embeddable":true,"href":"https:\/\/blauwfashion.com\/nl\/wp-json\/wp\/v2\/product_tag?post=2324"}],"curies":[{"name":"wp","href":"https:\/\/api.w.org\/{rel}","templated":true}]}}