{"id":1908,"date":"2025-05-06T21:09:21","date_gmt":"2025-05-06T19:09:21","guid":{"rendered":"https:\/\/blauwfashion.com\/?post_type=product&#038;p=1908"},"modified":"2025-07-04T11:12:19","modified_gmt":"2025-07-04T09:12:19","slug":"modny-dres-damski-z-nadrukiem-new-york","status":"publish","type":"product","link":"https:\/\/blauwfashion.com\/nl\/modny-dres-damski-z-nadrukiem-new-york\/","title":{"rendered":"Trendy dames set NEW YORK"},"content":{"rendered":"<p class=\"\" data-start=\"258\" data-end=\"594\"><strong data-start=\"258\" data-end=\"329\">Tweedelig trainingspak \u201cNEW YORK\u201d \u2013 comfort en stijl voor elke dag<\/strong><br data-start=\"329\" data-end=\"332\" \/>Kies voor een urban look op z\u2019n best! Deze trendy set met \u201cNEW YORK\u201d print is perfect voor dagelijks gebruik \u2013 naar school, thuiswerken, wandelen of winkelen. De set bestaat uit een zachte hoodie met capuchon en aansluitende broek met elastische tailleband en boorden.<\/p>\n<p class=\"\" data-start=\"596\" data-end=\"709\">\u2728 Stylowy nadruk dodaje charakteru, a wygodny kr\u00f3j zapewnia swobod\u0119 ruch\u00f3w. .<\/p>\n<p class=\"\" data-start=\"711\" data-end=\"945\">\u2714\ufe0f Hoodie met capuchon en buidelzak<br data-start=\"753\" data-end=\"756\" \/>\u2714\ufe0f Broek met elastische tailleband en zakken<br data-start=\"799\" data-end=\"802\" \/>\u2714\ufe0f Kleur: zwart-wit met print<br data-start=\"836\" data-end=\"839\" \/>\u2714\ufe0f Zachte, aangename stof (katoenmengsel)<br data-start=\"890\" data-end=\"893\" \/>\u2714\ufe0f Ideaal voor lente, herfst en koelere zomerdagen<\/p>\n<p class=\"\" data-start=\"947\" data-end=\"996\">\ud83d\udce6 Verzending binnen 1\u20132 werkdagen<br data-start=\"975\" data-end=\"978\" \/>\u21a9\ufe0f Retour mogelijk binnen 30 dagen<\/p>","protected":false},"excerpt":{"rendered":"<p>Trendy trainingspak met \u201cNEW YORK\u201d-print. Zachte hoodie met capuchon en comfortabele joggingbroek met zakken.<\/p>","protected":false},"featured_media":1910,"comment_status":"open","ping_status":"closed","template":"","meta":{"ocean_post_layout":"","ocean_both_sidebars_style":"","ocean_both_sidebars_content_width":0,"ocean_both_sidebars_sidebars_width":0,"ocean_sidebar":"0","ocean_second_sidebar":"0","ocean_disable_margins":"enable","ocean_add_body_class":"","ocean_shortcode_before_top_bar":"","ocean_shortcode_after_top_bar":"","ocean_shortcode_before_header":"","ocean_shortcode_after_header":"","ocean_has_shortcode":"","ocean_shortcode_after_title":"","ocean_shortcode_before_footer_widgets":"","ocean_shortcode_after_footer_widgets":"","ocean_shortcode_before_footer_bottom":"","ocean_shortcode_after_footer_bottom":"","ocean_display_top_bar":"default","ocean_display_header":"default","ocean_header_style":"","ocean_center_header_left_menu":"0","ocean_custom_header_template":"0","ocean_custom_logo":0,"ocean_custom_retina_logo":0,"ocean_custom_logo_max_width":0,"ocean_custom_logo_tablet_max_width":0,"ocean_custom_logo_mobile_max_width":0,"ocean_custom_logo_max_height":0,"ocean_custom_logo_tablet_max_height":0,"ocean_custom_logo_mobile_max_height":0,"ocean_header_custom_menu":"0","ocean_menu_typo_font_family":"0","ocean_menu_typo_font_subset":"","ocean_menu_typo_font_size":0,"ocean_menu_typo_font_size_tablet":0,"ocean_menu_typo_font_size_mobile":0,"ocean_menu_typo_font_size_unit":"px","ocean_menu_typo_font_weight":"","ocean_menu_typo_font_weight_tablet":"","ocean_menu_typo_font_weight_mobile":"","ocean_menu_typo_transform":"","ocean_menu_typo_transform_tablet":"","ocean_menu_typo_transform_mobile":"","ocean_menu_typo_line_height":0,"ocean_menu_typo_line_height_tablet":0,"ocean_menu_typo_line_height_mobile":0,"ocean_menu_typo_line_height_unit":"","ocean_menu_typo_spacing":0,"ocean_menu_typo_spacing_tablet":0,"ocean_menu_typo_spacing_mobile":0,"ocean_menu_typo_spacing_unit":"","ocean_menu_link_color":"","ocean_menu_link_color_hover":"","ocean_menu_link_color_active":"","ocean_menu_link_background":"","ocean_menu_link_hover_background":"","ocean_menu_link_active_background":"","ocean_menu_social_links_bg":"","ocean_menu_social_hover_links_bg":"","ocean_menu_social_links_color":"","ocean_menu_social_hover_links_color":"","ocean_disable_title":"default","ocean_disable_heading":"default","ocean_post_title":"","ocean_post_subheading":"","ocean_post_title_style":"","ocean_post_title_background_color":"","ocean_post_title_background":0,"ocean_post_title_bg_image_position":"","ocean_post_title_bg_image_attachment":"","ocean_post_title_bg_image_repeat":"","ocean_post_title_bg_image_size":"","ocean_post_title_height":0,"ocean_post_title_bg_overlay":0.5,"ocean_post_title_bg_overlay_color":"","ocean_disable_breadcrumbs":"default","ocean_breadcrumbs_color":"","ocean_breadcrumbs_separator_color":"","ocean_breadcrumbs_links_color":"","ocean_breadcrumbs_links_hover_color":"","ocean_display_footer_widgets":"default","ocean_display_footer_bottom":"default","ocean_custom_footer_template":"0"},"product_brand":[503],"product_cat":[33,44],"product_tag":[1082,1083,1079,1084,1085,1086,1081,1078,1080,1087,245],"class_list":{"0":"post-1908","1":"product","2":"type-product","3":"status-publish","4":"has-post-thumbnail","6":"product_brand-mor-inci","7":"product_cat-kolekcja-damska","8":"product_cat-sety","9":"product_tag-bluza-i-spodnie","10":"product_tag-dres-bialo-czarny","11":"product_tag-dres-new-york","12":"product_tag-dres-rozmiar-l","13":"product_tag-dres-rozmiar-xl","14":"product_tag-dres-sportowy","15":"product_tag-dres-z-kapturem","16":"product_tag-komplet-dresowy-damski","17":"product_tag-komplet-z-nadrukiem","18":"product_tag-moda-uliczna","19":"product_tag-wygodny-komplet","21":"entry","22":"has-media","24":"first","25":"instock","26":"shipping-taxable","27":"purchasable","28":"product-type-variable","29":"has-product-nav","30":"col","31":"span_1_of_3","32":"owp-content-center","33":"owp-thumbs-layout-horizontal","34":"owp-btn-normal","35":"owp-tabs-layout-vertical","36":"has-no-thumbnails"},"_links":{"self":[{"href":"https:\/\/blauwfashion.com\/nl\/wp-json\/wp\/v2\/product\/1908","targetHints":{"allow":["GET"]}}],"collection":[{"href":"https:\/\/blauwfashion.com\/nl\/wp-json\/wp\/v2\/product"}],"about":[{"href":"https:\/\/blauwfashion.com\/nl\/wp-json\/wp\/v2\/types\/product"}],"replies":[{"embeddable":true,"href":"https:\/\/blauwfashion.com\/nl\/wp-json\/wp\/v2\/comments?post=1908"}],"wp:featuredmedia":[{"embeddable":true,"href":"https:\/\/blauwfashion.com\/nl\/wp-json\/wp\/v2\/media\/1910"}],"wp:attachment":[{"href":"https:\/\/blauwfashion.com\/nl\/wp-json\/wp\/v2\/media?parent=1908"}],"wp:term":[{"taxonomy":"product_brand","embeddable":true,"href":"https:\/\/blauwfashion.com\/nl\/wp-json\/wp\/v2\/product_brand?post=1908"},{"taxonomy":"product_cat","embeddable":true,"href":"https:\/\/blauwfashion.com\/nl\/wp-json\/wp\/v2\/product_cat?post=1908"},{"taxonomy":"product_tag","embeddable":true,"href":"https:\/\/blauwfashion.com\/nl\/wp-json\/wp\/v2\/product_tag?post=1908"}],"curies":[{"name":"wp","href":"https:\/\/api.w.org\/{rel}","templated":true}]}}