{"id":1551,"date":"2025-04-23T18:46:39","date_gmt":"2025-04-23T16:46:39","guid":{"rendered":"https:\/\/blauwfashion.com\/?post_type=product&#038;p=1551"},"modified":"2025-07-06T11:49:45","modified_gmt":"2025-07-06T09:49:45","slug":"modelujace-czarne-jeansy-dzwony-efekt-5-kg","status":"publish","type":"product","link":"https:\/\/blauwfashion.com\/nl\/modelujace-czarne-jeansy-dzwony-efekt-5-kg\/","title":{"rendered":"Vormgevende zwarte flared jeans \u2013 Effect -5 kg"},"content":{"rendered":"<p class=\"\" data-start=\"193\" data-end=\"480\">Zwarte jeans die je visueel slanker maken en je zelfvertrouwen een boost geven! Dit model is de perfecte combinatie van comfort, stijl en een vormgevend effect. Dankzij de hoge taille wordt de taille mooi geaccentueerd, terwijl de flared pijpen de benen optisch verlengen en het hele figuur slanker laten lijken. <strong data-start=\"420\" data-end=\"431\">dzwon\u00f3w<\/strong> optycznie wyd\u0142u\u017ca nogi i wysmukla ca\u0142\u0105 sylwetk\u0119.<\/p>\n<p class=\"\" data-start=\"482\" data-end=\"714\">De stof met een vleugje stretch zorgt voor draagcomfort en een perfecte pasvorm. Zwarte jeans zijn een klassieker die in elke garderobe thuishoort \u2013 zowel voor dagelijks gebruik als voor een elegante look met een blouse of hakken.<\/p>\n<hr class=\"\" data-start=\"716\" data-end=\"719\" \/>\n<h4 class=\"\" data-start=\"721\" data-end=\"751\">\u2728 <strong data-start=\"728\" data-end=\"751\">Productdetails:<\/strong><\/h4>\n<ul data-start=\"752\" data-end=\"1002\">\n<li class=\"\" data-start=\"752\" data-end=\"798\">\n<p class=\"\" data-start=\"754\" data-end=\"798\">Pasvorm: uitlopende pijpen \/ flared (bootcut)<\/p>\n<\/li>\n<li class=\"\" data-start=\"799\" data-end=\"813\">\n<p class=\"\" data-start=\"801\" data-end=\"813\">hoge taille<\/p>\n<\/li>\n<li class=\"\" data-start=\"814\" data-end=\"836\">\n<p class=\"\" data-start=\"816\" data-end=\"836\">Kleur: diepzwart<\/p>\n<\/li>\n<li class=\"\" data-start=\"886\" data-end=\"938\">\n<p class=\"\" data-start=\"888\" data-end=\"938\">Effect: visueel afslankend silhouet (effect -5 kg)<\/p>\n<\/li>\n<li class=\"\" data-start=\"939\" data-end=\"1002\">\n<p class=\"\" data-start=\"941\" data-end=\"1002\">Beschikbare maten:<strong data-start=\"972\" data-end=\"985\">L (40)<\/strong>,<\/p>\n<\/li>\n<\/ul>","protected":false},"excerpt":{"rendered":"<p>Modeluj\u0105ce czarne jeansy z wysokim stanem i nogawk\u0105 typu dzwony. Efekt wyszczuplenia sylwetki. Dost\u0119pne w rozmiarach\u00a0 L<\/p>","protected":false},"featured_media":1553,"comment_status":"open","ping_status":"closed","template":"","meta":{"ocean_post_layout":"","ocean_both_sidebars_style":"","ocean_both_sidebars_content_width":0,"ocean_both_sidebars_sidebars_width":0,"ocean_sidebar":"0","ocean_second_sidebar":"0","ocean_disable_margins":"enable","ocean_add_body_class":"","ocean_shortcode_before_top_bar":"","ocean_shortcode_after_top_bar":"","ocean_shortcode_before_header":"","ocean_shortcode_after_header":"","ocean_has_shortcode":"","ocean_shortcode_after_title":"","ocean_shortcode_before_footer_widgets":"","ocean_shortcode_after_footer_widgets":"","ocean_shortcode_before_footer_bottom":"","ocean_shortcode_after_footer_bottom":"","ocean_display_top_bar":"default","ocean_display_header":"default","ocean_header_style":"","ocean_center_header_left_menu":"0","ocean_custom_header_template":"0","ocean_custom_logo":0,"ocean_custom_retina_logo":0,"ocean_custom_logo_max_width":0,"ocean_custom_logo_tablet_max_width":0,"ocean_custom_logo_mobile_max_width":0,"ocean_custom_logo_max_height":0,"ocean_custom_logo_tablet_max_height":0,"ocean_custom_logo_mobile_max_height":0,"ocean_header_custom_menu":"0","ocean_menu_typo_font_family":"0","ocean_menu_typo_font_subset":"","ocean_menu_typo_font_size":0,"ocean_menu_typo_font_size_tablet":0,"ocean_menu_typo_font_size_mobile":0,"ocean_menu_typo_font_size_unit":"px","ocean_menu_typo_font_weight":"","ocean_menu_typo_font_weight_tablet":"","ocean_menu_typo_font_weight_mobile":"","ocean_menu_typo_transform":"","ocean_menu_typo_transform_tablet":"","ocean_menu_typo_transform_mobile":"","ocean_menu_typo_line_height":0,"ocean_menu_typo_line_height_tablet":0,"ocean_menu_typo_line_height_mobile":0,"ocean_menu_typo_line_height_unit":"","ocean_menu_typo_spacing":0,"ocean_menu_typo_spacing_tablet":0,"ocean_menu_typo_spacing_mobile":0,"ocean_menu_typo_spacing_unit":"","ocean_menu_link_color":"","ocean_menu_link_color_hover":"","ocean_menu_link_color_active":"","ocean_menu_link_background":"","ocean_menu_link_hover_background":"","ocean_menu_link_active_background":"","ocean_menu_social_links_bg":"","ocean_menu_social_hover_links_bg":"","ocean_menu_social_links_color":"","ocean_menu_social_hover_links_color":"","ocean_disable_title":"default","ocean_disable_heading":"default","ocean_post_title":"","ocean_post_subheading":"","ocean_post_title_style":"","ocean_post_title_background_color":"","ocean_post_title_background":0,"ocean_post_title_bg_image_position":"","ocean_post_title_bg_image_attachment":"","ocean_post_title_bg_image_repeat":"","ocean_post_title_bg_image_size":"","ocean_post_title_height":0,"ocean_post_title_bg_overlay":0.5,"ocean_post_title_bg_overlay_color":"","ocean_disable_breadcrumbs":"default","ocean_breadcrumbs_color":"","ocean_breadcrumbs_separator_color":"","ocean_breadcrumbs_links_color":"","ocean_breadcrumbs_links_hover_color":"","ocean_display_footer_widgets":"default","ocean_display_footer_bottom":"default","ocean_custom_footer_template":"0"},"product_brand":[827],"product_cat":[39,33,483],"product_tag":[834,828,833,830,836,837,835,832,829],"class_list":{"0":"post-1551","1":"product","2":"type-product","3":"status-publish","4":"has-post-thumbnail","6":"product_brand-mila-premium","7":"product_cat-jeans","8":"product_cat-kolekcja-damska","9":"product_cat-wyprzedaz","10":"product_tag-czarne-dzinsy","11":"product_tag-czarne-jeansy-dzwony","12":"product_tag-dzwony-z-wysokim-stanem","13":"product_tag-efekt-5-kg","14":"product_tag-jeansy-z-efektem-push-up","15":"product_tag-klasyczne-dzwony","16":"product_tag-modne-spodnie-damskie","17":"product_tag-spodnie-modelujace","18":"product_tag-spodnie-wyszczuplajace","20":"entry","21":"has-media","23":"first","24":"instock","25":"sale","26":"shipping-taxable","27":"purchasable","28":"product-type-variable","29":"has-product-nav","30":"col","31":"span_1_of_3","32":"owp-content-center","33":"owp-thumbs-layout-horizontal","34":"owp-btn-normal","35":"owp-tabs-layout-vertical","36":"has-no-thumbnails"},"_links":{"self":[{"href":"https:\/\/blauwfashion.com\/nl\/wp-json\/wp\/v2\/product\/1551","targetHints":{"allow":["GET"]}}],"collection":[{"href":"https:\/\/blauwfashion.com\/nl\/wp-json\/wp\/v2\/product"}],"about":[{"href":"https:\/\/blauwfashion.com\/nl\/wp-json\/wp\/v2\/types\/product"}],"replies":[{"embeddable":true,"href":"https:\/\/blauwfashion.com\/nl\/wp-json\/wp\/v2\/comments?post=1551"}],"wp:featuredmedia":[{"embeddable":true,"href":"https:\/\/blauwfashion.com\/nl\/wp-json\/wp\/v2\/media\/1553"}],"wp:attachment":[{"href":"https:\/\/blauwfashion.com\/nl\/wp-json\/wp\/v2\/media?parent=1551"}],"wp:term":[{"taxonomy":"product_brand","embeddable":true,"href":"https:\/\/blauwfashion.com\/nl\/wp-json\/wp\/v2\/product_brand?post=1551"},{"taxonomy":"product_cat","embeddable":true,"href":"https:\/\/blauwfashion.com\/nl\/wp-json\/wp\/v2\/product_cat?post=1551"},{"taxonomy":"product_tag","embeddable":true,"href":"https:\/\/blauwfashion.com\/nl\/wp-json\/wp\/v2\/product_tag?post=1551"}],"curies":[{"name":"wp","href":"https:\/\/api.w.org\/{rel}","templated":true}]}}