{"id":171,"date":"2025-04-04T13:10:50","date_gmt":"2025-04-04T13:10:50","guid":{"rendered":"https:\/\/blauwfashion.com\/?page_id=171"},"modified":"2025-04-14T17:53:27","modified_gmt":"2025-04-14T15:53:27","slug":"o-nas","status":"publish","type":"page","link":"https:\/\/blauwfashion.com\/nl\/o-nas\/","title":{"rendered":"Over Ons"},"content":{"rendered":"<div style=\"max-width: 900px; margin: 0 auto; padding: 20px;\">\n\n\n<h1 class=\"wp-block-heading has-larger-font-size\"><strong>Blauw Fashion \u2013 jouw favoriete kleding voor elke gelegenheid<\/strong><\/h1>\n\n\n\n<p><\/p>\n\n\n\n<p class=\"has-theme-palette-3-color has-text-color has-link-color has-large-font-size wp-elements-8ea770358b37890ff2461dc5983a2362\"><strong><em>Welkom bij Blauw Fashion!<\/em><\/strong><\/p>\n\n\n\n<p class=\"has-theme-palette-3-color has-text-color has-link-color wp-elements-7fcd9eeae71741727de769fad433fcf8\">Bij Blauw Fashion geloven we dat mode comfort en stijl moet combineren. Onze collectie is ontworpen voor vrouwen die zich comfortabel willen voelen en er tegelijkertijd geweldig uit willen zien in elke situatie. Ons doel is om modebewuste en functionele kleding te leveren die je de hele dag door zal vergezellen.<\/p>\n\n\n\n<h2 class=\"wp-block-heading\" style=\"border-style:none;border-width:0px;border-radius:0px\"><strong>Waarom Blauw Fashion?<\/strong><\/h2>\n\n\n\n<ul class=\"wp-block-list\">\n<li><strong>Comfort<\/strong> Wij kiezen voor producten die niet alleen geweldig eruit zien, maar ook comfortabel zijn om te dragen.<\/li>\n\n\n\n<li><strong>Stijl<\/strong> Onze collecties zijn een combinatie van de nieuwste trends en klassiekers, zodat elke vrouw iets voor zichzelf kan vinden.<\/li>\n\n\n\n<li><strong>Kwaliteit<\/strong> Wij selecteren zorgvuldig de materialen en zorgen voor elk detail, zodat onze producten voldoen aan de hoogste kwaliteitsnormen<\/li>\n\n\n\n<li><strong>Voor jou<\/strong> Met passie ontwerpen we kleding die bij elke gelegenheid past \u2013 van dagelijkse outfits tot elegante uitjes.<\/li>\n<\/ul>\n\n\n\n<h2 class=\"wp-block-heading\"><strong>Onze missie<\/strong><\/h2>\n\n\n\n<p>Onze missie is om mode te leveren die je elke dag zelfverzekerd en stijlvol doet voelen. Met liefde voor details cre\u00ebren we kleding die schoonheid en functionaliteit combineert. We willen dat onze kleding een onderdeel wordt van je dagelijks leven en je unieke stijl benadrukt.<\/p>\n\n\n\n<h2 class=\"wp-block-heading\"><strong>Wat maakt ons uniek?<\/strong><\/h2>\n\n\n\n<ol class=\"wp-block-list\">\n<li><strong>Duurzame ontwikkeling:<\/strong> We proberen de impact op het milieu te minimaliseren door ecologische materialen te kiezen en zorg te dragen voor de juiste productieprocessen.<\/li>\n\n\n\n<li><strong>Diversiteit:<\/strong> Onze collecties omvatten een breed scala aan kleding \u2013 van elegante jurken tot comfortabele kleding voor dagelijks gebruik.<\/li>\n\n\n\n<li><strong>Aandacht voor detail:<\/strong> Elk van onze producten is zorgvuldig doordacht, ontworpen en genaaid om je de hele dag door comfort te bieden.<\/li>\n<\/ol>\n\n\n\n<h2 class=\"wp-block-heading\"><strong>Wil je meer weten?<\/strong><\/h2>\n\n\n\n<p>Als je vragen hebt, helpen we je graag! Neem contact met ons op of bekijk onze producten, die je kunt vinden in de online winkel.<\/p>\n\n\n\n<p><\/p>\n\n\n\n<p><\/p>\n\n\n\n<details class=\"wp-block-details is-layout-flow wp-block-details-is-layout-flow\"><summary><\/summary>\n<h3 class=\"wp-block-heading\">Sekcja kontaktowa <\/h3>\n<\/details>\n\n\n\n<p><strong>Heb je vragen?<\/strong><\/p>\n\n\n\n<p><br>Skontaktuj si\u0119 z nami przez email:blauwfashion@gmial.com<\/p>\n\n\n\n<p><strong>Wil je je bij onze gemeenschap aansluiten?<\/strong><\/p>\n\n\n\n<p>Volg ons op Facebook om geen enkele nieuwigheid te missen!<\/p>\n\n\n\n<ul class=\"wp-block-list\">\n<li><strong>Facebook:<\/strong> <a class=\"\" href=\"https:\/\/www.facebook.com\/BlauwFashion\" target=\"_blank\" rel=\"noopener\">BlauwFashion<\/a><\/li>\n<\/ul>\n\n\n\n<p><\/p>\n\n\n<\/div>","protected":false},"excerpt":{"rendered":"<p>Blauw Fashion \u2013 Twoja ulubiona odzie\u017c na ka\u017cd\u0105 okazj\u0119 Witamy w Blauw Fashion! W Blauw Fashion wierzymy, \u017ce moda powinna \u0142\u0105czy\u0107 wygod\u0119 i styl. Nasza kolekcja jest stworzona z my\u015bl\u0105 o kobietach, kt\u00f3re chc\u0105 czu\u0107 si\u0119 komfortowo, a jednocze\u015bnie wygl\u0105da\u0107 \u015bwietnie w ka\u017cdej sytuacji. Naszym celem jest dostarczenie modnych i funkcjonalnych ubra\u0144, kt\u00f3re b\u0119d\u0105 towarzyszy\u0107 [&hellip;]<\/p>\n","protected":false},"author":1,"featured_media":0,"parent":0,"menu_order":0,"comment_status":"closed","ping_status":"closed","template":"","meta":{"ocean_post_layout":"","ocean_both_sidebars_style":"","ocean_both_sidebars_content_width":0,"ocean_both_sidebars_sidebars_width":0,"ocean_sidebar":"","ocean_second_sidebar":"","ocean_disable_margins":"enable","ocean_add_body_class":"","ocean_shortcode_before_top_bar":"","ocean_shortcode_after_top_bar":"","ocean_shortcode_before_header":"","ocean_shortcode_after_header":"","ocean_has_shortcode":"","ocean_shortcode_after_title":"","ocean_shortcode_before_footer_widgets":"","ocean_shortcode_after_footer_widgets":"","ocean_shortcode_before_footer_bottom":"","ocean_shortcode_after_footer_bottom":"","ocean_display_top_bar":"default","ocean_display_header":"default","ocean_header_style":"","ocean_center_header_left_menu":"","ocean_custom_header_template":"","ocean_custom_logo":0,"ocean_custom_retina_logo":0,"ocean_custom_logo_max_width":0,"ocean_custom_logo_tablet_max_width":0,"ocean_custom_logo_mobile_max_width":0,"ocean_custom_logo_max_height":0,"ocean_custom_logo_tablet_max_height":0,"ocean_custom_logo_mobile_max_height":0,"ocean_header_custom_menu":"","ocean_menu_typo_font_family":"","ocean_menu_typo_font_subset":"","ocean_menu_typo_font_size":0,"ocean_menu_typo_font_size_tablet":0,"ocean_menu_typo_font_size_mobile":0,"ocean_menu_typo_font_size_unit":"px","ocean_menu_typo_font_weight":"","ocean_menu_typo_font_weight_tablet":"","ocean_menu_typo_font_weight_mobile":"","ocean_menu_typo_transform":"","ocean_menu_typo_transform_tablet":"","ocean_menu_typo_transform_mobile":"","ocean_menu_typo_line_height":0,"ocean_menu_typo_line_height_tablet":0,"ocean_menu_typo_line_height_mobile":0,"ocean_menu_typo_line_height_unit":"","ocean_menu_typo_spacing":0,"ocean_menu_typo_spacing_tablet":0,"ocean_menu_typo_spacing_mobile":0,"ocean_menu_typo_spacing_unit":"","ocean_menu_link_color":"","ocean_menu_link_color_hover":"","ocean_menu_link_color_active":"","ocean_menu_link_background":"","ocean_menu_link_hover_background":"","ocean_menu_link_active_background":"","ocean_menu_social_links_bg":"","ocean_menu_social_hover_links_bg":"","ocean_menu_social_links_color":"","ocean_menu_social_hover_links_color":"","ocean_disable_title":"default","ocean_disable_heading":"default","ocean_post_title":"","ocean_post_subheading":"","ocean_post_title_style":"","ocean_post_title_background_color":"","ocean_post_title_background":0,"ocean_post_title_bg_image_position":"","ocean_post_title_bg_image_attachment":"","ocean_post_title_bg_image_repeat":"","ocean_post_title_bg_image_size":"","ocean_post_title_height":0,"ocean_post_title_bg_overlay":0.5,"ocean_post_title_bg_overlay_color":"","ocean_disable_breadcrumbs":"default","ocean_breadcrumbs_color":"","ocean_breadcrumbs_separator_color":"","ocean_breadcrumbs_links_color":"","ocean_breadcrumbs_links_hover_color":"","ocean_display_footer_widgets":"default","ocean_display_footer_bottom":"default","ocean_custom_footer_template":"","footnotes":""},"class_list":["post-171","page","type-page","status-publish","hentry","entry","owp-thumbs-layout-horizontal","owp-btn-normal","owp-tabs-layout-vertical","has-no-thumbnails","has-product-nav"],"_links":{"self":[{"href":"https:\/\/blauwfashion.com\/nl\/wp-json\/wp\/v2\/pages\/171","targetHints":{"allow":["GET"]}}],"collection":[{"href":"https:\/\/blauwfashion.com\/nl\/wp-json\/wp\/v2\/pages"}],"about":[{"href":"https:\/\/blauwfashion.com\/nl\/wp-json\/wp\/v2\/types\/page"}],"author":[{"embeddable":true,"href":"https:\/\/blauwfashion.com\/nl\/wp-json\/wp\/v2\/users\/1"}],"replies":[{"embeddable":true,"href":"https:\/\/blauwfashion.com\/nl\/wp-json\/wp\/v2\/comments?post=171"}],"version-history":[{"count":4,"href":"https:\/\/blauwfashion.com\/nl\/wp-json\/wp\/v2\/pages\/171\/revisions"}],"predecessor-version":[{"id":1359,"href":"https:\/\/blauwfashion.com\/nl\/wp-json\/wp\/v2\/pages\/171\/revisions\/1359"}],"wp:attachment":[{"href":"https:\/\/blauwfashion.com\/nl\/wp-json\/wp\/v2\/media?parent=171"}],"curies":[{"name":"wp","href":"https:\/\/api.w.org\/{rel}","templated":true}]}}