{"id":2063,"date":"2025-07-12T13:46:30","date_gmt":"2025-07-12T11:46:30","guid":{"rendered":"https:\/\/blauwfashion.com\/?post_type=product&#038;p=2063"},"modified":"2025-08-31T16:43:57","modified_gmt":"2025-08-31T14:43:57","slug":"azurowy-sweterek-z-motylem","status":"publish","type":"product","link":"http:\/\/blauwfashion.com\/pl\/azurowy-sweterek-z-motylem\/","title":{"rendered":"A\u017curowy sweterek z motylem"},"content":{"rendered":"<p data-start=\"233\" data-end=\"474\">Stylowy, kobiecy i wyj\u0105tkowy \u2013 ten <strong data-start=\"268\" data-end=\"294\">bia\u0142y a\u017curowy sweterek<\/strong> z nadrukiem <strong data-start=\"307\" data-end=\"348\">kolorowych skrzyde\u0142 motyla na plecach<\/strong> to must-have tego sezonu!<br data-start=\"374\" data-end=\"377\" \/>Idealny na wiosn\u0119 i lato, zapewnia komfort i przewiewno\u015b\u0107 dzi\u0119ki delikatnemu, a\u017curowemu splotowi.<\/p>\n<p data-start=\"476\" data-end=\"498\">\u2728 <strong data-start=\"478\" data-end=\"498\">Detale produktu:<\/strong><\/p>\n<ul data-start=\"499\" data-end=\"714\">\n<li data-start=\"499\" data-end=\"551\">\n<p data-start=\"501\" data-end=\"551\">Rozmiar uniwersalny \u2013 pasuje do biustu do 120 cm<\/p>\n<\/li>\n<li data-start=\"552\" data-end=\"568\">\n<p data-start=\"554\" data-end=\"568\">Kolor: bia\u0142y<\/p>\n<\/li>\n<li data-start=\"569\" data-end=\"600\">\n<p data-start=\"571\" data-end=\"600\">Lu\u017any kr\u00f3j, r\u0119kaw do \u0142okcia<\/p>\n<\/li>\n<li data-start=\"601\" data-end=\"648\">\n<p data-start=\"603\" data-end=\"648\">Wz\u00f3r skrzyde\u0142 motyla w pastelowych kolorach<\/p>\n<\/li>\n<li data-start=\"649\" data-end=\"679\">\n<p data-start=\"651\" data-end=\"679\">Lekki, przewiewny materia\u0142<\/p>\n<\/li>\n<li data-start=\"680\" data-end=\"714\">\n<p data-start=\"682\" data-end=\"714\">Styl boho \/ romantyczny \/ casual<\/p>\n<\/li>\n<\/ul>\n<p data-start=\"716\" data-end=\"855\">\ud83e\udd8b Ten sweterek to doskona\u0142y wyb\u00f3r na codzienne stylizacje, spacery czy spotkania z przyjaci\u00f3\u0142mi. \u015awietnie wygl\u0105da z jeansami lub szortami!<\/p>\n","protected":false},"excerpt":{"rendered":"<p>Stylowy bia\u0142y sweterek a\u017curowy z kolorowymi skrzyd\u0142ami motyla na plecach. Lekki, kobiecy i idealny na lato. Rozmiar uniwersalny do 120 cm w biu\u015bcie.<\/p>\n","protected":false},"featured_media":2064,"comment_status":"open","ping_status":"closed","template":"","meta":{"ocean_post_layout":"","ocean_both_sidebars_style":"","ocean_both_sidebars_content_width":0,"ocean_both_sidebars_sidebars_width":0,"ocean_sidebar":"0","ocean_second_sidebar":"0","ocean_disable_margins":"enable","ocean_add_body_class":"","ocean_shortcode_before_top_bar":"","ocean_shortcode_after_top_bar":"","ocean_shortcode_before_header":"","ocean_shortcode_after_header":"","ocean_has_shortcode":"","ocean_shortcode_after_title":"","ocean_shortcode_before_footer_widgets":"","ocean_shortcode_after_footer_widgets":"","ocean_shortcode_before_footer_bottom":"","ocean_shortcode_after_footer_bottom":"","ocean_display_top_bar":"default","ocean_display_header":"default","ocean_header_style":"","ocean_center_header_left_menu":"0","ocean_custom_header_template":"0","ocean_custom_logo":0,"ocean_custom_retina_logo":0,"ocean_custom_logo_max_width":0,"ocean_custom_logo_tablet_max_width":0,"ocean_custom_logo_mobile_max_width":0,"ocean_custom_logo_max_height":0,"ocean_custom_logo_tablet_max_height":0,"ocean_custom_logo_mobile_max_height":0,"ocean_header_custom_menu":"0","ocean_menu_typo_font_family":"0","ocean_menu_typo_font_subset":"","ocean_menu_typo_font_size":0,"ocean_menu_typo_font_size_tablet":0,"ocean_menu_typo_font_size_mobile":0,"ocean_menu_typo_font_size_unit":"px","ocean_menu_typo_font_weight":"","ocean_menu_typo_font_weight_tablet":"","ocean_menu_typo_font_weight_mobile":"","ocean_menu_typo_transform":"","ocean_menu_typo_transform_tablet":"","ocean_menu_typo_transform_mobile":"","ocean_menu_typo_line_height":0,"ocean_menu_typo_line_height_tablet":0,"ocean_menu_typo_line_height_mobile":0,"ocean_menu_typo_line_height_unit":"","ocean_menu_typo_spacing":0,"ocean_menu_typo_spacing_tablet":0,"ocean_menu_typo_spacing_mobile":0,"ocean_menu_typo_spacing_unit":"","ocean_menu_link_color":"","ocean_menu_link_color_hover":"","ocean_menu_link_color_active":"","ocean_menu_link_background":"","ocean_menu_link_hover_background":"","ocean_menu_link_active_background":"","ocean_menu_social_links_bg":"","ocean_menu_social_hover_links_bg":"","ocean_menu_social_links_color":"","ocean_menu_social_hover_links_color":"","ocean_disable_title":"default","ocean_disable_heading":"default","ocean_post_title":"","ocean_post_subheading":"","ocean_post_title_style":"","ocean_post_title_background_color":"","ocean_post_title_background":0,"ocean_post_title_bg_image_position":"","ocean_post_title_bg_image_attachment":"","ocean_post_title_bg_image_repeat":"","ocean_post_title_bg_image_size":"","ocean_post_title_height":0,"ocean_post_title_bg_overlay":0.5,"ocean_post_title_bg_overlay_color":"","ocean_disable_breadcrumbs":"default","ocean_breadcrumbs_color":"","ocean_breadcrumbs_separator_color":"","ocean_breadcrumbs_links_color":"","ocean_breadcrumbs_links_hover_color":"","ocean_display_footer_widgets":"default","ocean_display_footer_bottom":"default","ocean_custom_footer_template":"0"},"product_brand":[259],"product_cat":[33,59],"product_tag":[1195,1196,279,275,1197,1199,1198,642,735],"class_list":{"0":"post-2063","1":"product","2":"type-product","3":"status-publish","4":"has-post-thumbnail","6":"product_brand-new-collection","7":"product_cat-kolekcja-damska","8":"product_cat-swetry","9":"product_tag-azurowy","10":"product_tag-bialy-sweter","11":"product_tag-casual","12":"product_tag-lato","13":"product_tag-motyl","14":"product_tag-romantyczny-styl","15":"product_tag-skrzydla","16":"product_tag-styl-boho","17":"product_tag-sweterek","19":"entry","20":"has-media","22":"first","23":"instock","24":"sale","25":"shipping-taxable","26":"purchasable","27":"product-type-simple","28":"has-product-nav","29":"col","30":"span_1_of_3","31":"owp-content-center","32":"owp-thumbs-layout-horizontal","33":"owp-btn-normal","34":"owp-tabs-layout-vertical"},"_links":{"self":[{"href":"http:\/\/blauwfashion.com\/pl\/wp-json\/wp\/v2\/product\/2063","targetHints":{"allow":["GET"]}}],"collection":[{"href":"http:\/\/blauwfashion.com\/pl\/wp-json\/wp\/v2\/product"}],"about":[{"href":"http:\/\/blauwfashion.com\/pl\/wp-json\/wp\/v2\/types\/product"}],"replies":[{"embeddable":true,"href":"http:\/\/blauwfashion.com\/pl\/wp-json\/wp\/v2\/comments?post=2063"}],"wp:featuredmedia":[{"embeddable":true,"href":"http:\/\/blauwfashion.com\/pl\/wp-json\/wp\/v2\/media\/2064"}],"wp:attachment":[{"href":"http:\/\/blauwfashion.com\/pl\/wp-json\/wp\/v2\/media?parent=2063"}],"wp:term":[{"taxonomy":"product_brand","embeddable":true,"href":"http:\/\/blauwfashion.com\/pl\/wp-json\/wp\/v2\/product_brand?post=2063"},{"taxonomy":"product_cat","embeddable":true,"href":"http:\/\/blauwfashion.com\/pl\/wp-json\/wp\/v2\/product_cat?post=2063"},{"taxonomy":"product_tag","embeddable":true,"href":"http:\/\/blauwfashion.com\/pl\/wp-json\/wp\/v2\/product_tag?post=2063"}],"curies":[{"name":"wp","href":"https:\/\/api.w.org\/{rel}","templated":true}]}}